{"id":4817,"date":"2021-01-11T09:28:54","date_gmt":"2021-01-11T08:28:54","guid":{"rendered":"https:\/\/creman.com\/inkasso-ausland\/"},"modified":"2021-01-15T10:22:55","modified_gmt":"2021-01-15T09:22:55","slug":"inkasso-ausland","status":"publish","type":"page","link":"https:\/\/creman.com\/de\/inkasso-ausland\/","title":{"rendered":"Inkasso Ausland"},"content":{"rendered":"\n<style type=\"text\/css\" data-created_by=\"avia_inline_auto\" id=\"style-css-av-k8g4eg40-a2e0bb1b26fb27534e101ccd73616383\">\n.avia-section.av-k8g4eg40-a2e0bb1b26fb27534e101ccd73616383 .av-parallax .av-parallax-inner{\nbackground-repeat:no-repeat;\nbackground-image:url(https:\/\/creman.com\/wp-content\/uploads\/2020\/02\/allie-smith-GvhFKF3Rrwo-unsplash-1-1.jpg);\nbackground-position:50% 50%;\nbackground-attachment:scroll;\n}\n.avia-section.av-k8g4eg40-a2e0bb1b26fb27534e101ccd73616383 .av-section-color-overlay{\nopacity:0.5;\nbackground-color:#000000;\n}\n<\/style>\n<div id='av_section_1'  class='avia-section av-k8g4eg40-a2e0bb1b26fb27534e101ccd73616383 main_color avia-section-default avia-no-border-styling  avia-builder-el-0  el_before_av_section  avia-builder-el-first  avia-full-stretch av-parallax-section avia-bg-style-parallax av-section-color-overlay-active av-minimum-height av-minimum-height-custom av-height-custom  container_wrap fullsize'  data-section-bg-repeat='stretch' data-av_minimum_height_px='420'><div class='av-parallax' data-avia-parallax-ratio='0.3' ><div class='av-parallax-inner main_color avia-full-stretch'><\/div><\/div><div class=\"av-section-color-overlay-wrap\"><div class=\"av-section-color-overlay\"><\/div><div class='container av-section-cont-open' style='height:420px'><main  role=\"main\" itemprop=\"mainContentOfPage\"  class='template-page content  av-content-full alpha units'><div class='post-entry post-entry-type-page post-entry-4817'><div class='entry-content-wrapper clearfix'>\n\n<style type=\"text\/css\" data-created_by=\"avia_inline_auto\" id=\"style-css-av-gjgos-c22fc7c503a99630f5fdfb36e1a90600\">\n.flex_column.av-gjgos-c22fc7c503a99630f5fdfb36e1a90600{\nborder-radius:0px 0px 0px 0px;\npadding:0px 0px 0px 0px;\n}\n<\/style>\n<div  class='flex_column av-gjgos-c22fc7c503a99630f5fdfb36e1a90600 av_one_full  avia-builder-el-1  avia-builder-el-no-sibling  first flex_column_div av-zero-column-padding  '     ><style type=\"text\/css\" data-created_by=\"avia_inline_auto\" id=\"style-css-av-k8g4eo2d-9bbeb14c3bb6eb0b66dd2532d08be103\">\n#top .av_textblock_section.av-k8g4eo2d-9bbeb14c3bb6eb0b66dd2532d08be103 .avia_textblock{\ncolor:#ffffff;\n}\n<\/style>\n<section  class='av_textblock_section av-k8g4eo2d-9bbeb14c3bb6eb0b66dd2532d08be103 '   itemscope=\"itemscope\" itemtype=\"https:\/\/schema.org\/CreativeWork\" ><div class='avia_textblock av_inherit_color'  itemprop=\"text\" ><h1 class=\"uppercase\" style=\"text-align: center;\"><strong>INKASSO AUSLAND<\/strong><\/h1>\n<\/div><\/section><\/div>\n\n<\/div><\/div><\/main><!-- close content main element --><\/div><\/div><\/div><div id='av_section_2'  class='avia-section av-1clmub-559cf39de20ab122af94b710026ed770 main_color avia-section-default avia-no-border-styling  avia-builder-el-3  el_after_av_section  el_before_av_section  avia-bg-style-scroll container_wrap fullsize'  ><div class='container av-section-cont-open' ><div class='template-page content  av-content-full alpha units'><div class='post-entry post-entry-type-page post-entry-4817'><div class='entry-content-wrapper clearfix'>\n\n<style type=\"text\/css\" data-created_by=\"avia_inline_auto\" id=\"style-css-av-13xml7-b863cb062f5315f8da9810aecbdefe34\">\n.flex_column.av-13xml7-b863cb062f5315f8da9810aecbdefe34{\nborder-radius:0px 0px 0px 0px;\npadding:0px 0px 0px 0px;\n}\n<\/style>\n<div  class='flex_column av-13xml7-b863cb062f5315f8da9810aecbdefe34 av_one_full  avia-builder-el-4  avia-builder-el-no-sibling  first flex_column_div av-zero-column-padding  '     ><section  class='av_textblock_section av-k8h0n2p2-22c4fe10b134bf9f1fe76505a1441fb0 '   itemscope=\"itemscope\" itemtype=\"https:\/\/schema.org\/CreativeWork\" ><div class='avia_textblock'  itemprop=\"text\" ><p style=\"text-align: center;\">CreMan kann Sie beim Inkasso f\u00fcr Ihre ausl\u00e4ndischen Debitoren unterst\u00fctzen.<\/p>\n<p style=\"text-align: center;\">Dank unserer langj\u00e4hrigen internationalen Inkasso-Erfahrung sind wir in der Lage, f\u00fcr jedes Land das am besten geeignete Inkassoverfahren und, sofern erforderlich, den ausl\u00e4ndischen Inkassopartner auszuw\u00e4hlen.<\/p>\n<p style=\"text-align: center;\">Uns steht ein umfangreiches Netzwerk mit Anw\u00e4lten, Gerichtsvollziehern und Spezialisten zur Verf\u00fcgung, sodass optimale Ergebnisse erzielt werden k\u00f6nnen. Selbstverst\u00e4ndlich bleiben wir Ihre Ansprechpartner und wird der gesamte Ablauf von uns koordiniert.<\/p>\n<p style=\"text-align: center;\">Abh\u00e4ngig von der Situation und der H\u00f6he der Forderung wird dann gepr\u00fcft, ob es sinnvoll ist, ein gerichtliches Verfahren einzuleiten. Die diesbez\u00fcglichen Kosten und Konditionen variieren von Land zu Land und werden Ihnen in jedem Fall vorab mitgeteilt. Ohne Ihre ausdr\u00fcckliche Zustimmung wird niemals ein Verfahren eingeleitet und entstehen keine Kosten f\u00fcr Sie.<\/p>\n<\/div><\/section><\/div>\n\n<\/div><\/div><\/div><!-- close content main div --><\/div><\/div>\n<style type=\"text\/css\" data-created_by=\"avia_inline_auto\" id=\"style-css-av-k8h0nuur-c7d2156c7903e3a143a2b0e15e8dfbf5\">\n.avia-section.av-k8h0nuur-c7d2156c7903e3a143a2b0e15e8dfbf5{\nbackground-color:#f1f1f1;\nbackground-image:unset;\n}\n<\/style>\n<div id='av_section_3'  class='avia-section av-k8h0nuur-c7d2156c7903e3a143a2b0e15e8dfbf5 main_color avia-section-default avia-no-border-styling  avia-builder-el-6  el_after_av_section  avia-builder-el-last  avia-bg-style-scroll container_wrap fullsize'  ><div class='container av-section-cont-open' ><div class='template-page content  av-content-full alpha units'><div class='post-entry post-entry-type-page post-entry-4817'><div class='entry-content-wrapper clearfix'>\n\n<style type=\"text\/css\" data-created_by=\"avia_inline_auto\" id=\"style-css-av-uj66b-c50081cf9499bf365fd33fdfb247e3cd\">\n.flex_column.av-uj66b-c50081cf9499bf365fd33fdfb247e3cd{\nborder-radius:0px 0px 0px 0px;\npadding:0px 0px 0px 0px;\n}\n<\/style>\n<div  class='flex_column av-uj66b-c50081cf9499bf365fd33fdfb247e3cd av_one_full  avia-builder-el-7  el_before_av_table  avia-builder-el-first  first flex_column_div av-zero-column-padding  '     ><section  class='av_textblock_section av-k8h0n2p2-22c4fe10b134bf9f1fe76505a1441fb0 '   itemscope=\"itemscope\" itemtype=\"https:\/\/schema.org\/CreativeWork\" ><div class='avia_textblock'  itemprop=\"text\" ><h2 style=\"text-align: center;\"><strong>Einziehungsgeb\u00fchr f\u00fcr den Inkasso-Betrag<\/strong><\/h2>\n<\/div><\/section><\/div><div class='avia-data-table-wrap av-2rk2yr-43fef4448dda380ffab1a793c1be0927 avia_responsive_table avia-table-1'><table  class='avia-table avia-data-table avia_pricing_default  avia-builder-el-9  el_after_av_one_full  el_before_av_button '  itemscope=\"itemscope\" itemtype=\"https:\/\/schema.org\/Table\" ><tbody><tr class=''><td class=''><b>Central Europe<\/b><\/td><td class='avia-center-col'>20%<\/td><td class=''>Lithuania<\/td><td class='avia-center-col'>20%<\/td><\/tr><tr class=''><td class=''>Germany<\/td><td class='avia-center-col'>15%<\/td><td class=''><b>North-East Europe<\/b><\/td><td class='avia-center-col'>20%<\/td><\/tr><tr class=''><td class=''>Austria<\/td><td class='avia-center-col'>15%<\/td><td class=''><b>Western Europe<\/b><\/td><td class='avia-center-col'>15%<\/td><\/tr><tr class=''><td class=''>Swiss<\/td><td class='avia-center-col'>15%<\/td><td class=''><b>South-East Europe<\/b><\/td><td class='avia-center-col'>20%<\/td><\/tr><tr class=''><td class=''><b>North Europe<\/b><\/td><td class='avia-center-col'>15%<\/td><td class=''><b>Southern Europe<\/b><\/td><td class='avia-center-col'>20%<\/td><\/tr><tr class=''><td class=''>Portugal<\/td><td class='avia-center-col'>15%<\/td><td class=''><b>North America<\/b><\/td><td class='avia-center-col'>25%<\/td><\/tr><tr class=''><td class=''>Spain<\/td><td class='avia-center-col'>15%<\/td><td class=''><b>South America<\/b><\/td><td class='avia-center-col'>25%<\/td><\/tr><tr class=''><td class=''><b>North Africa<\/b><\/td><td class='avia-center-col'>25%<\/td><td class=''>United Kingdom<\/td><td class='avia-center-col'>15%<\/td><\/tr><tr class=''><td class=''><b>South Africa<\/b><\/td><td class='avia-center-col'>25%<\/td><td class=''>Ireland<\/td><td class='avia-center-col'>15%<\/td><\/tr><tr class=''><td class=''><b>Asia<\/b><\/td><td class='avia-center-col'>20%<\/td><td class=''>Cyprus<\/td><td class='avia-center-col'>20%<\/td><\/tr><tr class=''><td class=''><b>East Asia<\/b><\/td><td class='avia-center-col'>25%<\/td><td class=''>New Zealand<\/td><td class='avia-center-col'>25%<\/td><\/tr><tr class=''><td class=''><b>South Asia<\/b><\/td><td class='avia-center-col'>25%<\/td><td class=''>Australia<\/td><td class='avia-center-col'>25%<\/td><\/tr><\/tbody><\/table><\/div>\n<div  class='avia-button-wrap av-kh0l2pc0-296b6dd459585621b5e9641104b91b30-wrap avia-button-center  avia-builder-el-10  el_after_av_table  avia-builder-el-last '><a href='https:\/\/creman.com\/wp-content\/uploads\/2020\/11\/CreMan-Information.pdf'  class='avia-button av-kh0l2pc0-296b6dd459585621b5e9641104b91b30 av-link-btn avia-icon_select-no avia-size-medium avia-position-center avia-color-theme-color'  target=\"_blank\"  rel=\"noopener noreferrer\"  aria-label=\"Geb\u00fchrenliste\"><span class='avia_iconbox_title' >Geb\u00fchrenliste<\/span><\/a><\/div>\n\n","protected":false},"excerpt":{"rendered":"","protected":false},"author":5,"featured_media":0,"parent":0,"menu_order":0,"comment_status":"closed","ping_status":"closed","template":"","meta":{"_improvement_type_select":"improve_an_existing","_thumb_yes_seoaic":false,"_frame_yes_seoaic":false,"seoaic_generate_description":"","seoaic_improve_instructions_prompt":"","seoaic_rollback_content_improvement":"","seoaic_idea_thumbnail_generator":"","thumbnail_generated":false,"thumbnail_generate_prompt":"","seoaic_article_description":"","footnotes":""},"class_list":["post-4817","page","type-page","status-publish","hentry"],"yoast_head":"<!-- This site is optimized with the Yoast SEO plugin v27.4 - https:\/\/yoast.com\/product\/yoast-seo-wordpress\/ -->\n<title>Inkasso Ausland - CREMAN | CREDIT MANAGEMENT &amp; INCASSO<\/title>\n<meta name=\"robots\" content=\"index, follow, max-snippet:-1, max-image-preview:large, max-video-preview:-1\" \/>\n<link rel=\"canonical\" href=\"https:\/\/creman.com\/de\/inkasso-ausland\/\" \/>\n<meta property=\"og:locale\" content=\"de_DE\" \/>\n<meta property=\"og:type\" content=\"article\" \/>\n<meta property=\"og:title\" content=\"Inkasso Ausland - CREMAN | CREDIT MANAGEMENT &amp; INCASSO\" \/>\n<meta property=\"og:url\" content=\"https:\/\/creman.com\/de\/inkasso-ausland\/\" \/>\n<meta property=\"og:site_name\" content=\"CREMAN | CREDIT MANAGEMENT &amp; INCASSO\" \/>\n<meta property=\"article:modified_time\" content=\"2021-01-15T09:22:55+00:00\" \/>\n<meta name=\"twitter:card\" content=\"summary_large_image\" \/>\n<meta name=\"twitter:label1\" content=\"Gesch\u00e4tzte Lesezeit\" \/>\n\t<meta name=\"twitter:data1\" content=\"8\u00a0Minuten\" \/>\n<script type=\"application\/ld+json\" class=\"yoast-schema-graph\">{\"@context\":\"https:\\\/\\\/schema.org\",\"@graph\":[{\"@type\":\"WebPage\",\"@id\":\"https:\\\/\\\/creman.com\\\/de\\\/inkasso-ausland\\\/\",\"url\":\"https:\\\/\\\/creman.com\\\/de\\\/inkasso-ausland\\\/\",\"name\":\"Inkasso Ausland - CREMAN | CREDIT MANAGEMENT &amp; INCASSO\",\"isPartOf\":{\"@id\":\"https:\\\/\\\/creman.com\\\/de\\\/#website\"},\"datePublished\":\"2021-01-11T08:28:54+00:00\",\"dateModified\":\"2021-01-15T09:22:55+00:00\",\"breadcrumb\":{\"@id\":\"https:\\\/\\\/creman.com\\\/de\\\/inkasso-ausland\\\/#breadcrumb\"},\"inLanguage\":\"de\",\"potentialAction\":[{\"@type\":\"ReadAction\",\"target\":[\"https:\\\/\\\/creman.com\\\/de\\\/inkasso-ausland\\\/\"]}]},{\"@type\":\"BreadcrumbList\",\"@id\":\"https:\\\/\\\/creman.com\\\/de\\\/inkasso-ausland\\\/#breadcrumb\",\"itemListElement\":[{\"@type\":\"ListItem\",\"position\":1,\"name\":\"Home\",\"item\":\"https:\\\/\\\/creman.com\\\/de\\\/\"},{\"@type\":\"ListItem\",\"position\":2,\"name\":\"Inkasso Ausland\"}]},{\"@type\":\"WebSite\",\"@id\":\"https:\\\/\\\/creman.com\\\/de\\\/#website\",\"url\":\"https:\\\/\\\/creman.com\\\/de\\\/\",\"name\":\"CREMAN | CREDIT MANAGEMENT &amp; INCASSO\",\"description\":\"Incasso, jurridische diensten, debiteurenbeheer\",\"publisher\":{\"@id\":\"https:\\\/\\\/creman.com\\\/de\\\/#organization\"},\"potentialAction\":[{\"@type\":\"SearchAction\",\"target\":{\"@type\":\"EntryPoint\",\"urlTemplate\":\"https:\\\/\\\/creman.com\\\/de\\\/?s={search_term_string}\"},\"query-input\":{\"@type\":\"PropertyValueSpecification\",\"valueRequired\":true,\"valueName\":\"search_term_string\"}}],\"inLanguage\":\"de\"},{\"@type\":\"Organization\",\"@id\":\"https:\\\/\\\/creman.com\\\/de\\\/#organization\",\"name\":\"CreMan B.V.\",\"url\":\"https:\\\/\\\/creman.com\\\/de\\\/\",\"logo\":{\"@type\":\"ImageObject\",\"inLanguage\":\"de\",\"@id\":\"https:\\\/\\\/creman.com\\\/de\\\/#\\\/schema\\\/logo\\\/image\\\/\",\"url\":\"https:\\\/\\\/creman.com\\\/wp-content\\\/uploads\\\/2020\\\/11\\\/CreMan-Logo.png\",\"contentUrl\":\"https:\\\/\\\/creman.com\\\/wp-content\\\/uploads\\\/2020\\\/11\\\/CreMan-Logo.png\",\"width\":300,\"height\":43,\"caption\":\"CreMan B.V.\"},\"image\":{\"@id\":\"https:\\\/\\\/creman.com\\\/de\\\/#\\\/schema\\\/logo\\\/image\\\/\"},\"sameAs\":[\"https:\\\/\\\/www.linkedin.com\\\/company\\\/creman-debt-collection-agency\\\/\"]}]}<\/script>\n<!-- \/ Yoast SEO plugin. -->","yoast_head_json":{"title":"Inkasso Ausland - CREMAN | CREDIT MANAGEMENT &amp; INCASSO","robots":{"index":"index","follow":"follow","max-snippet":"max-snippet:-1","max-image-preview":"max-image-preview:large","max-video-preview":"max-video-preview:-1"},"canonical":"https:\/\/creman.com\/de\/inkasso-ausland\/","og_locale":"de_DE","og_type":"article","og_title":"Inkasso Ausland - CREMAN | CREDIT MANAGEMENT &amp; INCASSO","og_url":"https:\/\/creman.com\/de\/inkasso-ausland\/","og_site_name":"CREMAN | CREDIT MANAGEMENT &amp; INCASSO","article_modified_time":"2021-01-15T09:22:55+00:00","twitter_card":"summary_large_image","twitter_misc":{"Gesch\u00e4tzte Lesezeit":"8\u00a0Minuten"},"schema":{"@context":"https:\/\/schema.org","@graph":[{"@type":"WebPage","@id":"https:\/\/creman.com\/de\/inkasso-ausland\/","url":"https:\/\/creman.com\/de\/inkasso-ausland\/","name":"Inkasso Ausland - CREMAN | CREDIT MANAGEMENT &amp; INCASSO","isPartOf":{"@id":"https:\/\/creman.com\/de\/#website"},"datePublished":"2021-01-11T08:28:54+00:00","dateModified":"2021-01-15T09:22:55+00:00","breadcrumb":{"@id":"https:\/\/creman.com\/de\/inkasso-ausland\/#breadcrumb"},"inLanguage":"de","potentialAction":[{"@type":"ReadAction","target":["https:\/\/creman.com\/de\/inkasso-ausland\/"]}]},{"@type":"BreadcrumbList","@id":"https:\/\/creman.com\/de\/inkasso-ausland\/#breadcrumb","itemListElement":[{"@type":"ListItem","position":1,"name":"Home","item":"https:\/\/creman.com\/de\/"},{"@type":"ListItem","position":2,"name":"Inkasso Ausland"}]},{"@type":"WebSite","@id":"https:\/\/creman.com\/de\/#website","url":"https:\/\/creman.com\/de\/","name":"CREMAN | CREDIT MANAGEMENT &amp; INCASSO","description":"Incasso, jurridische diensten, debiteurenbeheer","publisher":{"@id":"https:\/\/creman.com\/de\/#organization"},"potentialAction":[{"@type":"SearchAction","target":{"@type":"EntryPoint","urlTemplate":"https:\/\/creman.com\/de\/?s={search_term_string}"},"query-input":{"@type":"PropertyValueSpecification","valueRequired":true,"valueName":"search_term_string"}}],"inLanguage":"de"},{"@type":"Organization","@id":"https:\/\/creman.com\/de\/#organization","name":"CreMan B.V.","url":"https:\/\/creman.com\/de\/","logo":{"@type":"ImageObject","inLanguage":"de","@id":"https:\/\/creman.com\/de\/#\/schema\/logo\/image\/","url":"https:\/\/creman.com\/wp-content\/uploads\/2020\/11\/CreMan-Logo.png","contentUrl":"https:\/\/creman.com\/wp-content\/uploads\/2020\/11\/CreMan-Logo.png","width":300,"height":43,"caption":"CreMan B.V."},"image":{"@id":"https:\/\/creman.com\/de\/#\/schema\/logo\/image\/"},"sameAs":["https:\/\/www.linkedin.com\/company\/creman-debt-collection-agency\/"]}]}},"_links":{"self":[{"href":"https:\/\/creman.com\/de\/wp-json\/wp\/v2\/pages\/4817","targetHints":{"allow":["GET"]}}],"collection":[{"href":"https:\/\/creman.com\/de\/wp-json\/wp\/v2\/pages"}],"about":[{"href":"https:\/\/creman.com\/de\/wp-json\/wp\/v2\/types\/page"}],"author":[{"embeddable":true,"href":"https:\/\/creman.com\/de\/wp-json\/wp\/v2\/users\/5"}],"replies":[{"embeddable":true,"href":"https:\/\/creman.com\/de\/wp-json\/wp\/v2\/comments?post=4817"}],"version-history":[{"count":6,"href":"https:\/\/creman.com\/de\/wp-json\/wp\/v2\/pages\/4817\/revisions"}],"predecessor-version":[{"id":5222,"href":"https:\/\/creman.com\/de\/wp-json\/wp\/v2\/pages\/4817\/revisions\/5222"}],"wp:attachment":[{"href":"https:\/\/creman.com\/de\/wp-json\/wp\/v2\/media?parent=4817"}],"curies":[{"name":"wp","href":"https:\/\/api.w.org\/{rel}","templated":true}]}}