{"id":4822,"date":"2021-01-11T09:50:01","date_gmt":"2021-01-11T08:50:01","guid":{"rendered":"https:\/\/creman.com\/inkasso-inland\/"},"modified":"2021-01-18T12:06:48","modified_gmt":"2021-01-18T11:06:48","slug":"inkasso-inland","status":"publish","type":"page","link":"https:\/\/creman.com\/de\/inkasso-inland\/","title":{"rendered":"Inkasso Inland"},"content":{"rendered":"\n<style type=\"text\/css\" data-created_by=\"avia_inline_auto\" id=\"style-css-av-k8g4eg40-c09313523f2159d2fe0af08bc0a6cbb7\">\n.avia-section.av-k8g4eg40-c09313523f2159d2fe0af08bc0a6cbb7 .av-section-color-overlay{\nopacity:0.5;\nbackground-color:#000000;\n}\n<\/style>\n<div id='av_section_1'  class='avia-section av-k8g4eg40-c09313523f2159d2fe0af08bc0a6cbb7 main_color avia-section-default avia-no-border-styling  avia-builder-el-0  el_before_av_section  avia-builder-el-first  avia-bg-style-parallax av-section-color-overlay-active av-minimum-height av-minimum-height-custom av-height-custom  container_wrap fullsize'   data-av_minimum_height_px='350'><div class=\"av-section-color-overlay-wrap\"><div class=\"av-section-color-overlay\"><\/div><div class='container av-section-cont-open' style='height:350px'><main  role=\"main\" itemprop=\"mainContentOfPage\"  class='template-page content  av-content-full alpha units'><div class='post-entry post-entry-type-page post-entry-4822'><div class='entry-content-wrapper clearfix'>\n\n<style type=\"text\/css\" data-created_by=\"avia_inline_auto\" id=\"style-css-av-gjgos-c22fc7c503a99630f5fdfb36e1a90600\">\n.flex_column.av-gjgos-c22fc7c503a99630f5fdfb36e1a90600{\nborder-radius:0px 0px 0px 0px;\npadding:0px 0px 0px 0px;\n}\n<\/style>\n<div  class='flex_column av-gjgos-c22fc7c503a99630f5fdfb36e1a90600 av_one_full  avia-builder-el-1  avia-builder-el-no-sibling  first flex_column_div av-zero-column-padding  '     ><style type=\"text\/css\" data-created_by=\"avia_inline_auto\" id=\"style-css-av-k8g4eo2d-9bbeb14c3bb6eb0b66dd2532d08be103\">\n#top .av_textblock_section.av-k8g4eo2d-9bbeb14c3bb6eb0b66dd2532d08be103 .avia_textblock{\ncolor:#ffffff;\n}\n<\/style>\n<section  class='av_textblock_section av-k8g4eo2d-9bbeb14c3bb6eb0b66dd2532d08be103 '   itemscope=\"itemscope\" itemtype=\"https:\/\/schema.org\/CreativeWork\" ><div class='avia_textblock av_inherit_color'  itemprop=\"text\" ><h1 class=\"uppercase\" style=\"text-align: center;\"><strong>INKASSO INLAND<\/strong><\/h1>\n<\/div><\/section><\/div>\n\n<\/div><\/div><\/main><!-- close content main element --><\/div><\/div><\/div><div id='av_section_2'  class='avia-section av-dw0qc-fa154aa0f89278495f586afde440b2a0 main_color avia-section-default avia-no-border-styling  avia-builder-el-3  el_after_av_section  avia-builder-el-last  avia-bg-style-scroll container_wrap fullsize'  ><div class='container av-section-cont-open' ><div class='template-page content  av-content-full alpha units'><div class='post-entry post-entry-type-page post-entry-4822'><div class='entry-content-wrapper clearfix'>\n<div class='flex_column_table av-k8g4fm8b-724d985c78762d8daf07467a48e6b538 sc-av_one_third av-equal-height-column-flextable'>\n<style type=\"text\/css\" data-created_by=\"avia_inline_auto\" id=\"style-css-av-k8g4fm8b-724d985c78762d8daf07467a48e6b538\">\n.flex_column.av-k8g4fm8b-724d985c78762d8daf07467a48e6b538{\nborder-radius:0px 0px 0px 0px;\npadding:0px 0px 0px 0px;\n}\n<\/style>\n<div  class='flex_column av-k8g4fm8b-724d985c78762d8daf07467a48e6b538 av_one_third  avia-builder-el-4  el_before_av_two_third  avia-builder-el-first  first no_margin flex_column_table_cell av-equal-height-column av-align-middle av-zero-column-padding  '     ><section  class='av_textblock_section av-k8g4fgtj-b54f48856c94f4d7da769c49e72ef0c0 '   itemscope=\"itemscope\" itemtype=\"https:\/\/schema.org\/CreativeWork\" ><div class='avia_textblock'  itemprop=\"text\" ><h1>NO CURE,<br \/>\nNO PAY<\/h1>\n<\/div><\/section><\/div>\n<style type=\"text\/css\" data-created_by=\"avia_inline_auto\" id=\"style-css-av-a83i4-aa1e7ce3a2bb70d39207ef30c7f0e685\">\n.flex_column.av-a83i4-aa1e7ce3a2bb70d39207ef30c7f0e685{\nborder-radius:0px 0px 0px 0px;\npadding:0px 0px 0px 0px;\n}\n<\/style>\n<div  class='flex_column av-a83i4-aa1e7ce3a2bb70d39207ef30c7f0e685 av_two_third  avia-builder-el-6  el_after_av_one_third  avia-builder-el-last  no_margin flex_column_table_cell av-equal-height-column av-align-middle av-zero-column-padding  '     ><p><section  class='av_textblock_section av-bglcs-6df4db4de7224f8c25ffc7fdc112b527 '   itemscope=\"itemscope\" itemtype=\"https:\/\/schema.org\/CreativeWork\" ><div class='avia_textblock'  itemprop=\"text\" ><p>CreMan liefert ma\u00dfgeschneiderte L\u00f6sungen f\u00fcr jeden Inkasso-Auftrag, wobei wir immer versuchen werden, den Gang zum Gericht zu vermeiden. Als erfahrener Partner mit hochqualifizierten Mitarbeitern in Sachen Inkasso legen wir die beste Vorgehensweise fest, wie das Inkasso vorgenommen werden kann. Wir passen unsere Taktik unter Beibehaltung Ihrer Kundenbeziehung, Ihres Firmenimages und der Situation Ihrer Debitoren an.<br \/>\nNeue Auftr\u00e4ge k\u00f6nnen ganz einfach \u00fcber unsere Website erteilt werden; innerhalb eines Arbeitstages machen wir uns dann f\u00fcr Sie an die Arbeit. CreMan gew\u00e4hrleistet Folgendes:<\/p>\n<ul>\n<li>Eine schnelle, zuverl\u00e4ssige und ergebnisorientierte Vorgehensweise;<\/li>\n<li>Eine kurze Durchlaufzeit;<\/li>\n<li>Transparenz bez\u00fcglich unserer Arbeitsweise und unseren Tarifen;<\/li>\n<li>Internet-Einsicht rund um die Uhr in Ihre Dossiers;<\/li>\n<li>Direkte Kommunikationsverbindungen und feste Ansprechpartner;<\/li>\n<\/ul>\n<p>Sind Sie auf der Suche nach substanzielleren Informationen \u00fcber unsere Arbeitsweise und Konditionen? Oder m\u00f6chten Sie eine unverbindliche Beratung Richten Sie einfach Ihre Frage an uns. Innerhalb eines Arbeitstages setzen wir uns mit Ihnen in Verbindung.<\/p>\n<\/div><\/section><br \/>\n<div  class='avia-button-wrap av-k8g4gg7w-630a4b95f15bce38246f3afde43b4598-wrap avia-button-left  avia-builder-el-8  el_after_av_textblock  avia-builder-el-last '><a href='https:\/\/creman.com\/wp-content\/uploads\/2020\/11\/CreMan-Information.pdf'  class='avia-button av-k8g4gg7w-630a4b95f15bce38246f3afde43b4598 av-link-btn avia-icon_select-no avia-size-medium avia-position-left avia-color-theme-color'  target=\"_blank\"  rel=\"noopener noreferrer\"  aria-label=\"Geb\u00fchrenliste\"><span class='avia_iconbox_title' >Geb\u00fchrenliste<\/span><\/a><\/div><\/p><\/div><\/div><!--close column table wrapper. Autoclose: 1 -->\n","protected":false},"excerpt":{"rendered":"","protected":false},"author":5,"featured_media":0,"parent":0,"menu_order":0,"comment_status":"closed","ping_status":"closed","template":"","meta":{"_improvement_type_select":"improve_an_existing","_thumb_yes_seoaic":false,"_frame_yes_seoaic":false,"seoaic_generate_description":"","seoaic_improve_instructions_prompt":"","seoaic_rollback_content_improvement":"","seoaic_idea_thumbnail_generator":"","thumbnail_generated":false,"thumbnail_generate_prompt":"","seoaic_article_description":"","footnotes":""},"class_list":["post-4822","page","type-page","status-publish","hentry"],"yoast_head":"<!-- This site is optimized with the Yoast SEO plugin v27.4 - https:\/\/yoast.com\/product\/yoast-seo-wordpress\/ -->\n<title>Inkasso Inland - CREMAN | CREDIT MANAGEMENT &amp; INCASSO<\/title>\n<meta name=\"robots\" content=\"index, follow, max-snippet:-1, max-image-preview:large, max-video-preview:-1\" \/>\n<link rel=\"canonical\" href=\"https:\/\/creman.com\/de\/inkasso-inland\/\" \/>\n<meta property=\"og:locale\" content=\"de_DE\" \/>\n<meta property=\"og:type\" content=\"article\" \/>\n<meta property=\"og:title\" content=\"Inkasso Inland - CREMAN | CREDIT MANAGEMENT &amp; INCASSO\" \/>\n<meta property=\"og:url\" content=\"https:\/\/creman.com\/de\/inkasso-inland\/\" \/>\n<meta property=\"og:site_name\" content=\"CREMAN | CREDIT MANAGEMENT &amp; INCASSO\" \/>\n<meta property=\"article:modified_time\" content=\"2021-01-18T11:06:48+00:00\" \/>\n<meta name=\"twitter:card\" content=\"summary_large_image\" \/>\n<meta name=\"twitter:label1\" content=\"Gesch\u00e4tzte Lesezeit\" \/>\n\t<meta name=\"twitter:data1\" content=\"5\u00a0Minuten\" \/>\n<script type=\"application\/ld+json\" class=\"yoast-schema-graph\">{\"@context\":\"https:\\\/\\\/schema.org\",\"@graph\":[{\"@type\":\"WebPage\",\"@id\":\"https:\\\/\\\/creman.com\\\/de\\\/inkasso-inland\\\/\",\"url\":\"https:\\\/\\\/creman.com\\\/de\\\/inkasso-inland\\\/\",\"name\":\"Inkasso Inland - CREMAN | CREDIT MANAGEMENT &amp; INCASSO\",\"isPartOf\":{\"@id\":\"https:\\\/\\\/creman.com\\\/de\\\/#website\"},\"datePublished\":\"2021-01-11T08:50:01+00:00\",\"dateModified\":\"2021-01-18T11:06:48+00:00\",\"breadcrumb\":{\"@id\":\"https:\\\/\\\/creman.com\\\/de\\\/inkasso-inland\\\/#breadcrumb\"},\"inLanguage\":\"de\",\"potentialAction\":[{\"@type\":\"ReadAction\",\"target\":[\"https:\\\/\\\/creman.com\\\/de\\\/inkasso-inland\\\/\"]}]},{\"@type\":\"BreadcrumbList\",\"@id\":\"https:\\\/\\\/creman.com\\\/de\\\/inkasso-inland\\\/#breadcrumb\",\"itemListElement\":[{\"@type\":\"ListItem\",\"position\":1,\"name\":\"Home\",\"item\":\"https:\\\/\\\/creman.com\\\/de\\\/\"},{\"@type\":\"ListItem\",\"position\":2,\"name\":\"Inkasso Inland\"}]},{\"@type\":\"WebSite\",\"@id\":\"https:\\\/\\\/creman.com\\\/de\\\/#website\",\"url\":\"https:\\\/\\\/creman.com\\\/de\\\/\",\"name\":\"CREMAN | CREDIT MANAGEMENT &amp; INCASSO\",\"description\":\"Incasso, jurridische diensten, debiteurenbeheer\",\"publisher\":{\"@id\":\"https:\\\/\\\/creman.com\\\/de\\\/#organization\"},\"potentialAction\":[{\"@type\":\"SearchAction\",\"target\":{\"@type\":\"EntryPoint\",\"urlTemplate\":\"https:\\\/\\\/creman.com\\\/de\\\/?s={search_term_string}\"},\"query-input\":{\"@type\":\"PropertyValueSpecification\",\"valueRequired\":true,\"valueName\":\"search_term_string\"}}],\"inLanguage\":\"de\"},{\"@type\":\"Organization\",\"@id\":\"https:\\\/\\\/creman.com\\\/de\\\/#organization\",\"name\":\"CreMan B.V.\",\"url\":\"https:\\\/\\\/creman.com\\\/de\\\/\",\"logo\":{\"@type\":\"ImageObject\",\"inLanguage\":\"de\",\"@id\":\"https:\\\/\\\/creman.com\\\/de\\\/#\\\/schema\\\/logo\\\/image\\\/\",\"url\":\"https:\\\/\\\/creman.com\\\/wp-content\\\/uploads\\\/2020\\\/11\\\/CreMan-Logo.png\",\"contentUrl\":\"https:\\\/\\\/creman.com\\\/wp-content\\\/uploads\\\/2020\\\/11\\\/CreMan-Logo.png\",\"width\":300,\"height\":43,\"caption\":\"CreMan B.V.\"},\"image\":{\"@id\":\"https:\\\/\\\/creman.com\\\/de\\\/#\\\/schema\\\/logo\\\/image\\\/\"},\"sameAs\":[\"https:\\\/\\\/www.linkedin.com\\\/company\\\/creman-debt-collection-agency\\\/\"]}]}<\/script>\n<!-- \/ Yoast SEO plugin. -->","yoast_head_json":{"title":"Inkasso Inland - CREMAN | CREDIT MANAGEMENT &amp; INCASSO","robots":{"index":"index","follow":"follow","max-snippet":"max-snippet:-1","max-image-preview":"max-image-preview:large","max-video-preview":"max-video-preview:-1"},"canonical":"https:\/\/creman.com\/de\/inkasso-inland\/","og_locale":"de_DE","og_type":"article","og_title":"Inkasso Inland - CREMAN | CREDIT MANAGEMENT &amp; INCASSO","og_url":"https:\/\/creman.com\/de\/inkasso-inland\/","og_site_name":"CREMAN | CREDIT MANAGEMENT &amp; INCASSO","article_modified_time":"2021-01-18T11:06:48+00:00","twitter_card":"summary_large_image","twitter_misc":{"Gesch\u00e4tzte Lesezeit":"5\u00a0Minuten"},"schema":{"@context":"https:\/\/schema.org","@graph":[{"@type":"WebPage","@id":"https:\/\/creman.com\/de\/inkasso-inland\/","url":"https:\/\/creman.com\/de\/inkasso-inland\/","name":"Inkasso Inland - CREMAN | CREDIT MANAGEMENT &amp; INCASSO","isPartOf":{"@id":"https:\/\/creman.com\/de\/#website"},"datePublished":"2021-01-11T08:50:01+00:00","dateModified":"2021-01-18T11:06:48+00:00","breadcrumb":{"@id":"https:\/\/creman.com\/de\/inkasso-inland\/#breadcrumb"},"inLanguage":"de","potentialAction":[{"@type":"ReadAction","target":["https:\/\/creman.com\/de\/inkasso-inland\/"]}]},{"@type":"BreadcrumbList","@id":"https:\/\/creman.com\/de\/inkasso-inland\/#breadcrumb","itemListElement":[{"@type":"ListItem","position":1,"name":"Home","item":"https:\/\/creman.com\/de\/"},{"@type":"ListItem","position":2,"name":"Inkasso Inland"}]},{"@type":"WebSite","@id":"https:\/\/creman.com\/de\/#website","url":"https:\/\/creman.com\/de\/","name":"CREMAN | CREDIT MANAGEMENT &amp; INCASSO","description":"Incasso, jurridische diensten, debiteurenbeheer","publisher":{"@id":"https:\/\/creman.com\/de\/#organization"},"potentialAction":[{"@type":"SearchAction","target":{"@type":"EntryPoint","urlTemplate":"https:\/\/creman.com\/de\/?s={search_term_string}"},"query-input":{"@type":"PropertyValueSpecification","valueRequired":true,"valueName":"search_term_string"}}],"inLanguage":"de"},{"@type":"Organization","@id":"https:\/\/creman.com\/de\/#organization","name":"CreMan B.V.","url":"https:\/\/creman.com\/de\/","logo":{"@type":"ImageObject","inLanguage":"de","@id":"https:\/\/creman.com\/de\/#\/schema\/logo\/image\/","url":"https:\/\/creman.com\/wp-content\/uploads\/2020\/11\/CreMan-Logo.png","contentUrl":"https:\/\/creman.com\/wp-content\/uploads\/2020\/11\/CreMan-Logo.png","width":300,"height":43,"caption":"CreMan B.V."},"image":{"@id":"https:\/\/creman.com\/de\/#\/schema\/logo\/image\/"},"sameAs":["https:\/\/www.linkedin.com\/company\/creman-debt-collection-agency\/"]}]}},"_links":{"self":[{"href":"https:\/\/creman.com\/de\/wp-json\/wp\/v2\/pages\/4822","targetHints":{"allow":["GET"]}}],"collection":[{"href":"https:\/\/creman.com\/de\/wp-json\/wp\/v2\/pages"}],"about":[{"href":"https:\/\/creman.com\/de\/wp-json\/wp\/v2\/types\/page"}],"author":[{"embeddable":true,"href":"https:\/\/creman.com\/de\/wp-json\/wp\/v2\/users\/5"}],"replies":[{"embeddable":true,"href":"https:\/\/creman.com\/de\/wp-json\/wp\/v2\/comments?post=4822"}],"version-history":[{"count":5,"href":"https:\/\/creman.com\/de\/wp-json\/wp\/v2\/pages\/4822\/revisions"}],"predecessor-version":[{"id":5236,"href":"https:\/\/creman.com\/de\/wp-json\/wp\/v2\/pages\/4822\/revisions\/5236"}],"wp:attachment":[{"href":"https:\/\/creman.com\/de\/wp-json\/wp\/v2\/media?parent=4822"}],"curies":[{"name":"wp","href":"https:\/\/api.w.org\/{rel}","templated":true}]}}