{"id":4965,"date":"2021-01-13T10:44:14","date_gmt":"2021-01-13T09:44:14","guid":{"rendered":"https:\/\/creman.com\/gerichtsverfahren\/"},"modified":"2021-01-13T10:44:14","modified_gmt":"2021-01-13T09:44:14","slug":"gerichtsverfahren","status":"publish","type":"page","link":"https:\/\/creman.com\/de\/gerichtsverfahren\/","title":{"rendered":"Gerichtsverfahren"},"content":{"rendered":"\n<style type=\"text\/css\" data-created_by=\"avia_inline_auto\" id=\"style-css-av-k8g4eg40-342951ddb05ba86fb05c65669789d6a6\">\n.avia-section.av-k8g4eg40-342951ddb05ba86fb05c65669789d6a6 .av-section-color-overlay{\nopacity:0.5;\nbackground-color:#000000;\n}\n<\/style>\n<div id='av_section_1'  class='avia-section av-k8g4eg40-342951ddb05ba86fb05c65669789d6a6 main_color avia-section-default avia-no-border-styling  avia-builder-el-0  el_before_av_section  avia-builder-el-first  avia-bg-style-parallax av-section-color-overlay-active av-minimum-height av-minimum-height-custom av-height-custom  container_wrap fullsize'   data-av_minimum_height_px='350'><div class=\"av-section-color-overlay-wrap\"><div class=\"av-section-color-overlay\"><\/div><div class='container av-section-cont-open' style='height:350px'><main  role=\"main\" itemprop=\"mainContentOfPage\"  class='template-page content  av-content-full alpha units'><div class='post-entry post-entry-type-page post-entry-4965'><div class='entry-content-wrapper clearfix'>\n\n<style type=\"text\/css\" data-created_by=\"avia_inline_auto\" id=\"style-css-av-gjgos-c22fc7c503a99630f5fdfb36e1a90600\">\n.flex_column.av-gjgos-c22fc7c503a99630f5fdfb36e1a90600{\nborder-radius:0px 0px 0px 0px;\npadding:0px 0px 0px 0px;\n}\n<\/style>\n<div  class='flex_column av-gjgos-c22fc7c503a99630f5fdfb36e1a90600 av_one_full  avia-builder-el-1  avia-builder-el-no-sibling  first flex_column_div av-zero-column-padding  '     ><style type=\"text\/css\" data-created_by=\"avia_inline_auto\" id=\"style-css-av-k8g4eo2d-9bbeb14c3bb6eb0b66dd2532d08be103\">\n#top .av_textblock_section.av-k8g4eo2d-9bbeb14c3bb6eb0b66dd2532d08be103 .avia_textblock{\ncolor:#ffffff;\n}\n<\/style>\n<section  class='av_textblock_section av-k8g4eo2d-9bbeb14c3bb6eb0b66dd2532d08be103 '   itemscope=\"itemscope\" itemtype=\"https:\/\/schema.org\/CreativeWork\" ><div class='avia_textblock av_inherit_color'  itemprop=\"text\" ><h1 class=\"uppercase\" style=\"text-align: center;\"><strong>GERICHTSVERFAHREN<\/strong><\/h1>\n<\/div><\/section><\/div>\n\n<\/div><\/div><\/main><!-- close content main element --><\/div><\/div><\/div><div id='av_section_2'  class='avia-section av-lbc6t-dbe92a595feca5fb695d3486a7e60112 main_color avia-section-default avia-no-border-styling  avia-builder-el-3  el_after_av_section  avia-builder-el-last  avia-bg-style-scroll container_wrap fullsize'  ><div class='container av-section-cont-open' ><div class='template-page content  av-content-full alpha units'><div class='post-entry post-entry-type-page post-entry-4965'><div class='entry-content-wrapper clearfix'>\n\n<style type=\"text\/css\" data-created_by=\"avia_inline_auto\" id=\"style-css-av-9i7el-eec1f4db75b1e246633dd965cb0d54b9\">\n.flex_column.av-9i7el-eec1f4db75b1e246633dd965cb0d54b9{\nborder-radius:0px 0px 0px 0px;\npadding:0px 0px 0px 0px;\n}\n<\/style>\n<div  class='flex_column av-9i7el-eec1f4db75b1e246633dd965cb0d54b9 av_three_fourth  avia-builder-el-4  avia-builder-el-no-sibling  first flex_column_div av-zero-column-padding  '     ><section  class='av_textblock_section av-k8h1469m-b3046552b155139be92f0bf914179598 '   itemscope=\"itemscope\" itemtype=\"https:\/\/schema.org\/CreativeWork\" ><div class='avia_textblock'  itemprop=\"text\" ><p>Sollte trotz des Durchlaufens der verschiedenen Phasen keine Zahlung erfolgt sein, wird die Forderung nach Erhalt Ihrer Genehmigung und unserer Beratung der Rechtsabteilung von CreMan \u00fcbergeben. Die Rechtsanw\u00e4lte von CreMan k\u00fcmmern sich danach um das gesamte Verfahren. Bei F\u00e4llen, f\u00fcr die das Amtsgericht zust\u00e4ndig ist, werden alle Verfahren von uns in eigener Regie gef\u00fchrt.<\/p>\n<p>Wir raten Ihnen immer, zuerst die Rechtsbehelfsm\u00f6glichkeiten zu pr\u00fcfen und dann zu sehen, ob der Rechtsweg sinnvoll ist.<\/p>\n<p>\u00a0Vor jedem Verfahren erhalten Sie von uns einen Antrag.Diese Arbeitsweise gew\u00e4hrleistet, dass Sie bei den Kosten niemals eine unangenehme \u00dcberraschung erleben. Zudem steht uns ein eigener Gerichtsvollzieher zur Verf\u00fcgung.<\/p>\n<p>Auch bei der Vollstreckung des Urteils bleiben wir \u201eam Ball&#8220;. Das tun wir,<\/p>\n<p>indem wir unter anderem dem Gerichtsvollzieher klare Anweisungen erteilen. Immerhin geht es um Ihr Geld und Ihren Kunden; und jeder Schuldner bedarf einer eigenen Vorgehensweise.<\/p>\n<p>M\u00f6chten Sie mehr \u00fcber gerichtliche Inkasso-Verfahren erfahren? Setzen Sie sich dann mit uns in Verbindung &#8211; wir bieten Ihnen gern eine unverbindliche Beratung.<\/p>\n<\/div><\/section><br \/>\n<div  class='avia-button-wrap av-k8h14zhy-93ace37409b601c01e0a22944dfb1f54-wrap avia-button-left  avia-builder-el-6  el_after_av_textblock  avia-builder-el-last '><a href='https:\/\/creman.com\/contact\/'  class='avia-button av-k8h14zhy-93ace37409b601c01e0a22944dfb1f54 av-link-btn avia-icon_select-no avia-size-medium avia-position-left avia-color-theme-color'   aria-label=\"Kontakt\"><span class='avia_iconbox_title' >Kontakt<\/span><\/a><\/div><\/p><\/div>\n","protected":false},"excerpt":{"rendered":"","protected":false},"author":5,"featured_media":0,"parent":0,"menu_order":0,"comment_status":"closed","ping_status":"closed","template":"","meta":{"_improvement_type_select":"improve_an_existing","_thumb_yes_seoaic":false,"_frame_yes_seoaic":false,"seoaic_generate_description":"","seoaic_improve_instructions_prompt":"","seoaic_rollback_content_improvement":"","seoaic_idea_thumbnail_generator":"","thumbnail_generated":false,"thumbnail_generate_prompt":"","seoaic_article_description":"","footnotes":""},"class_list":["post-4965","page","type-page","status-publish","hentry"],"yoast_head":"<!-- This site is optimized with the Yoast SEO plugin v27.5 - https:\/\/yoast.com\/product\/yoast-seo-wordpress\/ -->\n<title>Gerichtsverfahren - CREMAN | CREDIT MANAGEMENT &amp; INCASSO<\/title>\n<meta name=\"robots\" content=\"index, follow, max-snippet:-1, max-image-preview:large, max-video-preview:-1\" \/>\n<link rel=\"canonical\" href=\"https:\/\/creman.com\/de\/gerichtsverfahren\/\" \/>\n<meta property=\"og:locale\" content=\"de_DE\" \/>\n<meta property=\"og:type\" content=\"article\" \/>\n<meta property=\"og:title\" content=\"Gerichtsverfahren - CREMAN | CREDIT MANAGEMENT &amp; INCASSO\" \/>\n<meta property=\"og:url\" content=\"https:\/\/creman.com\/de\/gerichtsverfahren\/\" \/>\n<meta property=\"og:site_name\" content=\"CREMAN | CREDIT MANAGEMENT &amp; INCASSO\" \/>\n<meta name=\"twitter:card\" content=\"summary_large_image\" \/>\n<meta name=\"twitter:label1\" content=\"Gesch\u00e4tzte Lesezeit\" \/>\n\t<meta name=\"twitter:data1\" content=\"4\u00a0Minuten\" \/>\n<script type=\"application\/ld+json\" class=\"yoast-schema-graph\">{\"@context\":\"https:\\\/\\\/schema.org\",\"@graph\":[{\"@type\":\"WebPage\",\"@id\":\"https:\\\/\\\/creman.com\\\/de\\\/gerichtsverfahren\\\/\",\"url\":\"https:\\\/\\\/creman.com\\\/de\\\/gerichtsverfahren\\\/\",\"name\":\"Gerichtsverfahren - CREMAN | CREDIT MANAGEMENT &amp; INCASSO\",\"isPartOf\":{\"@id\":\"https:\\\/\\\/creman.com\\\/de\\\/#website\"},\"datePublished\":\"2021-01-13T09:44:14+00:00\",\"breadcrumb\":{\"@id\":\"https:\\\/\\\/creman.com\\\/de\\\/gerichtsverfahren\\\/#breadcrumb\"},\"inLanguage\":\"de\",\"potentialAction\":[{\"@type\":\"ReadAction\",\"target\":[\"https:\\\/\\\/creman.com\\\/de\\\/gerichtsverfahren\\\/\"]}]},{\"@type\":\"BreadcrumbList\",\"@id\":\"https:\\\/\\\/creman.com\\\/de\\\/gerichtsverfahren\\\/#breadcrumb\",\"itemListElement\":[{\"@type\":\"ListItem\",\"position\":1,\"name\":\"Home\",\"item\":\"https:\\\/\\\/creman.com\\\/de\\\/\"},{\"@type\":\"ListItem\",\"position\":2,\"name\":\"Gerichtsverfahren\"}]},{\"@type\":\"WebSite\",\"@id\":\"https:\\\/\\\/creman.com\\\/de\\\/#website\",\"url\":\"https:\\\/\\\/creman.com\\\/de\\\/\",\"name\":\"CREMAN | CREDIT MANAGEMENT &amp; INCASSO\",\"description\":\"Incasso, jurridische diensten, debiteurenbeheer\",\"publisher\":{\"@id\":\"https:\\\/\\\/creman.com\\\/de\\\/#organization\"},\"potentialAction\":[{\"@type\":\"SearchAction\",\"target\":{\"@type\":\"EntryPoint\",\"urlTemplate\":\"https:\\\/\\\/creman.com\\\/de\\\/?s={search_term_string}\"},\"query-input\":{\"@type\":\"PropertyValueSpecification\",\"valueRequired\":true,\"valueName\":\"search_term_string\"}}],\"inLanguage\":\"de\"},{\"@type\":\"Organization\",\"@id\":\"https:\\\/\\\/creman.com\\\/de\\\/#organization\",\"name\":\"CreMan B.V.\",\"url\":\"https:\\\/\\\/creman.com\\\/de\\\/\",\"logo\":{\"@type\":\"ImageObject\",\"inLanguage\":\"de\",\"@id\":\"https:\\\/\\\/creman.com\\\/de\\\/#\\\/schema\\\/logo\\\/image\\\/\",\"url\":\"https:\\\/\\\/creman.com\\\/wp-content\\\/uploads\\\/2020\\\/11\\\/CreMan-Logo.png\",\"contentUrl\":\"https:\\\/\\\/creman.com\\\/wp-content\\\/uploads\\\/2020\\\/11\\\/CreMan-Logo.png\",\"width\":300,\"height\":43,\"caption\":\"CreMan B.V.\"},\"image\":{\"@id\":\"https:\\\/\\\/creman.com\\\/de\\\/#\\\/schema\\\/logo\\\/image\\\/\"},\"sameAs\":[\"https:\\\/\\\/www.linkedin.com\\\/company\\\/creman-debt-collection-agency\\\/\"]}]}<\/script>\n<!-- \/ Yoast SEO plugin. -->","yoast_head_json":{"title":"Gerichtsverfahren - CREMAN | CREDIT MANAGEMENT &amp; INCASSO","robots":{"index":"index","follow":"follow","max-snippet":"max-snippet:-1","max-image-preview":"max-image-preview:large","max-video-preview":"max-video-preview:-1"},"canonical":"https:\/\/creman.com\/de\/gerichtsverfahren\/","og_locale":"de_DE","og_type":"article","og_title":"Gerichtsverfahren - CREMAN | CREDIT MANAGEMENT &amp; INCASSO","og_url":"https:\/\/creman.com\/de\/gerichtsverfahren\/","og_site_name":"CREMAN | CREDIT MANAGEMENT &amp; INCASSO","twitter_card":"summary_large_image","twitter_misc":{"Gesch\u00e4tzte Lesezeit":"4\u00a0Minuten"},"schema":{"@context":"https:\/\/schema.org","@graph":[{"@type":"WebPage","@id":"https:\/\/creman.com\/de\/gerichtsverfahren\/","url":"https:\/\/creman.com\/de\/gerichtsverfahren\/","name":"Gerichtsverfahren - CREMAN | CREDIT MANAGEMENT &amp; INCASSO","isPartOf":{"@id":"https:\/\/creman.com\/de\/#website"},"datePublished":"2021-01-13T09:44:14+00:00","breadcrumb":{"@id":"https:\/\/creman.com\/de\/gerichtsverfahren\/#breadcrumb"},"inLanguage":"de","potentialAction":[{"@type":"ReadAction","target":["https:\/\/creman.com\/de\/gerichtsverfahren\/"]}]},{"@type":"BreadcrumbList","@id":"https:\/\/creman.com\/de\/gerichtsverfahren\/#breadcrumb","itemListElement":[{"@type":"ListItem","position":1,"name":"Home","item":"https:\/\/creman.com\/de\/"},{"@type":"ListItem","position":2,"name":"Gerichtsverfahren"}]},{"@type":"WebSite","@id":"https:\/\/creman.com\/de\/#website","url":"https:\/\/creman.com\/de\/","name":"CREMAN | CREDIT MANAGEMENT &amp; INCASSO","description":"Incasso, jurridische diensten, debiteurenbeheer","publisher":{"@id":"https:\/\/creman.com\/de\/#organization"},"potentialAction":[{"@type":"SearchAction","target":{"@type":"EntryPoint","urlTemplate":"https:\/\/creman.com\/de\/?s={search_term_string}"},"query-input":{"@type":"PropertyValueSpecification","valueRequired":true,"valueName":"search_term_string"}}],"inLanguage":"de"},{"@type":"Organization","@id":"https:\/\/creman.com\/de\/#organization","name":"CreMan B.V.","url":"https:\/\/creman.com\/de\/","logo":{"@type":"ImageObject","inLanguage":"de","@id":"https:\/\/creman.com\/de\/#\/schema\/logo\/image\/","url":"https:\/\/creman.com\/wp-content\/uploads\/2020\/11\/CreMan-Logo.png","contentUrl":"https:\/\/creman.com\/wp-content\/uploads\/2020\/11\/CreMan-Logo.png","width":300,"height":43,"caption":"CreMan B.V."},"image":{"@id":"https:\/\/creman.com\/de\/#\/schema\/logo\/image\/"},"sameAs":["https:\/\/www.linkedin.com\/company\/creman-debt-collection-agency\/"]}]}},"_links":{"self":[{"href":"https:\/\/creman.com\/de\/wp-json\/wp\/v2\/pages\/4965","targetHints":{"allow":["GET"]}}],"collection":[{"href":"https:\/\/creman.com\/de\/wp-json\/wp\/v2\/pages"}],"about":[{"href":"https:\/\/creman.com\/de\/wp-json\/wp\/v2\/types\/page"}],"author":[{"embeddable":true,"href":"https:\/\/creman.com\/de\/wp-json\/wp\/v2\/users\/5"}],"replies":[{"embeddable":true,"href":"https:\/\/creman.com\/de\/wp-json\/wp\/v2\/comments?post=4965"}],"version-history":[{"count":2,"href":"https:\/\/creman.com\/de\/wp-json\/wp\/v2\/pages\/4965\/revisions"}],"predecessor-version":[{"id":4967,"href":"https:\/\/creman.com\/de\/wp-json\/wp\/v2\/pages\/4965\/revisions\/4967"}],"wp:attachment":[{"href":"https:\/\/creman.com\/de\/wp-json\/wp\/v2\/media?parent=4965"}],"curies":[{"name":"wp","href":"https:\/\/api.w.org\/{rel}","templated":true}]}}