{"id":4968,"date":"2021-01-13T10:54:04","date_gmt":"2021-01-13T09:54:04","guid":{"rendered":"https:\/\/creman.com\/auslagerung-debitoren-verwaltung\/"},"modified":"2021-01-13T12:36:55","modified_gmt":"2021-01-13T11:36:55","slug":"auslagerung-debitoren-verwaltung","status":"publish","type":"page","link":"https:\/\/creman.com\/de\/auslagerung-debitoren-verwaltung","title":{"rendered":"Auslagerung debitoren-verwaltung"},"content":{"rendered":"\n<style type=\"text\/css\" data-created_by=\"avia_inline_auto\" id=\"style-css-av-k8g4eg40-67f709aa3011fbe7c214dfbee2ad541b\">\n.avia-section.av-k8g4eg40-67f709aa3011fbe7c214dfbee2ad541b .av-parallax .av-parallax-inner{\nbackground-repeat:no-repeat;\nbackground-image:url(https:\/\/creman.com\/wp-content\/uploads\/2020\/07\/alice-pasqual-Olki5QpHxts-unsplash.klein_.jpg);\nbackground-position:50% 0%;\nbackground-attachment:scroll;\n}\n.avia-section.av-k8g4eg40-67f709aa3011fbe7c214dfbee2ad541b .av-section-color-overlay{\nopacity:0.5;\nbackground-color:#000000;\n}\n<\/style>\n<div id='av_section_1'  class='avia-section av-k8g4eg40-67f709aa3011fbe7c214dfbee2ad541b main_color avia-section-default avia-no-border-styling  avia-builder-el-0  el_before_av_section  avia-builder-el-first  avia-full-stretch av-parallax-section avia-bg-style-parallax av-section-color-overlay-active av-minimum-height av-minimum-height-custom av-height-custom  container_wrap fullsize'  data-section-bg-repeat='stretch' data-av_minimum_height_px='350'><div class='av-parallax' data-avia-parallax-ratio='0.3' ><div class='av-parallax-inner main_color avia-full-stretch'><\/div><\/div><div class=\"av-section-color-overlay-wrap\"><div class=\"av-section-color-overlay\"><\/div><div class='container av-section-cont-open' style='height:350px'><main  role=\"main\" itemprop=\"mainContentOfPage\"  class='template-page content  av-content-full alpha units'><div class='post-entry post-entry-type-page post-entry-4968'><div class='entry-content-wrapper clearfix'>\r\n\n<style type=\"text\/css\" data-created_by=\"avia_inline_auto\" id=\"style-css-av-gjgos-c22fc7c503a99630f5fdfb36e1a90600\">\n.flex_column.av-gjgos-c22fc7c503a99630f5fdfb36e1a90600{\nborder-radius:0px 0px 0px 0px;\npadding:0px 0px 0px 0px;\n}\n<\/style>\n<div  class='flex_column av-gjgos-c22fc7c503a99630f5fdfb36e1a90600 av_one_full  avia-builder-el-1  avia-builder-el-no-sibling  first flex_column_div av-zero-column-padding  '     ><style type=\"text\/css\" data-created_by=\"avia_inline_auto\" id=\"style-css-av-k8g4eo2d-9bbeb14c3bb6eb0b66dd2532d08be103\">\n#top .av_textblock_section.av-k8g4eo2d-9bbeb14c3bb6eb0b66dd2532d08be103 .avia_textblock{\ncolor:#ffffff;\n}\n<\/style>\n<section  class='av_textblock_section av-k8g4eo2d-9bbeb14c3bb6eb0b66dd2532d08be103 '   itemscope=\"itemscope\" itemtype=\"https:\/\/schema.org\/CreativeWork\" ><div class='avia_textblock av_inherit_color'  itemprop=\"text\" ><h1 class=\"uppercase\" style=\"text-align: center;\"><strong>AUSLAGERUNG DEBITOREN-VERWALTUNG<\/strong><\/h1>\n<\/div><\/section><\/div>\r\n\r\n\r\n<\/div><\/div><\/main><!-- close content main element --><\/div><\/div><\/div><div id='av_section_2'  class='avia-section av-hbrzb-578e3d5845280f08b09f126a41696964 main_color avia-section-default avia-no-border-styling  avia-builder-el-3  el_after_av_section  avia-builder-el-last  avia-bg-style-scroll container_wrap fullsize'  ><div class='container av-section-cont-open' ><div class='template-page content  av-content-full alpha units'><div class='post-entry post-entry-type-page post-entry-4968'><div class='entry-content-wrapper clearfix'>\r\n\r\n<div class='flex_column_table av-k8h9yo4z-61779d95d1d1a45d10491defd22a3cea sc-av_one_half av-equal-height-column-flextable'>\n<style type=\"text\/css\" data-created_by=\"avia_inline_auto\" id=\"style-css-av-k8h9yo4z-61779d95d1d1a45d10491defd22a3cea\">\n.flex_column.av-k8h9yo4z-61779d95d1d1a45d10491defd22a3cea{\nborder-radius:0px 0px 0px 0px;\npadding:0px 0px 0px 0px;\n}\n<\/style>\n<div  class='flex_column av-k8h9yo4z-61779d95d1d1a45d10491defd22a3cea av_one_half  avia-builder-el-4  el_before_av_one_half  avia-builder-el-first  first no_margin flex_column_table_cell av-equal-height-column av-align-middle av-zero-column-padding  '     ><section  class='av_textblock_section av-k8h9xqhx-a9ab492f0e17baea55da9d46c2b69404 '   itemscope=\"itemscope\" itemtype=\"https:\/\/schema.org\/CreativeWork\" ><div class='avia_textblock'  itemprop=\"text\" ><p>Wir empfehlen Ihnen, mit dem Einzug von Rechnungen nicht zu warten, bis es wirklich zu sp\u00e4t ist, sondern rechtzeitig und gut geplant daf\u00fcr zu sorgen, dass die offenen Rechnungen beglichen werden.<\/p>\n<p>Geben Sie Ihren Kunden eine letzte Chance, ohne zus\u00e4tzliche Kosten!<\/p>\n<p>Jedes Unternehmen tritt auf seine eigene Weise an seine Debitoren heran. Deshalb erarbeiten wir im Vorfeld mit Ihnen eine Strategie, in die all Ihre W\u00fcnsche aufgenommen werden.<\/p>\n<p style=\"text-align: left;\"><b>Vorteile Debitoren-Verwaltung:<\/b><\/p>\n<ul style=\"text-align: left;\">\n<li style=\"text-align: left;\">Zeitersparnis;<\/li>\n<li style=\"text-align: left;\">St\u00e4rkung der Liquidit\u00e4tsposition Ihres Unternehmens;<\/li>\n<li style=\"text-align: left;\">Starker R\u00fcckgang bei der Forderungslaufzeit (Days Sales Outstanding &#8211; DSO);<\/li>\n<li style=\"text-align: left;\">Ersparnis bei Verwaltungs- und Portokosten.<\/li>\n<\/ul>\n<p>Nachdem Sie die offenen Posten eingereicht haben, k\u00fcmmern wir uns um den Versand von Zahlungserinnerungen, Mahnungen oder, wenn n\u00f6tig, um eine Inverzugsetzung. Auf Wunsch setzen wir uns zudem mit Ihren Debitoren in Verbindung.<\/p>\n<p>Bei Bedarf kann das Mahnverfahren nahtlos in das Inkassoverfahren \u00fcberf\u00fchrt werden, was wiederum viel Zeit spart. Selbstverst\u00e4ndlich werden dar\u00fcber im Vorfeld klare Vereinbarungen getroffen.<\/p>\n<p>Nachstehend k\u00f6nnen Sie direkt ein Angebot f\u00fcr die Debitorenverwaltung anfordern. Schnellstm\u00f6glich danach setzen wir uns mit Ihnen in Verbindung. Nat\u00fcrlich k\u00f6nnen Sie uns auch anrufen oder zum Erhalt weiterer Informationen eine E-Mail schicken.<\/p>\n<p>M\u00f6chten Sie Ihre Debitoren-Verwaltung lieber in Eigenregie behalten, haben jedoch Interesse an<\/p>\n<p>Kreditverwaltungssoftware? Klicken Sie dann auf die nachstehende Schaltfl\u00e4che.<\/p>\n<\/div><\/section>\n<div  class='avia-button-wrap av-k8h9zpc5-c724f474dd344c948d10e6b8dc8c6609-wrap avia-button-left  avia-builder-el-6  el_after_av_textblock  avia-builder-el-last '><a href='https:\/\/creman.com\/de\/kreditverwaltungssoftware-2'  class='avia-button av-k8h9zpc5-c724f474dd344c948d10e6b8dc8c6609 av-link-btn avia-icon_select-no avia-size-medium avia-position-left avia-color-theme-color-highlight'   aria-label=\"F\u00fcr die Software klicken Sie hier\"><span class='avia_iconbox_title' >F\u00fcr die Software klicken Sie hier<\/span><\/a><\/div><\/div>\n<style type=\"text\/css\" data-created_by=\"avia_inline_auto\" id=\"style-css-av-b8krz-2271081f14e59628e3e151343a66652c\">\n.flex_column.av-b8krz-2271081f14e59628e3e151343a66652c{\nborder-radius:0px 0px 0px 0px;\npadding:0px 0px 0px 0px;\n}\n<\/style>\n<div  class='flex_column av-b8krz-2271081f14e59628e3e151343a66652c av_one_half  avia-builder-el-7  el_after_av_one_half  avia-builder-el-last  no_margin flex_column_table_cell av-equal-height-column av-align-middle av-zero-column-padding  '     ><section  class='av_textblock_section av-k8h9xqhx-a9ab492f0e17baea55da9d46c2b69404 '   itemscope=\"itemscope\" itemtype=\"https:\/\/schema.org\/CreativeWork\" ><div class='avia_textblock'  itemprop=\"text\" ><h2 style=\"text-align: center;\">Brauchen Sie Rat bez\u00fcglich Ihrer Debitoren-Verwaltung?<\/h2>\n<h2 style=\"text-align: center;\"><!-- \/wp:post-content --><\/h2>\n<\/div><\/section>\n<div  class='avia-button-wrap av-k8h9zpc5-127d4671ac0a8ca586cc66be011dae8e-wrap avia-button-center  avia-builder-el-9  el_after_av_textblock  avia-builder-el-last '><a href='https:\/\/creman.com\/contact'  class='avia-button av-k8h9zpc5-127d4671ac0a8ca586cc66be011dae8e av-link-btn avia-icon_select-no avia-size-medium avia-position-center avia-color-theme-color-highlight'   aria-label=\"Wir sind Ihnen gern behilflich\"><span class='avia_iconbox_title' >Wir sind Ihnen gern behilflich<\/span><\/a><\/div><\/div><\/div><!--close column table wrapper. Autoclose: 1 --><!-- \/wp:freeform -->","protected":false},"excerpt":{"rendered":"","protected":false},"author":5,"featured_media":0,"parent":0,"menu_order":0,"comment_status":"closed","ping_status":"closed","template":"","meta":{"_improvement_type_select":"improve_an_existing","_thumb_yes_seoaic":false,"_frame_yes_seoaic":false,"seoaic_generate_description":"","seoaic_improve_instructions_prompt":"","seoaic_rollback_content_improvement":"","seoaic_idea_thumbnail_generator":"","thumbnail_generated":false,"thumbnail_generate_prompt":"","seoaic_article_description":"","footnotes":""},"class_list":["post-4968","page","type-page","status-publish","hentry"],"yoast_head":"<!-- This site is optimized with the Yoast SEO plugin v27.3 - https:\/\/yoast.com\/product\/yoast-seo-wordpress\/ -->\n<title>Auslagerung debitoren-verwaltung - CREMAN | CREDIT MANAGEMENT &amp; INCASSO<\/title>\n<meta name=\"robots\" content=\"index, follow, max-snippet:-1, max-image-preview:large, max-video-preview:-1\" \/>\n<link rel=\"canonical\" href=\"https:\/\/creman.com\/de\/auslagerung-debitoren-verwaltung\" \/>\n<meta property=\"og:locale\" content=\"de_DE\" \/>\n<meta property=\"og:type\" content=\"article\" \/>\n<meta property=\"og:title\" content=\"Auslagerung debitoren-verwaltung - CREMAN | CREDIT MANAGEMENT &amp; INCASSO\" \/>\n<meta property=\"og:url\" content=\"https:\/\/creman.com\/de\/auslagerung-debitoren-verwaltung\" \/>\n<meta property=\"og:site_name\" content=\"CREMAN | CREDIT MANAGEMENT &amp; INCASSO\" \/>\n<meta property=\"article:modified_time\" content=\"2021-01-13T11:36:55+00:00\" \/>\n<meta name=\"twitter:card\" content=\"summary_large_image\" \/>\n<meta name=\"twitter:label1\" content=\"Gesch\u00e4tzte Lesezeit\" \/>\n\t<meta name=\"twitter:data1\" content=\"6\u00a0Minuten\" \/>\n<script type=\"application\/ld+json\" class=\"yoast-schema-graph\">{\"@context\":\"https:\\\/\\\/schema.org\",\"@graph\":[{\"@type\":\"WebPage\",\"@id\":\"https:\\\/\\\/creman.com\\\/de\\\/auslagerung-debitoren-verwaltung\",\"url\":\"https:\\\/\\\/creman.com\\\/de\\\/auslagerung-debitoren-verwaltung\",\"name\":\"Auslagerung debitoren-verwaltung - CREMAN | CREDIT MANAGEMENT &amp; INCASSO\",\"isPartOf\":{\"@id\":\"https:\\\/\\\/creman.com\\\/de#website\"},\"datePublished\":\"2021-01-13T09:54:04+00:00\",\"dateModified\":\"2021-01-13T11:36:55+00:00\",\"breadcrumb\":{\"@id\":\"https:\\\/\\\/creman.com\\\/de\\\/auslagerung-debitoren-verwaltung#breadcrumb\"},\"inLanguage\":\"de\",\"potentialAction\":[{\"@type\":\"ReadAction\",\"target\":[\"https:\\\/\\\/creman.com\\\/de\\\/auslagerung-debitoren-verwaltung\"]}]},{\"@type\":\"BreadcrumbList\",\"@id\":\"https:\\\/\\\/creman.com\\\/de\\\/auslagerung-debitoren-verwaltung#breadcrumb\",\"itemListElement\":[{\"@type\":\"ListItem\",\"position\":1,\"name\":\"Home\",\"item\":\"https:\\\/\\\/creman.com\\\/de\"},{\"@type\":\"ListItem\",\"position\":2,\"name\":\"Auslagerung debitoren-verwaltung\"}]},{\"@type\":\"WebSite\",\"@id\":\"https:\\\/\\\/creman.com\\\/de#website\",\"url\":\"https:\\\/\\\/creman.com\\\/de\",\"name\":\"CREMAN | CREDIT MANAGEMENT &amp; INCASSO\",\"description\":\"Incasso, jurridische diensten, debiteurenbeheer\",\"publisher\":{\"@id\":\"https:\\\/\\\/creman.com\\\/de#organization\"},\"potentialAction\":[{\"@type\":\"SearchAction\",\"target\":{\"@type\":\"EntryPoint\",\"urlTemplate\":\"https:\\\/\\\/creman.com\\\/de?s={search_term_string}\"},\"query-input\":{\"@type\":\"PropertyValueSpecification\",\"valueRequired\":true,\"valueName\":\"search_term_string\"}}],\"inLanguage\":\"de\"},{\"@type\":\"Organization\",\"@id\":\"https:\\\/\\\/creman.com\\\/de#organization\",\"name\":\"CreMan B.V.\",\"url\":\"https:\\\/\\\/creman.com\\\/de\",\"logo\":{\"@type\":\"ImageObject\",\"inLanguage\":\"de\",\"@id\":\"https:\\\/\\\/creman.com\\\/de#\\\/schema\\\/logo\\\/image\\\/\",\"url\":\"https:\\\/\\\/creman.com\\\/wp-content\\\/uploads\\\/2020\\\/11\\\/CreMan-Logo.png\",\"contentUrl\":\"https:\\\/\\\/creman.com\\\/wp-content\\\/uploads\\\/2020\\\/11\\\/CreMan-Logo.png\",\"width\":300,\"height\":43,\"caption\":\"CreMan B.V.\"},\"image\":{\"@id\":\"https:\\\/\\\/creman.com\\\/de#\\\/schema\\\/logo\\\/image\\\/\"},\"sameAs\":[\"https:\\\/\\\/www.linkedin.com\\\/company\\\/creman-debt-collection-agency\\\/\"]}]}<\/script>\n<!-- \/ Yoast SEO plugin. -->","yoast_head_json":{"title":"Auslagerung debitoren-verwaltung - CREMAN | CREDIT MANAGEMENT &amp; INCASSO","robots":{"index":"index","follow":"follow","max-snippet":"max-snippet:-1","max-image-preview":"max-image-preview:large","max-video-preview":"max-video-preview:-1"},"canonical":"https:\/\/creman.com\/de\/auslagerung-debitoren-verwaltung","og_locale":"de_DE","og_type":"article","og_title":"Auslagerung debitoren-verwaltung - CREMAN | CREDIT MANAGEMENT &amp; INCASSO","og_url":"https:\/\/creman.com\/de\/auslagerung-debitoren-verwaltung","og_site_name":"CREMAN | CREDIT MANAGEMENT &amp; INCASSO","article_modified_time":"2021-01-13T11:36:55+00:00","twitter_card":"summary_large_image","twitter_misc":{"Gesch\u00e4tzte Lesezeit":"6\u00a0Minuten"},"schema":{"@context":"https:\/\/schema.org","@graph":[{"@type":"WebPage","@id":"https:\/\/creman.com\/de\/auslagerung-debitoren-verwaltung","url":"https:\/\/creman.com\/de\/auslagerung-debitoren-verwaltung","name":"Auslagerung debitoren-verwaltung - CREMAN | CREDIT MANAGEMENT &amp; INCASSO","isPartOf":{"@id":"https:\/\/creman.com\/de#website"},"datePublished":"2021-01-13T09:54:04+00:00","dateModified":"2021-01-13T11:36:55+00:00","breadcrumb":{"@id":"https:\/\/creman.com\/de\/auslagerung-debitoren-verwaltung#breadcrumb"},"inLanguage":"de","potentialAction":[{"@type":"ReadAction","target":["https:\/\/creman.com\/de\/auslagerung-debitoren-verwaltung"]}]},{"@type":"BreadcrumbList","@id":"https:\/\/creman.com\/de\/auslagerung-debitoren-verwaltung#breadcrumb","itemListElement":[{"@type":"ListItem","position":1,"name":"Home","item":"https:\/\/creman.com\/de"},{"@type":"ListItem","position":2,"name":"Auslagerung debitoren-verwaltung"}]},{"@type":"WebSite","@id":"https:\/\/creman.com\/de#website","url":"https:\/\/creman.com\/de","name":"CREMAN | CREDIT MANAGEMENT &amp; INCASSO","description":"Incasso, jurridische diensten, debiteurenbeheer","publisher":{"@id":"https:\/\/creman.com\/de#organization"},"potentialAction":[{"@type":"SearchAction","target":{"@type":"EntryPoint","urlTemplate":"https:\/\/creman.com\/de?s={search_term_string}"},"query-input":{"@type":"PropertyValueSpecification","valueRequired":true,"valueName":"search_term_string"}}],"inLanguage":"de"},{"@type":"Organization","@id":"https:\/\/creman.com\/de#organization","name":"CreMan B.V.","url":"https:\/\/creman.com\/de","logo":{"@type":"ImageObject","inLanguage":"de","@id":"https:\/\/creman.com\/de#\/schema\/logo\/image\/","url":"https:\/\/creman.com\/wp-content\/uploads\/2020\/11\/CreMan-Logo.png","contentUrl":"https:\/\/creman.com\/wp-content\/uploads\/2020\/11\/CreMan-Logo.png","width":300,"height":43,"caption":"CreMan B.V."},"image":{"@id":"https:\/\/creman.com\/de#\/schema\/logo\/image\/"},"sameAs":["https:\/\/www.linkedin.com\/company\/creman-debt-collection-agency\/"]}]}},"_links":{"self":[{"href":"https:\/\/creman.com\/de\/wp-json\/wp\/v2\/pages\/4968","targetHints":{"allow":["GET"]}}],"collection":[{"href":"https:\/\/creman.com\/de\/wp-json\/wp\/v2\/pages"}],"about":[{"href":"https:\/\/creman.com\/de\/wp-json\/wp\/v2\/types\/page"}],"author":[{"embeddable":true,"href":"https:\/\/creman.com\/de\/wp-json\/wp\/v2\/users\/5"}],"replies":[{"embeddable":true,"href":"https:\/\/creman.com\/de\/wp-json\/wp\/v2\/comments?post=4968"}],"version-history":[{"count":5,"href":"https:\/\/creman.com\/de\/wp-json\/wp\/v2\/pages\/4968\/revisions"}],"predecessor-version":[{"id":5049,"href":"https:\/\/creman.com\/de\/wp-json\/wp\/v2\/pages\/4968\/revisions\/5049"}],"wp:attachment":[{"href":"https:\/\/creman.com\/de\/wp-json\/wp\/v2\/media?parent=4968"}],"curies":[{"name":"wp","href":"https:\/\/api.w.org\/{rel}","templated":true}]}}