{"id":4973,"date":"2021-01-13T11:01:35","date_gmt":"2021-01-13T10:01:35","guid":{"rendered":"https:\/\/creman.com\/kreditverwaltungssoftware\/"},"modified":"2026-02-26T10:09:50","modified_gmt":"2026-02-26T09:09:50","slug":"kreditverwaltungssoftware-2","status":"publish","type":"page","link":"https:\/\/creman.com\/de\/kreditverwaltungssoftware-2\/","title":{"rendered":"Kreditverwaltungssoftware"},"content":{"rendered":"\n<style type=\"text\/css\" data-created_by=\"avia_inline_auto\" id=\"style-css-av-k8g4eg40-6ab2822f02fa0d8574262c1d7862c69e\">\n.avia-section.av-k8g4eg40-6ab2822f02fa0d8574262c1d7862c69e .av-section-color-overlay{\nopacity:0.5;\nbackground-color:#000000;\n}\n<\/style>\n<div id='av_section_1'  class='avia-section av-k8g4eg40-6ab2822f02fa0d8574262c1d7862c69e main_color avia-section-default avia-no-border-styling  avia-builder-el-0  el_before_av_one_full  avia-builder-el-first  avia-bg-style-parallax av-section-color-overlay-active av-minimum-height av-minimum-height-custom av-height-custom  container_wrap fullsize'   data-av_minimum_height_px='350'><div class=\"av-section-color-overlay-wrap\"><div class=\"av-section-color-overlay\"><\/div><div class='container av-section-cont-open' style='height:350px'><main  role=\"main\" itemprop=\"mainContentOfPage\"  class='template-page content  av-content-full alpha units'><div class='post-entry post-entry-type-page post-entry-4973'><div class='entry-content-wrapper clearfix'>\n\n<style type=\"text\/css\" data-created_by=\"avia_inline_auto\" id=\"style-css-av-gjgos-c22fc7c503a99630f5fdfb36e1a90600\">\n.flex_column.av-gjgos-c22fc7c503a99630f5fdfb36e1a90600{\nborder-radius:0px 0px 0px 0px;\npadding:0px 0px 0px 0px;\n}\n<\/style>\n<div  class='flex_column av-gjgos-c22fc7c503a99630f5fdfb36e1a90600 av_one_full  avia-builder-el-1  avia-builder-el-no-sibling  first flex_column_div av-zero-column-padding  '     ><style type=\"text\/css\" data-created_by=\"avia_inline_auto\" id=\"style-css-av-k8g4eo2d-9bbeb14c3bb6eb0b66dd2532d08be103\">\n#top .av_textblock_section.av-k8g4eo2d-9bbeb14c3bb6eb0b66dd2532d08be103 .avia_textblock{\ncolor:#ffffff;\n}\n<\/style>\n<section  class='av_textblock_section av-k8g4eo2d-9bbeb14c3bb6eb0b66dd2532d08be103 '   itemscope=\"itemscope\" itemtype=\"https:\/\/schema.org\/CreativeWork\" ><div class='avia_textblock av_inherit_color'  itemprop=\"text\" ><h1 class=\"uppercase\" style=\"text-align: center;\"><strong>KREDITVERWALTUNGSSOFTWARE<\/strong><\/h1>\n<\/div><\/section><\/div>\n<\/div><\/div><\/main><!-- close content main element --><\/div><\/div><\/div><div id='after_section_1'  class='main_color av_default_container_wrap container_wrap fullsize'  ><div class='container av-section-cont-open' ><div class='template-page content  av-content-full alpha units'><div class='post-entry post-entry-type-page post-entry-4973'><div class='entry-content-wrapper clearfix'>\n<div  class='flex_column av-av_one_full-4236371e50272b4ec399280bbf76d6bf av_one_full  avia-builder-el-3  el_after_av_section  el_before_av_section  avia-builder-el-no-sibling  first flex_column_div  '     ><style type=\"text\/css\" data-created_by=\"avia_inline_auto\" id=\"style-css-av-mm38onv0-237c200c54e2947a9c51beb73cb1e803\">\n#top .av_textblock_section.av-mm38onv0-237c200c54e2947a9c51beb73cb1e803 .avia_textblock{\npadding:0 0 0 0;\n}\n<\/style>\n<section  class='av_textblock_section av-mm38onv0-237c200c54e2947a9c51beb73cb1e803 '   itemscope=\"itemscope\" itemtype=\"https:\/\/schema.org\/CreativeWork\" ><div class='avia_textblock'  itemprop=\"text\" ><h2 data-start=\"0\" data-end=\"46\">Was ist <span class=\"hover:entity-accent entity-underline inline cursor-pointer align-baseline\"><span class=\"whitespace-normal\">DebCollect<\/span><\/span>?<\/h2>\n<p data-start=\"48\" data-end=\"403\">DebCollect ist die Online-Credit-Management-Software, die speziell entwickelt wurde, um Organisationen die vollst\u00e4ndige Kontrolle \u00fcber ihre Debitoren- und Rechnungsprozesse zu geben. Sie dient dazu, die Arbeit im Forderungsmanagement zu vereinfachen und zu verbessern \u2013 ganz gleich, ob es sich um einfache Workflows oder komplexe Debitorenprofile handelt.<\/p>\n<p data-start=\"405\" data-end=\"726\">Mit DebCollect k\u00f6nnen Sie:<br data-start=\"431\" data-end=\"434\" \/>\u2013 Automatisch Mahnungen und Zahlungserinnerungen versenden<br data-start=\"492\" data-end=\"495\" \/>\u2013 Debitorenprozesse transparent und strukturiert verwalten<br data-start=\"553\" data-end=\"556\" \/>\u2013 Briefe, Profile und Abl\u00e4ufe einfach \u00fcber die Benutzeroberfl\u00e4che anpassen<br data-start=\"630\" data-end=\"633\" \/>\u2013 Eine Anbindung an Ihre bestehenden Systeme wie Buchhaltungs- oder ERP-Software herstellen<\/p>\n<p data-start=\"728\" data-end=\"949\">DebCollect funktioniert vollst\u00e4ndig online, sodass Sie jederzeit und \u00fcberall \u00fcber Desktop, Tablet oder Smartphone Zugriff haben. Die Software ist <strong>ISO 27001-zertifiziert<\/strong> und gew\u00e4hrleistet eine zuverl\u00e4ssige Datensicherheit.<\/p>\n<\/div><\/section><\/div><\/div><\/div><\/div><!-- close content main div --><\/div><\/div><div id='av_section_2'  class='avia-section av-av_section-942aacc4cd0a2e643b3b893e07f9a647 main_color avia-section-small avia-no-border-styling  avia-builder-el-5  el_after_av_one_full  el_before_av_two_third  avia-bg-style-scroll container_wrap fullsize'  ><div class='container av-section-cont-open' ><div class='template-page content  av-content-full alpha units'><div class='post-entry post-entry-type-page post-entry-4973'><div class='entry-content-wrapper clearfix'>\n<section  class='av_textblock_section av-mm38p20l-6d4f02f9750f184e95b9858f31021cf6 '   itemscope=\"itemscope\" itemtype=\"https:\/\/schema.org\/CreativeWork\" ><div class='avia_textblock'  itemprop=\"text\" ><h2 style=\"text-align: center;\" data-start=\"951\" data-end=\"979\"><strong>Wie funktioniert DebCollect?<\/strong><\/h2>\n<\/div><\/section>\n<div  class='flex_column av-av_one_third-4236371e50272b4ec399280bbf76d6bf av_one_third  avia-builder-el-7  el_after_av_textblock  el_before_av_one_third  first flex_column_div  column-top-margin'     ><section  class='av_textblock_section av-mm38pd7y-8b77b934de0c436f62018256e91db924 '   itemscope=\"itemscope\" itemtype=\"https:\/\/schema.org\/CreativeWork\" ><div class='avia_textblock'  itemprop=\"text\" ><p style=\"text-align: center;\" data-start=\"981\" data-end=\"1003\"><strong>Anpassbare Workflows<\/strong><\/p>\n<\/div><\/section><br \/>\n\n<style type=\"text\/css\" data-created_by=\"avia_inline_auto\" id=\"style-css-av-av_image-44c4976b79be13c5ca9f4fdbeffe4493\">\n.avia-image-container.av-av_image-44c4976b79be13c5ca9f4fdbeffe4493 img.avia_image{\nbox-shadow:none;\n}\n.avia-image-container.av-av_image-44c4976b79be13c5ca9f4fdbeffe4493 .av-image-caption-overlay-center{\ncolor:#ffffff;\n}\n<\/style>\n<div  class='avia-image-container av-av_image-44c4976b79be13c5ca9f4fdbeffe4493 av-styling- avia-align-center  avia-builder-el-9  el_after_av_textblock  el_before_av_textblock '   itemprop=\"image\" itemscope=\"itemscope\" itemtype=\"https:\/\/schema.org\/ImageObject\" ><div class=\"avia-image-container-inner\"><div class=\"avia-image-overlay-wrap\"><img decoding=\"async\" fetchpriority=\"high\" class='wp-image-12101 avia-img-lazy-loading-not-12101 avia_image ' src=\"https:\/\/creman.com\/wp-content\/uploads\/2026\/02\/2.png\" alt='' title='2'  height=\"2100\" width=\"2100\"  itemprop=\"thumbnailUrl\" srcset=\"https:\/\/creman.com\/wp-content\/uploads\/2026\/02\/2.png 2100w, https:\/\/creman.com\/wp-content\/uploads\/2026\/02\/2-300x300.png 300w, https:\/\/creman.com\/wp-content\/uploads\/2026\/02\/2-1030x1030.png 1030w, https:\/\/creman.com\/wp-content\/uploads\/2026\/02\/2-80x80.png 80w, https:\/\/creman.com\/wp-content\/uploads\/2026\/02\/2-768x768.png 768w, https:\/\/creman.com\/wp-content\/uploads\/2026\/02\/2-1536x1536.png 1536w, https:\/\/creman.com\/wp-content\/uploads\/2026\/02\/2-2048x2048.png 2048w, https:\/\/creman.com\/wp-content\/uploads\/2026\/02\/2-36x36.png 36w, https:\/\/creman.com\/wp-content\/uploads\/2026\/02\/2-180x180.png 180w, https:\/\/creman.com\/wp-content\/uploads\/2026\/02\/2-1500x1500.png 1500w, https:\/\/creman.com\/wp-content\/uploads\/2026\/02\/2-705x705.png 705w\" sizes=\"(max-width: 2100px) 100vw, 2100px\" \/><\/div><\/div><\/div><br \/>\n<section  class='av_textblock_section av-mm38qczg-f6267b319ba805a55a9baf2cc91b4d97 '   itemscope=\"itemscope\" itemtype=\"https:\/\/schema.org\/CreativeWork\" ><div class='avia_textblock'  itemprop=\"text\" ><p style=\"text-align: center;\">DebCollect unterst\u00fctzt sowohl einfache Prozesse als auch komplexe, mehrstufige Abl\u00e4ufe. Sie bestimmen selbst, wie ein Workflow gestaltet ist, indem Sie Aktionen hinzuf\u00fcgen und ausf\u00fchren.<\/p>\n<\/div><\/section><\/p><\/div><div  class='flex_column av-av_one_third-d9d4235c4dc5477e29570d3b99e2b500 av_one_third  avia-builder-el-11  el_after_av_one_third  el_before_av_one_third  flex_column_div  column-top-margin'     ><section  class='av_textblock_section av-mm38pnjn-397fc06ba56ba15fcc239254eabeae38 '   itemscope=\"itemscope\" itemtype=\"https:\/\/schema.org\/CreativeWork\" ><div class='avia_textblock'  itemprop=\"text\" ><p style=\"text-align: center;\" data-start=\"1193\" data-end=\"1222\"><strong>\u00dcbersicht &amp; Automatisierung<\/strong><\/p>\n<\/div><\/section><br \/>\n\n<style type=\"text\/css\" data-created_by=\"avia_inline_auto\" id=\"style-css-av-av_image-53dab6ac9f4daff9a5aa0f0816ac6365\">\n.avia-image-container.av-av_image-53dab6ac9f4daff9a5aa0f0816ac6365 img.avia_image{\nbox-shadow:none;\n}\n.avia-image-container.av-av_image-53dab6ac9f4daff9a5aa0f0816ac6365 .av-image-caption-overlay-center{\ncolor:#ffffff;\n}\n<\/style>\n<div  class='avia-image-container av-av_image-53dab6ac9f4daff9a5aa0f0816ac6365 av-styling- avia-align-center  avia-builder-el-13  el_after_av_textblock  el_before_av_textblock '   itemprop=\"image\" itemscope=\"itemscope\" itemtype=\"https:\/\/schema.org\/ImageObject\" ><div class=\"avia-image-container-inner\"><div class=\"avia-image-overlay-wrap\"><img decoding=\"async\" fetchpriority=\"high\" class='wp-image-12107 avia-img-lazy-loading-not-12107 avia_image ' src=\"https:\/\/creman.com\/wp-content\/uploads\/2026\/02\/3.png\" alt='' title='3'  height=\"2100\" width=\"2100\"  itemprop=\"thumbnailUrl\" srcset=\"https:\/\/creman.com\/wp-content\/uploads\/2026\/02\/3.png 2100w, https:\/\/creman.com\/wp-content\/uploads\/2026\/02\/3-300x300.png 300w, https:\/\/creman.com\/wp-content\/uploads\/2026\/02\/3-1030x1030.png 1030w, https:\/\/creman.com\/wp-content\/uploads\/2026\/02\/3-80x80.png 80w, https:\/\/creman.com\/wp-content\/uploads\/2026\/02\/3-768x768.png 768w, https:\/\/creman.com\/wp-content\/uploads\/2026\/02\/3-1536x1536.png 1536w, https:\/\/creman.com\/wp-content\/uploads\/2026\/02\/3-2048x2048.png 2048w, https:\/\/creman.com\/wp-content\/uploads\/2026\/02\/3-36x36.png 36w, https:\/\/creman.com\/wp-content\/uploads\/2026\/02\/3-180x180.png 180w, https:\/\/creman.com\/wp-content\/uploads\/2026\/02\/3-1500x1500.png 1500w, https:\/\/creman.com\/wp-content\/uploads\/2026\/02\/3-705x705.png 705w\" sizes=\"(max-width: 2100px) 100vw, 2100px\" \/><\/div><\/div><\/div><br \/>\n<section  class='av_textblock_section av-mm38qojo-3dd0609f5b8c7828796dae58bbf7787f '   itemscope=\"itemscope\" itemtype=\"https:\/\/schema.org\/CreativeWork\" ><div class='avia_textblock'  itemprop=\"text\" ><p style=\"text-align: center;\" data-start=\"1224\" data-end=\"1477\">Im Dashboard sehen Sie auf einen Blick, welche Posten offen sind und welche Schritte bereits durchgef\u00fchrt wurden oder noch anstehen. Erinnerungen und Mahnungen werden <strong>automatisch<\/strong> per Klick versendet, wodurch sich der manuelle Aufwand deutlich reduziert.<\/p>\n<\/div><\/section><\/p><\/div><div  class='flex_column av-av_one_third-d9d4235c4dc5477e29570d3b99e2b500 av_one_third  avia-builder-el-15  el_after_av_one_third  avia-builder-el-last  flex_column_div  column-top-margin'     ><section  class='av_textblock_section av-mm38q415-6ea198c47feb332fd7b6c3133934c6b9 '   itemscope=\"itemscope\" itemtype=\"https:\/\/schema.org\/CreativeWork\" ><div class='avia_textblock'  itemprop=\"text\" ><p style=\"text-align: center;\" data-start=\"1479\" data-end=\"1513\"><strong>Integration mit anderen Systemen<\/strong><\/p>\n<\/div><\/section><br \/>\n\n<style type=\"text\/css\" data-created_by=\"avia_inline_auto\" id=\"style-css-av-av_image-49abcd8e485d75ddc02ed956a3f90dd6\">\n.avia-image-container.av-av_image-49abcd8e485d75ddc02ed956a3f90dd6 img.avia_image{\nbox-shadow:none;\n}\n.avia-image-container.av-av_image-49abcd8e485d75ddc02ed956a3f90dd6 .av-image-caption-overlay-center{\ncolor:#ffffff;\n}\n<\/style>\n<div  class='avia-image-container av-av_image-49abcd8e485d75ddc02ed956a3f90dd6 av-styling- avia-align-center  avia-builder-el-17  el_after_av_textblock  el_before_av_textblock '   itemprop=\"image\" itemscope=\"itemscope\" itemtype=\"https:\/\/schema.org\/ImageObject\" ><div class=\"avia-image-container-inner\"><div class=\"avia-image-overlay-wrap\"><img decoding=\"async\" fetchpriority=\"high\" class='wp-image-12120 avia-img-lazy-loading-not-12120 avia_image ' src=\"https:\/\/creman.com\/wp-content\/uploads\/2026\/02\/CMS-integratie.png\" alt='' title='CMS integratie'  height=\"2100\" width=\"2100\"  itemprop=\"thumbnailUrl\" srcset=\"https:\/\/creman.com\/wp-content\/uploads\/2026\/02\/CMS-integratie.png 2100w, https:\/\/creman.com\/wp-content\/uploads\/2026\/02\/CMS-integratie-300x300.png 300w, https:\/\/creman.com\/wp-content\/uploads\/2026\/02\/CMS-integratie-1030x1030.png 1030w, https:\/\/creman.com\/wp-content\/uploads\/2026\/02\/CMS-integratie-80x80.png 80w, https:\/\/creman.com\/wp-content\/uploads\/2026\/02\/CMS-integratie-768x768.png 768w, https:\/\/creman.com\/wp-content\/uploads\/2026\/02\/CMS-integratie-1536x1536.png 1536w, https:\/\/creman.com\/wp-content\/uploads\/2026\/02\/CMS-integratie-2048x2048.png 2048w, https:\/\/creman.com\/wp-content\/uploads\/2026\/02\/CMS-integratie-36x36.png 36w, https:\/\/creman.com\/wp-content\/uploads\/2026\/02\/CMS-integratie-180x180.png 180w, https:\/\/creman.com\/wp-content\/uploads\/2026\/02\/CMS-integratie-1500x1500.png 1500w, https:\/\/creman.com\/wp-content\/uploads\/2026\/02\/CMS-integratie-705x705.png 705w\" sizes=\"(max-width: 2100px) 100vw, 2100px\" \/><\/div><\/div><\/div><br \/>\n<section  class='av_textblock_section av-mm38qxpb-16fdf7b8e135cb734c8119e965c2ca68 '   itemscope=\"itemscope\" itemtype=\"https:\/\/schema.org\/CreativeWork\" ><div class='avia_textblock'  itemprop=\"text\" ><p style=\"text-align: center;\" data-start=\"1515\" data-end=\"1669\">Die Plattform l\u00e4sst sich mit nahezu jedem Buchhaltungs- oder ERP-System verbinden. Dadurch werden Daten nur einmal erfasst und automatisch synchronisiert.<\/p>\n<\/div><\/section><\/p><\/div><\/div><\/div><\/div><!-- close content main div --><\/div><\/div><div id='after_section_2'  class='main_color av_default_container_wrap container_wrap fullsize'  ><div class='container av-section-cont-open' ><div class='template-page content  av-content-full alpha units'><div class='post-entry post-entry-type-page post-entry-4973'><div class='entry-content-wrapper clearfix'><div  class='flex_column av-av_two_third-4236371e50272b4ec399280bbf76d6bf av_two_third  avia-builder-el-19  el_after_av_section  el_before_av_one_third  avia-builder-el-first  first flex_column_div  '     ><section  class='av_textblock_section av-mm38rvwu-700360c1ae020d59b759df05d65ec9de '   itemscope=\"itemscope\" itemtype=\"https:\/\/schema.org\/CreativeWork\" ><div class='avia_textblock'  itemprop=\"text\" ><h2 data-start=\"1671\" data-end=\"1725\">Wichtige \u00dcberlegungen bei Credit-Management-Software<\/h2>\n<p data-start=\"1727\" data-end=\"1935\">Die richtige Credit-Management-Software (CMS) hilft Ihrer Organisation und Ihrem Forderungsmanagement, effizienter, effektiver und konsistenter zu arbeiten \u2013 bei gleichzeitiger Verbesserung des Kundenservice.<\/p>\n<p data-start=\"1937\" data-end=\"1955\">Wichtige Vorteile:<\/p>\n<p data-start=\"1957\" data-end=\"2067\"><strong>Operativ<\/strong>: Automatisierung t\u00e4glicher Aufgaben wie digitale Kommunikation, Zahlungsvereinbarungen und Reporting.<\/p>\n<p data-start=\"2069\" data-end=\"2205\"><strong>Finanziell<\/strong>: Optimiert den Order-to-Cash-Prozess, verbessert den Cashflow, verk\u00fcrzt die DSO und senkt die Kosten im Forderungsmanagement.<\/p>\n<p data-start=\"2207\" data-end=\"2338\"><strong>Organisatorisch<\/strong>: Bietet klare Prozesse und Richtlinien, f\u00f6rdert die Professionalisierung und steigert die Mitarbeiterzufriedenheit.<\/p>\n<p data-start=\"2340\" data-end=\"2476\"><strong>Kommerziell<\/strong>: Verbessert die Informationsverf\u00fcgbarkeit und das Kundenmanagement, sodass mehr Zeit f\u00fcr wertvolle Kundenbeziehungen bleibt.<\/p>\n<\/div><\/section><\/div><div  class='flex_column av-av_one_third-d9d4235c4dc5477e29570d3b99e2b500 av_one_third  avia-builder-el-21  el_after_av_two_third  avia-builder-el-last  flex_column_div  '     ><section  class='av_textblock_section av-mm38s4mm-4b63d287e169297d2dd8b9f3baeb1b59 '   itemscope=\"itemscope\" itemtype=\"https:\/\/schema.org\/CreativeWork\" ><div class='avia_textblock'  itemprop=\"text\" ><h2 style=\"text-align: center;\">Erleben Sie selbst, wie DebCollect Ihr Forderungsmanagement optimiert!<\/h2>\n<\/div><\/section><br \/>\n<div  class='avia-button-wrap av-mm38sbqb-35d0c971d31ad675dfcb9f768e377712-wrap avia-button-center  avia-builder-el-23  el_after_av_textblock  avia-builder-el-last '><a href='https:\/\/creman.com\/contact\/'  class='avia-button av-mm38sbqb-35d0c971d31ad675dfcb9f768e377712 av-link-btn avia-icon_select-no avia-size-medium avia-position-center avia-color-theme-color'  target=\"_blank\"  rel=\"noopener noreferrer\"  aria-label=\"Fordern Sie jetzt eine Demo an.\"><span class='avia_iconbox_title' >Fordern Sie jetzt eine Demo an.<\/span><\/a><\/div><\/p><\/div><\/p>\n","protected":false},"excerpt":{"rendered":"","protected":false},"author":5,"featured_media":0,"parent":0,"menu_order":0,"comment_status":"closed","ping_status":"closed","template":"","meta":{"_improvement_type_select":"improve_an_existing","_thumb_yes_seoaic":false,"_frame_yes_seoaic":false,"seoaic_generate_description":"","seoaic_improve_instructions_prompt":"","seoaic_rollback_content_improvement":"","seoaic_idea_thumbnail_generator":"","thumbnail_generated":false,"thumbnail_generate_prompt":"","seoaic_article_description":"","footnotes":""},"class_list":["post-4973","page","type-page","status-publish","hentry"],"yoast_head":"<!-- This site is optimized with the Yoast SEO plugin v27.5 - https:\/\/yoast.com\/product\/yoast-seo-wordpress\/ -->\n<title>Kreditverwaltungssoftware - CREMAN | CREDIT MANAGEMENT &amp; INCASSO<\/title>\n<meta name=\"robots\" content=\"index, follow, max-snippet:-1, max-image-preview:large, max-video-preview:-1\" \/>\n<link rel=\"canonical\" href=\"https:\/\/creman.com\/de\/kreditverwaltungssoftware-2\/\" \/>\n<meta property=\"og:locale\" content=\"de_DE\" \/>\n<meta property=\"og:type\" content=\"article\" \/>\n<meta property=\"og:title\" content=\"Kreditverwaltungssoftware - CREMAN | CREDIT MANAGEMENT &amp; INCASSO\" \/>\n<meta property=\"og:url\" content=\"https:\/\/creman.com\/de\/kreditverwaltungssoftware-2\/\" \/>\n<meta property=\"og:site_name\" content=\"CREMAN | CREDIT MANAGEMENT &amp; INCASSO\" \/>\n<meta property=\"article:modified_time\" content=\"2026-02-26T09:09:50+00:00\" \/>\n<meta name=\"twitter:card\" content=\"summary_large_image\" \/>\n<meta name=\"twitter:label1\" content=\"Gesch\u00e4tzte Lesezeit\" \/>\n\t<meta name=\"twitter:data1\" content=\"3\u00a0Minuten\" \/>\n<script type=\"application\/ld+json\" class=\"yoast-schema-graph\">{\"@context\":\"https:\\\/\\\/schema.org\",\"@graph\":[{\"@type\":\"WebPage\",\"@id\":\"https:\\\/\\\/creman.com\\\/de\\\/kreditverwaltungssoftware-2\\\/\",\"url\":\"https:\\\/\\\/creman.com\\\/de\\\/kreditverwaltungssoftware-2\\\/\",\"name\":\"Kreditverwaltungssoftware - CREMAN | CREDIT MANAGEMENT &amp; INCASSO\",\"isPartOf\":{\"@id\":\"https:\\\/\\\/creman.com\\\/de\\\/#website\"},\"datePublished\":\"2021-01-13T10:01:35+00:00\",\"dateModified\":\"2026-02-26T09:09:50+00:00\",\"breadcrumb\":{\"@id\":\"https:\\\/\\\/creman.com\\\/de\\\/kreditverwaltungssoftware-2\\\/#breadcrumb\"},\"inLanguage\":\"de\",\"potentialAction\":[{\"@type\":\"ReadAction\",\"target\":[\"https:\\\/\\\/creman.com\\\/de\\\/kreditverwaltungssoftware-2\\\/\"]}]},{\"@type\":\"BreadcrumbList\",\"@id\":\"https:\\\/\\\/creman.com\\\/de\\\/kreditverwaltungssoftware-2\\\/#breadcrumb\",\"itemListElement\":[{\"@type\":\"ListItem\",\"position\":1,\"name\":\"Home\",\"item\":\"https:\\\/\\\/creman.com\\\/de\\\/\"},{\"@type\":\"ListItem\",\"position\":2,\"name\":\"Kreditverwaltungssoftware\"}]},{\"@type\":\"WebSite\",\"@id\":\"https:\\\/\\\/creman.com\\\/de\\\/#website\",\"url\":\"https:\\\/\\\/creman.com\\\/de\\\/\",\"name\":\"CREMAN | CREDIT MANAGEMENT &amp; INCASSO\",\"description\":\"Incasso, jurridische diensten, debiteurenbeheer\",\"publisher\":{\"@id\":\"https:\\\/\\\/creman.com\\\/de\\\/#organization\"},\"potentialAction\":[{\"@type\":\"SearchAction\",\"target\":{\"@type\":\"EntryPoint\",\"urlTemplate\":\"https:\\\/\\\/creman.com\\\/de\\\/?s={search_term_string}\"},\"query-input\":{\"@type\":\"PropertyValueSpecification\",\"valueRequired\":true,\"valueName\":\"search_term_string\"}}],\"inLanguage\":\"de\"},{\"@type\":\"Organization\",\"@id\":\"https:\\\/\\\/creman.com\\\/de\\\/#organization\",\"name\":\"CreMan B.V.\",\"url\":\"https:\\\/\\\/creman.com\\\/de\\\/\",\"logo\":{\"@type\":\"ImageObject\",\"inLanguage\":\"de\",\"@id\":\"https:\\\/\\\/creman.com\\\/de\\\/#\\\/schema\\\/logo\\\/image\\\/\",\"url\":\"https:\\\/\\\/creman.com\\\/wp-content\\\/uploads\\\/2020\\\/11\\\/CreMan-Logo.png\",\"contentUrl\":\"https:\\\/\\\/creman.com\\\/wp-content\\\/uploads\\\/2020\\\/11\\\/CreMan-Logo.png\",\"width\":300,\"height\":43,\"caption\":\"CreMan B.V.\"},\"image\":{\"@id\":\"https:\\\/\\\/creman.com\\\/de\\\/#\\\/schema\\\/logo\\\/image\\\/\"},\"sameAs\":[\"https:\\\/\\\/www.linkedin.com\\\/company\\\/creman-debt-collection-agency\\\/\"]}]}<\/script>\n<!-- \/ Yoast SEO plugin. -->","yoast_head_json":{"title":"Kreditverwaltungssoftware - CREMAN | CREDIT MANAGEMENT &amp; INCASSO","robots":{"index":"index","follow":"follow","max-snippet":"max-snippet:-1","max-image-preview":"max-image-preview:large","max-video-preview":"max-video-preview:-1"},"canonical":"https:\/\/creman.com\/de\/kreditverwaltungssoftware-2\/","og_locale":"de_DE","og_type":"article","og_title":"Kreditverwaltungssoftware - CREMAN | CREDIT MANAGEMENT &amp; INCASSO","og_url":"https:\/\/creman.com\/de\/kreditverwaltungssoftware-2\/","og_site_name":"CREMAN | CREDIT MANAGEMENT &amp; INCASSO","article_modified_time":"2026-02-26T09:09:50+00:00","twitter_card":"summary_large_image","twitter_misc":{"Gesch\u00e4tzte Lesezeit":"3\u00a0Minuten"},"schema":{"@context":"https:\/\/schema.org","@graph":[{"@type":"WebPage","@id":"https:\/\/creman.com\/de\/kreditverwaltungssoftware-2\/","url":"https:\/\/creman.com\/de\/kreditverwaltungssoftware-2\/","name":"Kreditverwaltungssoftware - CREMAN | CREDIT MANAGEMENT &amp; INCASSO","isPartOf":{"@id":"https:\/\/creman.com\/de\/#website"},"datePublished":"2021-01-13T10:01:35+00:00","dateModified":"2026-02-26T09:09:50+00:00","breadcrumb":{"@id":"https:\/\/creman.com\/de\/kreditverwaltungssoftware-2\/#breadcrumb"},"inLanguage":"de","potentialAction":[{"@type":"ReadAction","target":["https:\/\/creman.com\/de\/kreditverwaltungssoftware-2\/"]}]},{"@type":"BreadcrumbList","@id":"https:\/\/creman.com\/de\/kreditverwaltungssoftware-2\/#breadcrumb","itemListElement":[{"@type":"ListItem","position":1,"name":"Home","item":"https:\/\/creman.com\/de\/"},{"@type":"ListItem","position":2,"name":"Kreditverwaltungssoftware"}]},{"@type":"WebSite","@id":"https:\/\/creman.com\/de\/#website","url":"https:\/\/creman.com\/de\/","name":"CREMAN | CREDIT MANAGEMENT &amp; INCASSO","description":"Incasso, jurridische diensten, debiteurenbeheer","publisher":{"@id":"https:\/\/creman.com\/de\/#organization"},"potentialAction":[{"@type":"SearchAction","target":{"@type":"EntryPoint","urlTemplate":"https:\/\/creman.com\/de\/?s={search_term_string}"},"query-input":{"@type":"PropertyValueSpecification","valueRequired":true,"valueName":"search_term_string"}}],"inLanguage":"de"},{"@type":"Organization","@id":"https:\/\/creman.com\/de\/#organization","name":"CreMan B.V.","url":"https:\/\/creman.com\/de\/","logo":{"@type":"ImageObject","inLanguage":"de","@id":"https:\/\/creman.com\/de\/#\/schema\/logo\/image\/","url":"https:\/\/creman.com\/wp-content\/uploads\/2020\/11\/CreMan-Logo.png","contentUrl":"https:\/\/creman.com\/wp-content\/uploads\/2020\/11\/CreMan-Logo.png","width":300,"height":43,"caption":"CreMan B.V."},"image":{"@id":"https:\/\/creman.com\/de\/#\/schema\/logo\/image\/"},"sameAs":["https:\/\/www.linkedin.com\/company\/creman-debt-collection-agency\/"]}]}},"_links":{"self":[{"href":"https:\/\/creman.com\/de\/wp-json\/wp\/v2\/pages\/4973","targetHints":{"allow":["GET"]}}],"collection":[{"href":"https:\/\/creman.com\/de\/wp-json\/wp\/v2\/pages"}],"about":[{"href":"https:\/\/creman.com\/de\/wp-json\/wp\/v2\/types\/page"}],"author":[{"embeddable":true,"href":"https:\/\/creman.com\/de\/wp-json\/wp\/v2\/users\/5"}],"replies":[{"embeddable":true,"href":"https:\/\/creman.com\/de\/wp-json\/wp\/v2\/comments?post=4973"}],"version-history":[{"count":10,"href":"https:\/\/creman.com\/de\/wp-json\/wp\/v2\/pages\/4973\/revisions"}],"predecessor-version":[{"id":12149,"href":"https:\/\/creman.com\/de\/wp-json\/wp\/v2\/pages\/4973\/revisions\/12149"}],"wp:attachment":[{"href":"https:\/\/creman.com\/de\/wp-json\/wp\/v2\/media?parent=4973"}],"curies":[{"name":"wp","href":"https:\/\/api.w.org\/{rel}","templated":true}]}}