{"id":4983,"date":"2021-01-13T11:09:16","date_gmt":"2021-01-13T10:09:16","guid":{"rendered":"https:\/\/creman.com\/kreditinformationen\/"},"modified":"2021-01-13T12:37:42","modified_gmt":"2021-01-13T11:37:42","slug":"kreditinformationen","status":"publish","type":"page","link":"https:\/\/creman.com\/de\/kreditinformationen","title":{"rendered":"Kreditinformationen"},"content":{"rendered":"\n<style type=\"text\/css\" data-created_by=\"avia_inline_auto\" id=\"style-css-av-k8g4eg40-fcd2b480299582a949bf49f688938cce\">\n.avia-section.av-k8g4eg40-fcd2b480299582a949bf49f688938cce .av-section-color-overlay{\nopacity:0.5;\nbackground-color:#000000;\n}\n<\/style>\n<div id='av_section_1'  class='avia-section av-k8g4eg40-fcd2b480299582a949bf49f688938cce main_color avia-section-default avia-no-border-styling  avia-builder-el-0  el_before_av_section  avia-builder-el-first  avia-bg-style-parallax av-section-color-overlay-active av-minimum-height av-minimum-height-custom av-height-custom  container_wrap fullsize'   data-av_minimum_height_px='350'><div class=\"av-section-color-overlay-wrap\"><div class=\"av-section-color-overlay\"><\/div><div class='container av-section-cont-open' style='height:350px'><main  role=\"main\" itemprop=\"mainContentOfPage\"  class='template-page content  av-content-full alpha units'><div class='post-entry post-entry-type-page post-entry-4983'><div class='entry-content-wrapper clearfix'>\n\n<style type=\"text\/css\" data-created_by=\"avia_inline_auto\" id=\"style-css-av-gjgos-c22fc7c503a99630f5fdfb36e1a90600\">\n.flex_column.av-gjgos-c22fc7c503a99630f5fdfb36e1a90600{\nborder-radius:0px 0px 0px 0px;\npadding:0px 0px 0px 0px;\n}\n<\/style>\n<div  class='flex_column av-gjgos-c22fc7c503a99630f5fdfb36e1a90600 av_one_full  avia-builder-el-1  avia-builder-el-no-sibling  first flex_column_div av-zero-column-padding  '     ><style type=\"text\/css\" data-created_by=\"avia_inline_auto\" id=\"style-css-av-k8g4eo2d-9bbeb14c3bb6eb0b66dd2532d08be103\">\n#top .av_textblock_section.av-k8g4eo2d-9bbeb14c3bb6eb0b66dd2532d08be103 .avia_textblock{\ncolor:#ffffff;\n}\n<\/style>\n<section  class='av_textblock_section av-k8g4eo2d-9bbeb14c3bb6eb0b66dd2532d08be103 '   itemscope=\"itemscope\" itemtype=\"https:\/\/schema.org\/CreativeWork\" ><div class='avia_textblock av_inherit_color'  itemprop=\"text\" ><h1 class=\"uppercase\" style=\"text-align: center;\"><strong>KREDITINFORMATIONEN<\/strong><\/h1>\n<\/div><\/section><\/div>\n\n<\/div><\/div><\/main><!-- close content main element --><\/div><\/div><\/div><div id='av_section_2'  class='avia-section av-t00u9-8a7585d2f75b7e69714f619f9ce08a48 main_color avia-section-default avia-no-border-styling  avia-builder-el-3  el_after_av_section  avia-builder-el-last  avia-bg-style-scroll container_wrap fullsize'  ><div class='container av-section-cont-open' ><div class='template-page content  av-content-full alpha units'><div class='post-entry post-entry-type-page post-entry-4983'><div class='entry-content-wrapper clearfix'>\n\n<style type=\"text\/css\" data-created_by=\"avia_inline_auto\" id=\"style-css-av-231cp-6dec8cd2e58b678480b151aec3d2bb92\">\n.flex_column.av-231cp-6dec8cd2e58b678480b151aec3d2bb92{\nborder-radius:0px 0px 0px 0px;\npadding:0px 0px 0px 0px;\n}\n<\/style>\n<div  class='flex_column av-231cp-6dec8cd2e58b678480b151aec3d2bb92 av_one_fifth  avia-builder-el-4  el_before_av_three_fifth  avia-builder-el-first  first flex_column_div av-zero-column-padding  '     ><\/div>\n<style type=\"text\/css\" data-created_by=\"avia_inline_auto\" id=\"style-css-av-ga3i1-b5afe751ba36fdbbef415d59efb31b70\">\n.flex_column.av-ga3i1-b5afe751ba36fdbbef415d59efb31b70{\nborder-radius:0px 0px 0px 0px;\npadding:0px 0px 0px 0px;\n}\n<\/style>\n<div  class='flex_column av-ga3i1-b5afe751ba36fdbbef415d59efb31b70 av_three_fifth  avia-builder-el-5  el_after_av_one_fifth  el_before_av_one_fifth  flex_column_div av-zero-column-padding  '     ><section  class='av_textblock_section av-b92ix-73c1c5291d23e40e44411cd10ba57615 '   itemscope=\"itemscope\" itemtype=\"https:\/\/schema.org\/CreativeWork\" ><div class='avia_textblock'  itemprop=\"text\" ><p>\u00dcber unsere Website k\u00f6nnen Sie Kreditauskunftsberichte von Ihren bestehenden Kunden oder potenziellen Kunden anfordern. Diese ist in verschiedenen Varianten erh\u00e4ltlich, von einer einfachen \u201eCreditscore (Bonit\u00e4tsauskunft) mit Limit&#8220; bis hin zu einer vollst\u00e4ndigen Kreditauskunft.<\/p>\n<p>Die nachstehend genannten drei Berichte k\u00f6nnen Sie bei uns anfordern:<\/p>\n<p><strong>Online-Kreditauskunft<\/strong><br \/>\nMit einer Online-Kreditauskunft haben Sie direkten Zugriff auf unsere Datenbank mit niederl\u00e4ndischen Unternehmen. <a href=\"https:\/\/creman.com\/wp-content\/uploads\/2019\/04\/groeninternational-online-kredietrapport.pdf\" target=\"_blank\" rel=\"noopener noreferrer\">Siehe Beispielsauskunft<\/a><\/p>\n<p><strong>Online-Kreditauskunft-plus<\/strong><br \/>\nMit einer Online-Kreditauskunft haben Sie direkten Zugriff auf unsere Datenbank mit niederl\u00e4ndischen Unternehmen, wobei wir Ihnen jedoch noch einen Aktualisierungsservice f\u00fcr das Handelsregister bieten. So sind Sie \u00fcber die neuesten Ver\u00e4nderungen auf dem Laufenden; beispielsweise wer derzeit im Unternehmen Prokura hat. <a href=\"https:\/\/creman.com\/wp-content\/uploads\/2019\/04\/groeninternational-online-kredietrapport-plus.pdf\" target=\"_blank\" rel=\"noopener noreferrer\">Siehe Beispielsauskunft<\/a><\/p>\n<p><strong>Ausf\u00fchrliche Kreditauskunft Niederlande<br \/>\n<\/strong>Mit einer ausf\u00fchrlichen Kreditauskunft minimieren Sie Ihre finanziellen Risiken, dank aktueller Informationen \u00fcber Ihre Gesch\u00e4ftsbeziehungen. Die ausf\u00fchrlichen Kreditausk\u00fcnfte kommen nicht direkt aus unserer Datenbank. Unsere Analysten verrichten pers\u00f6nliche Untersuchungen, analysieren die verf\u00fcgbaren Daten und sprechen eine Empfehlung aus. Diese Empfehlung basiert auf den j\u00fcngsten Jahresabschl\u00fcssen, Zahlungserfahrungen und Informationen aus dem Kataster. <a href=\"https:\/\/creman.com\/wp-content\/uploads\/2019\/04\/groeninternational-Uitgebreid-kredietrapport.pdf\" target=\"_blank\" rel=\"noopener noreferrer\">Siehe Beispielsauskunft<\/a><\/p>\n<p><strong>Ausl\u00e4ndische Online- und Offline-Kreditauskunft<\/strong><br \/>\nMehr als 85 Millionen Unternehmen sind registriert und online in unserer internationalen Datenbank aufgef\u00fchrt. Die Ausk\u00fcnfte werden in englischer Sprache mit einer sorgf\u00e4ltigen Kreditempfehlung erteilt. Sollte Ihr Unternehmen jedoch nicht online verf\u00fcgbar sein, sorgen unsere Analysten daf\u00fcr, dass Ihnen der Bericht in K\u00fcrze per Post zugestellt wird. Wir arbeiten in jedem Land mit den zuverl\u00e4ssigsten Partnern, so dass wir Ihnen eine Qualit\u00e4tsgarantie zusagen k\u00f6nnen.<\/p>\n<p>F\u00fcr weitere Informationen \u00fcber die Geb\u00fchren und M\u00f6glichkeiten k\u00f6nnen Sie sich mit einem unserer Kundenbetreuer unter der Telefonnummer <strong>+31 &#8211; (0)35 &#8211; 539 55 66 <\/strong>oder per Mail in Verbindung setzen.<\/p>\n<\/div><\/section><\/div>\n<style type=\"text\/css\" data-created_by=\"avia_inline_auto\" id=\"style-css-av-6u4ax-fea0684025378cd08936701b1749d659\">\n.flex_column.av-6u4ax-fea0684025378cd08936701b1749d659{\nborder-radius:0px 0px 0px 0px;\npadding:0px 0px 0px 0px;\n}\n<\/style>\n<div  class='flex_column av-6u4ax-fea0684025378cd08936701b1749d659 av_one_fifth  avia-builder-el-7  el_after_av_three_fifth  avia-builder-el-last  flex_column_div av-zero-column-padding  '     ><\/div>\n","protected":false},"excerpt":{"rendered":"","protected":false},"author":5,"featured_media":0,"parent":0,"menu_order":0,"comment_status":"closed","ping_status":"closed","template":"","meta":{"_improvement_type_select":"improve_an_existing","_thumb_yes_seoaic":false,"_frame_yes_seoaic":false,"seoaic_generate_description":"","seoaic_improve_instructions_prompt":"","seoaic_rollback_content_improvement":"","seoaic_idea_thumbnail_generator":"","thumbnail_generated":false,"thumbnail_generate_prompt":"","seoaic_article_description":"","footnotes":""},"class_list":["post-4983","page","type-page","status-publish","hentry"],"yoast_head":"<!-- This site is optimized with the Yoast SEO plugin v27.3 - https:\/\/yoast.com\/product\/yoast-seo-wordpress\/ -->\n<title>Kreditinformationen - CREMAN | CREDIT MANAGEMENT &amp; INCASSO<\/title>\n<meta name=\"robots\" content=\"index, follow, max-snippet:-1, max-image-preview:large, max-video-preview:-1\" \/>\n<link rel=\"canonical\" href=\"https:\/\/creman.com\/de\/kreditinformationen\" \/>\n<meta property=\"og:locale\" content=\"de_DE\" \/>\n<meta property=\"og:type\" content=\"article\" \/>\n<meta property=\"og:title\" content=\"Kreditinformationen - CREMAN | CREDIT MANAGEMENT &amp; INCASSO\" \/>\n<meta property=\"og:url\" content=\"https:\/\/creman.com\/de\/kreditinformationen\" \/>\n<meta property=\"og:site_name\" content=\"CREMAN | CREDIT MANAGEMENT &amp; INCASSO\" \/>\n<meta property=\"article:modified_time\" content=\"2021-01-13T11:37:42+00:00\" \/>\n<meta name=\"twitter:card\" content=\"summary_large_image\" \/>\n<meta name=\"twitter:label1\" content=\"Gesch\u00e4tzte Lesezeit\" \/>\n\t<meta name=\"twitter:data1\" content=\"6\u00a0Minuten\" \/>\n<script type=\"application\/ld+json\" class=\"yoast-schema-graph\">{\"@context\":\"https:\\\/\\\/schema.org\",\"@graph\":[{\"@type\":\"WebPage\",\"@id\":\"https:\\\/\\\/creman.com\\\/de\\\/kreditinformationen\",\"url\":\"https:\\\/\\\/creman.com\\\/de\\\/kreditinformationen\",\"name\":\"Kreditinformationen - CREMAN | CREDIT MANAGEMENT &amp; INCASSO\",\"isPartOf\":{\"@id\":\"https:\\\/\\\/creman.com\\\/de#website\"},\"datePublished\":\"2021-01-13T10:09:16+00:00\",\"dateModified\":\"2021-01-13T11:37:42+00:00\",\"breadcrumb\":{\"@id\":\"https:\\\/\\\/creman.com\\\/de\\\/kreditinformationen#breadcrumb\"},\"inLanguage\":\"de\",\"potentialAction\":[{\"@type\":\"ReadAction\",\"target\":[\"https:\\\/\\\/creman.com\\\/de\\\/kreditinformationen\"]}]},{\"@type\":\"BreadcrumbList\",\"@id\":\"https:\\\/\\\/creman.com\\\/de\\\/kreditinformationen#breadcrumb\",\"itemListElement\":[{\"@type\":\"ListItem\",\"position\":1,\"name\":\"Home\",\"item\":\"https:\\\/\\\/creman.com\\\/de\"},{\"@type\":\"ListItem\",\"position\":2,\"name\":\"Kreditinformationen\"}]},{\"@type\":\"WebSite\",\"@id\":\"https:\\\/\\\/creman.com\\\/de#website\",\"url\":\"https:\\\/\\\/creman.com\\\/de\",\"name\":\"CREMAN | CREDIT MANAGEMENT &amp; INCASSO\",\"description\":\"Incasso, jurridische diensten, debiteurenbeheer\",\"publisher\":{\"@id\":\"https:\\\/\\\/creman.com\\\/de#organization\"},\"potentialAction\":[{\"@type\":\"SearchAction\",\"target\":{\"@type\":\"EntryPoint\",\"urlTemplate\":\"https:\\\/\\\/creman.com\\\/de?s={search_term_string}\"},\"query-input\":{\"@type\":\"PropertyValueSpecification\",\"valueRequired\":true,\"valueName\":\"search_term_string\"}}],\"inLanguage\":\"de\"},{\"@type\":\"Organization\",\"@id\":\"https:\\\/\\\/creman.com\\\/de#organization\",\"name\":\"CreMan B.V.\",\"url\":\"https:\\\/\\\/creman.com\\\/de\",\"logo\":{\"@type\":\"ImageObject\",\"inLanguage\":\"de\",\"@id\":\"https:\\\/\\\/creman.com\\\/de#\\\/schema\\\/logo\\\/image\\\/\",\"url\":\"https:\\\/\\\/creman.com\\\/wp-content\\\/uploads\\\/2020\\\/11\\\/CreMan-Logo.png\",\"contentUrl\":\"https:\\\/\\\/creman.com\\\/wp-content\\\/uploads\\\/2020\\\/11\\\/CreMan-Logo.png\",\"width\":300,\"height\":43,\"caption\":\"CreMan B.V.\"},\"image\":{\"@id\":\"https:\\\/\\\/creman.com\\\/de#\\\/schema\\\/logo\\\/image\\\/\"},\"sameAs\":[\"https:\\\/\\\/www.linkedin.com\\\/company\\\/creman-debt-collection-agency\\\/\"]}]}<\/script>\n<!-- \/ Yoast SEO plugin. -->","yoast_head_json":{"title":"Kreditinformationen - CREMAN | CREDIT MANAGEMENT &amp; INCASSO","robots":{"index":"index","follow":"follow","max-snippet":"max-snippet:-1","max-image-preview":"max-image-preview:large","max-video-preview":"max-video-preview:-1"},"canonical":"https:\/\/creman.com\/de\/kreditinformationen","og_locale":"de_DE","og_type":"article","og_title":"Kreditinformationen - CREMAN | CREDIT MANAGEMENT &amp; INCASSO","og_url":"https:\/\/creman.com\/de\/kreditinformationen","og_site_name":"CREMAN | CREDIT MANAGEMENT &amp; INCASSO","article_modified_time":"2021-01-13T11:37:42+00:00","twitter_card":"summary_large_image","twitter_misc":{"Gesch\u00e4tzte Lesezeit":"6\u00a0Minuten"},"schema":{"@context":"https:\/\/schema.org","@graph":[{"@type":"WebPage","@id":"https:\/\/creman.com\/de\/kreditinformationen","url":"https:\/\/creman.com\/de\/kreditinformationen","name":"Kreditinformationen - CREMAN | CREDIT MANAGEMENT &amp; INCASSO","isPartOf":{"@id":"https:\/\/creman.com\/de#website"},"datePublished":"2021-01-13T10:09:16+00:00","dateModified":"2021-01-13T11:37:42+00:00","breadcrumb":{"@id":"https:\/\/creman.com\/de\/kreditinformationen#breadcrumb"},"inLanguage":"de","potentialAction":[{"@type":"ReadAction","target":["https:\/\/creman.com\/de\/kreditinformationen"]}]},{"@type":"BreadcrumbList","@id":"https:\/\/creman.com\/de\/kreditinformationen#breadcrumb","itemListElement":[{"@type":"ListItem","position":1,"name":"Home","item":"https:\/\/creman.com\/de"},{"@type":"ListItem","position":2,"name":"Kreditinformationen"}]},{"@type":"WebSite","@id":"https:\/\/creman.com\/de#website","url":"https:\/\/creman.com\/de","name":"CREMAN | CREDIT MANAGEMENT &amp; INCASSO","description":"Incasso, jurridische diensten, debiteurenbeheer","publisher":{"@id":"https:\/\/creman.com\/de#organization"},"potentialAction":[{"@type":"SearchAction","target":{"@type":"EntryPoint","urlTemplate":"https:\/\/creman.com\/de?s={search_term_string}"},"query-input":{"@type":"PropertyValueSpecification","valueRequired":true,"valueName":"search_term_string"}}],"inLanguage":"de"},{"@type":"Organization","@id":"https:\/\/creman.com\/de#organization","name":"CreMan B.V.","url":"https:\/\/creman.com\/de","logo":{"@type":"ImageObject","inLanguage":"de","@id":"https:\/\/creman.com\/de#\/schema\/logo\/image\/","url":"https:\/\/creman.com\/wp-content\/uploads\/2020\/11\/CreMan-Logo.png","contentUrl":"https:\/\/creman.com\/wp-content\/uploads\/2020\/11\/CreMan-Logo.png","width":300,"height":43,"caption":"CreMan B.V."},"image":{"@id":"https:\/\/creman.com\/de#\/schema\/logo\/image\/"},"sameAs":["https:\/\/www.linkedin.com\/company\/creman-debt-collection-agency\/"]}]}},"_links":{"self":[{"href":"https:\/\/creman.com\/de\/wp-json\/wp\/v2\/pages\/4983","targetHints":{"allow":["GET"]}}],"collection":[{"href":"https:\/\/creman.com\/de\/wp-json\/wp\/v2\/pages"}],"about":[{"href":"https:\/\/creman.com\/de\/wp-json\/wp\/v2\/types\/page"}],"author":[{"embeddable":true,"href":"https:\/\/creman.com\/de\/wp-json\/wp\/v2\/users\/5"}],"replies":[{"embeddable":true,"href":"https:\/\/creman.com\/de\/wp-json\/wp\/v2\/comments?post=4983"}],"version-history":[{"count":4,"href":"https:\/\/creman.com\/de\/wp-json\/wp\/v2\/pages\/4983\/revisions"}],"predecessor-version":[{"id":5051,"href":"https:\/\/creman.com\/de\/wp-json\/wp\/v2\/pages\/4983\/revisions\/5051"}],"wp:attachment":[{"href":"https:\/\/creman.com\/de\/wp-json\/wp\/v2\/media?parent=4983"}],"curies":[{"name":"wp","href":"https:\/\/api.w.org\/{rel}","templated":true}]}}