{"id":4993,"date":"2021-01-13T11:24:35","date_gmt":"2021-01-13T10:24:35","guid":{"rendered":"https:\/\/creman.com\/wir-sind-c\/"},"modified":"2021-01-18T12:27:42","modified_gmt":"2021-01-18T11:27:42","slug":"wir-sind-creman","status":"publish","type":"page","link":"https:\/\/creman.com\/de\/wir-sind-creman","title":{"rendered":"Wir sind Creman"},"content":{"rendered":"\n<style type=\"text\/css\" data-created_by=\"avia_inline_auto\" id=\"style-css-av-k8g4eg40-f241b026dca9be22851ac42c2c64a042\">\n.avia-section.av-k8g4eg40-f241b026dca9be22851ac42c2c64a042{\nbackground-repeat:no-repeat;\nbackground-image:url(https:\/\/creman.com\/wp-content\/uploads\/2021\/01\/blond-cellphone-coffee-1076814-1230x630.png);\nbackground-position:50% 50%;\nbackground-attachment:scroll;\n}\n.avia-section.av-k8g4eg40-f241b026dca9be22851ac42c2c64a042 .av-section-color-overlay{\nopacity:0.5;\nbackground-color:#000000;\n}\n<\/style>\n<div id='av_section_1'  class='avia-section av-k8g4eg40-f241b026dca9be22851ac42c2c64a042 main_color avia-section-default avia-no-border-styling  avia-builder-el-0  el_before_av_section  avia-builder-el-first  avia-full-stretch avia-bg-style-scroll av-section-color-overlay-active av-minimum-height av-minimum-height-custom av-height-custom  container_wrap fullsize'  data-section-bg-repeat='stretch' data-av_minimum_height_px='350'><div class=\"av-section-color-overlay-wrap\"><div class=\"av-section-color-overlay\"><\/div><div class='container av-section-cont-open' style='height:350px'><main  role=\"main\" itemprop=\"mainContentOfPage\"  class='template-page content  av-content-full alpha units'><div class='post-entry post-entry-type-page post-entry-4993'><div class='entry-content-wrapper clearfix'>\n\n<style type=\"text\/css\" data-created_by=\"avia_inline_auto\" id=\"style-css-av-gjgos-c22fc7c503a99630f5fdfb36e1a90600\">\n.flex_column.av-gjgos-c22fc7c503a99630f5fdfb36e1a90600{\nborder-radius:0px 0px 0px 0px;\npadding:0px 0px 0px 0px;\n}\n<\/style>\n<div  class='flex_column av-gjgos-c22fc7c503a99630f5fdfb36e1a90600 av_one_full  avia-builder-el-1  avia-builder-el-no-sibling  first flex_column_div av-zero-column-padding  '     ><style type=\"text\/css\" data-created_by=\"avia_inline_auto\" id=\"style-css-av-k8g4eo2d-9bbeb14c3bb6eb0b66dd2532d08be103\">\n#top .av_textblock_section.av-k8g4eo2d-9bbeb14c3bb6eb0b66dd2532d08be103 .avia_textblock{\ncolor:#ffffff;\n}\n<\/style>\n<section  class='av_textblock_section av-k8g4eo2d-9bbeb14c3bb6eb0b66dd2532d08be103 '   itemscope=\"itemscope\" itemtype=\"https:\/\/schema.org\/CreativeWork\" ><div class='avia_textblock av_inherit_color'  itemprop=\"text\" ><h1 class=\"uppercase\" style=\"text-align: center;\"><strong>WIR SIND CREMAN<\/strong><\/h1>\n<\/div><\/section><\/div>\n\n<\/div><\/div><\/main><!-- close content main element --><\/div><\/div><\/div><div id='av_section_2'  class='avia-section av-147rk1-9673bbddeca9904813628b848649b355 main_color avia-section-default avia-no-border-styling  avia-builder-el-3  el_after_av_section  avia-builder-el-last  avia-bg-style-scroll container_wrap fullsize'  ><div class='container av-section-cont-open' ><div class='template-page content  av-content-full alpha units'><div class='post-entry post-entry-type-page post-entry-4993'><div class='entry-content-wrapper clearfix'>\n\n<style type=\"text\/css\" data-created_by=\"avia_inline_auto\" id=\"style-css-av-xatd5-0c152240df03094febf602538d6ad078\">\n.flex_column.av-xatd5-0c152240df03094febf602538d6ad078{\nborder-radius:0px 0px 0px 0px;\npadding:0px 0px 0px 0px;\n}\n<\/style>\n<div  class='flex_column av-xatd5-0c152240df03094febf602538d6ad078 av_one_half  avia-builder-el-4  el_before_av_one_half  avia-builder-el-first  first flex_column_div av-animated-generic left-to-right av-zero-column-padding  '     ><section  class='av_textblock_section av-k8h1m6y9-f4765cdba2ecd4bcff6977d68e417f57 '   itemscope=\"itemscope\" itemtype=\"https:\/\/schema.org\/CreativeWork\" ><div class='avia_textblock'  itemprop=\"text\" ><p>CreMan wurde 2002 von Marcel Blanken gegr\u00fcndet. Bevor er CreMan gr\u00fcndete, arbeitete er als Finanzdirektor und Controller f\u00fcr gro\u00dfe internationale Unternehmen.<\/p>\n<p>Seine Erkenntnisse in puncto Qualit\u00e4t und Service im Kreditverwaltungsbereich trugen zur Gr\u00fcndung von CreMan bei. Der unseren Dienstleistungen zugrundeliegende Gedanke lautet, dem jeweiligen Auftraggeber mit einer kleinen Gruppe motivierter, professioneller Mitarbeiter schnell, flexibel und pr\u00e4zise zur Seite zu stehen. Das streben wir mit guter Kommunikation mit den Auftraggebern, der Einhaltung von Terminen, einer einfachen, klaren Verg\u00fctungsstruktur und vor allem durch die Erf\u00fcllung der Kundenw\u00fcnsche an. Dar\u00fcber hinaus sehen wir es als Herausforderung an, komplexe Probleme zu l\u00f6sen, welche die Grundlage eines Rechtsstreits sein k\u00f6nnen.<\/p>\n<\/div><\/section><\/div>\n<style type=\"text\/css\" data-created_by=\"avia_inline_auto\" id=\"style-css-av-2yach-f0f7d9ac89c25e7bb2e343871ab11aae\">\n.flex_column.av-2yach-f0f7d9ac89c25e7bb2e343871ab11aae{\nborder-radius:0px 0px 0px 0px;\npadding:0px 0px 0px 0px;\n}\n<\/style>\n<div  class='flex_column av-2yach-f0f7d9ac89c25e7bb2e343871ab11aae av_one_half  avia-builder-el-6  el_after_av_one_half  avia-builder-el-last  flex_column_div av-animated-generic right-to-left av-zero-column-padding  '     ><section  class='av_textblock_section av-k8h1m6y9-f4765cdba2ecd4bcff6977d68e417f57 '   itemscope=\"itemscope\" itemtype=\"https:\/\/schema.org\/CreativeWork\" ><div class='avia_textblock'  itemprop=\"text\" ><p>Bei unseren Auftraggebern handelt es sich um mittelgro\u00dfe bis hin zu gro\u00dfen b\u00f6rsennotierten Unternehmen. Sie erhalten bei uns feste Ansprechpartner, die f\u00fcr die in Bearbeitung befindlichen Dossiers verantwortlich sind. Auch w\u00e4hrend des Gerichtsverfahrens bleiben wir Ihr Ansprechpartner, und daher Sie k\u00f6nnen Ihre Dossiers weiterhin online und in Echtzeit verfolgen.<\/p>\n<p>Unser Ziel ist es, gemeinsam mit Ihnen Ihre Kreditverwaltungst\u00e4tigkeiten zu verbessern. Dar\u00fcber hinaus hat CreMan den Anspruch, der beste Dienstleister unserer Branche zu sein. Daf\u00fcr geben wir jeden Tag unser Bestes! Das m\u00f6chten wir Ihnen gern in einem pers\u00f6nlichen Gespr\u00e4ch n\u00e4her bringen. Falls wir Ihr Interesse geweckt haben, k\u00f6nnen Sie sich jederzeit an unser B\u00fcro unter der Telefonnummer +31- (0)35 &#8211; 539 55 66 wenden oder Ihre Anfrage per E-Mail stellen.<\/p>\n<\/div><\/section><br \/>\n<div  class='avia-button-wrap av-k8ha5tmr-82ac14c0007e9948bde3e426cce8c9d0-wrap avia-button-left  avia-builder-el-8  el_after_av_textblock  avia-builder-el-last '><a href='mailto:info@creman.nl'  class='avia-button av-k8ha5tmr-82ac14c0007e9948bde3e426cce8c9d0 av-link-btn avia-icon_select-no avia-size-medium avia-position-left avia-color-dark'   aria-label=\"Schicken Sie uns eine E-Mail\"><span class='avia_iconbox_title' >Schicken Sie uns eine E-Mail<\/span><\/a><\/div><\/p><\/div>\n\n","protected":false},"excerpt":{"rendered":"","protected":false},"author":5,"featured_media":0,"parent":0,"menu_order":0,"comment_status":"closed","ping_status":"closed","template":"","meta":{"_improvement_type_select":"improve_an_existing","_thumb_yes_seoaic":false,"_frame_yes_seoaic":false,"seoaic_generate_description":"","seoaic_improve_instructions_prompt":"","seoaic_rollback_content_improvement":"","seoaic_idea_thumbnail_generator":"","thumbnail_generated":false,"thumbnail_generate_prompt":"","seoaic_article_description":"","footnotes":""},"class_list":["post-4993","page","type-page","status-publish","hentry"],"yoast_head":"<!-- This site is optimized with the Yoast SEO plugin v27.3 - https:\/\/yoast.com\/product\/yoast-seo-wordpress\/ -->\n<title>Wir sind Creman - CREMAN | CREDIT MANAGEMENT &amp; INCASSO<\/title>\n<meta name=\"robots\" content=\"index, follow, max-snippet:-1, max-image-preview:large, max-video-preview:-1\" \/>\n<link rel=\"canonical\" href=\"https:\/\/creman.com\/de\/wir-sind-creman\" \/>\n<meta property=\"og:locale\" content=\"de_DE\" \/>\n<meta property=\"og:type\" content=\"article\" \/>\n<meta property=\"og:title\" content=\"Wir sind Creman - CREMAN | CREDIT MANAGEMENT &amp; INCASSO\" \/>\n<meta property=\"og:url\" content=\"https:\/\/creman.com\/de\/wir-sind-creman\" \/>\n<meta property=\"og:site_name\" content=\"CREMAN | CREDIT MANAGEMENT &amp; INCASSO\" \/>\n<meta property=\"article:modified_time\" content=\"2021-01-18T11:27:42+00:00\" \/>\n<meta name=\"twitter:card\" content=\"summary_large_image\" \/>\n<meta name=\"twitter:label1\" content=\"Gesch\u00e4tzte Lesezeit\" \/>\n\t<meta name=\"twitter:data1\" content=\"5\u00a0Minuten\" \/>\n<script type=\"application\/ld+json\" class=\"yoast-schema-graph\">{\"@context\":\"https:\\\/\\\/schema.org\",\"@graph\":[{\"@type\":\"WebPage\",\"@id\":\"https:\\\/\\\/creman.com\\\/de\\\/wir-sind-creman\",\"url\":\"https:\\\/\\\/creman.com\\\/de\\\/wir-sind-creman\",\"name\":\"Wir sind Creman - CREMAN | CREDIT MANAGEMENT &amp; INCASSO\",\"isPartOf\":{\"@id\":\"https:\\\/\\\/creman.com\\\/de#website\"},\"datePublished\":\"2021-01-13T10:24:35+00:00\",\"dateModified\":\"2021-01-18T11:27:42+00:00\",\"breadcrumb\":{\"@id\":\"https:\\\/\\\/creman.com\\\/de\\\/wir-sind-creman#breadcrumb\"},\"inLanguage\":\"de\",\"potentialAction\":[{\"@type\":\"ReadAction\",\"target\":[\"https:\\\/\\\/creman.com\\\/de\\\/wir-sind-creman\"]}]},{\"@type\":\"BreadcrumbList\",\"@id\":\"https:\\\/\\\/creman.com\\\/de\\\/wir-sind-creman#breadcrumb\",\"itemListElement\":[{\"@type\":\"ListItem\",\"position\":1,\"name\":\"Home\",\"item\":\"https:\\\/\\\/creman.com\\\/de\"},{\"@type\":\"ListItem\",\"position\":2,\"name\":\"Wir sind Creman\"}]},{\"@type\":\"WebSite\",\"@id\":\"https:\\\/\\\/creman.com\\\/de#website\",\"url\":\"https:\\\/\\\/creman.com\\\/de\",\"name\":\"CREMAN | CREDIT MANAGEMENT &amp; INCASSO\",\"description\":\"Incasso, jurridische diensten, debiteurenbeheer\",\"publisher\":{\"@id\":\"https:\\\/\\\/creman.com\\\/de#organization\"},\"potentialAction\":[{\"@type\":\"SearchAction\",\"target\":{\"@type\":\"EntryPoint\",\"urlTemplate\":\"https:\\\/\\\/creman.com\\\/de?s={search_term_string}\"},\"query-input\":{\"@type\":\"PropertyValueSpecification\",\"valueRequired\":true,\"valueName\":\"search_term_string\"}}],\"inLanguage\":\"de\"},{\"@type\":\"Organization\",\"@id\":\"https:\\\/\\\/creman.com\\\/de#organization\",\"name\":\"CreMan B.V.\",\"url\":\"https:\\\/\\\/creman.com\\\/de\",\"logo\":{\"@type\":\"ImageObject\",\"inLanguage\":\"de\",\"@id\":\"https:\\\/\\\/creman.com\\\/de#\\\/schema\\\/logo\\\/image\\\/\",\"url\":\"https:\\\/\\\/creman.com\\\/wp-content\\\/uploads\\\/2020\\\/11\\\/CreMan-Logo.png\",\"contentUrl\":\"https:\\\/\\\/creman.com\\\/wp-content\\\/uploads\\\/2020\\\/11\\\/CreMan-Logo.png\",\"width\":300,\"height\":43,\"caption\":\"CreMan B.V.\"},\"image\":{\"@id\":\"https:\\\/\\\/creman.com\\\/de#\\\/schema\\\/logo\\\/image\\\/\"},\"sameAs\":[\"https:\\\/\\\/www.linkedin.com\\\/company\\\/creman-debt-collection-agency\\\/\"]}]}<\/script>\n<!-- \/ Yoast SEO plugin. -->","yoast_head_json":{"title":"Wir sind Creman - CREMAN | CREDIT MANAGEMENT &amp; INCASSO","robots":{"index":"index","follow":"follow","max-snippet":"max-snippet:-1","max-image-preview":"max-image-preview:large","max-video-preview":"max-video-preview:-1"},"canonical":"https:\/\/creman.com\/de\/wir-sind-creman","og_locale":"de_DE","og_type":"article","og_title":"Wir sind Creman - CREMAN | CREDIT MANAGEMENT &amp; INCASSO","og_url":"https:\/\/creman.com\/de\/wir-sind-creman","og_site_name":"CREMAN | CREDIT MANAGEMENT &amp; INCASSO","article_modified_time":"2021-01-18T11:27:42+00:00","twitter_card":"summary_large_image","twitter_misc":{"Gesch\u00e4tzte Lesezeit":"5\u00a0Minuten"},"schema":{"@context":"https:\/\/schema.org","@graph":[{"@type":"WebPage","@id":"https:\/\/creman.com\/de\/wir-sind-creman","url":"https:\/\/creman.com\/de\/wir-sind-creman","name":"Wir sind Creman - CREMAN | CREDIT MANAGEMENT &amp; INCASSO","isPartOf":{"@id":"https:\/\/creman.com\/de#website"},"datePublished":"2021-01-13T10:24:35+00:00","dateModified":"2021-01-18T11:27:42+00:00","breadcrumb":{"@id":"https:\/\/creman.com\/de\/wir-sind-creman#breadcrumb"},"inLanguage":"de","potentialAction":[{"@type":"ReadAction","target":["https:\/\/creman.com\/de\/wir-sind-creman"]}]},{"@type":"BreadcrumbList","@id":"https:\/\/creman.com\/de\/wir-sind-creman#breadcrumb","itemListElement":[{"@type":"ListItem","position":1,"name":"Home","item":"https:\/\/creman.com\/de"},{"@type":"ListItem","position":2,"name":"Wir sind Creman"}]},{"@type":"WebSite","@id":"https:\/\/creman.com\/de#website","url":"https:\/\/creman.com\/de","name":"CREMAN | CREDIT MANAGEMENT &amp; INCASSO","description":"Incasso, jurridische diensten, debiteurenbeheer","publisher":{"@id":"https:\/\/creman.com\/de#organization"},"potentialAction":[{"@type":"SearchAction","target":{"@type":"EntryPoint","urlTemplate":"https:\/\/creman.com\/de?s={search_term_string}"},"query-input":{"@type":"PropertyValueSpecification","valueRequired":true,"valueName":"search_term_string"}}],"inLanguage":"de"},{"@type":"Organization","@id":"https:\/\/creman.com\/de#organization","name":"CreMan B.V.","url":"https:\/\/creman.com\/de","logo":{"@type":"ImageObject","inLanguage":"de","@id":"https:\/\/creman.com\/de#\/schema\/logo\/image\/","url":"https:\/\/creman.com\/wp-content\/uploads\/2020\/11\/CreMan-Logo.png","contentUrl":"https:\/\/creman.com\/wp-content\/uploads\/2020\/11\/CreMan-Logo.png","width":300,"height":43,"caption":"CreMan B.V."},"image":{"@id":"https:\/\/creman.com\/de#\/schema\/logo\/image\/"},"sameAs":["https:\/\/www.linkedin.com\/company\/creman-debt-collection-agency\/"]}]}},"_links":{"self":[{"href":"https:\/\/creman.com\/de\/wp-json\/wp\/v2\/pages\/4993","targetHints":{"allow":["GET"]}}],"collection":[{"href":"https:\/\/creman.com\/de\/wp-json\/wp\/v2\/pages"}],"about":[{"href":"https:\/\/creman.com\/de\/wp-json\/wp\/v2\/types\/page"}],"author":[{"embeddable":true,"href":"https:\/\/creman.com\/de\/wp-json\/wp\/v2\/users\/5"}],"replies":[{"embeddable":true,"href":"https:\/\/creman.com\/de\/wp-json\/wp\/v2\/comments?post=4993"}],"version-history":[{"count":5,"href":"https:\/\/creman.com\/de\/wp-json\/wp\/v2\/pages\/4993\/revisions"}],"predecessor-version":[{"id":5261,"href":"https:\/\/creman.com\/de\/wp-json\/wp\/v2\/pages\/4993\/revisions\/5261"}],"wp:attachment":[{"href":"https:\/\/creman.com\/de\/wp-json\/wp\/v2\/media?parent=4993"}],"curies":[{"name":"wp","href":"https:\/\/api.w.org\/{rel}","templated":true}]}}