{"id":5065,"date":"2021-01-14T11:35:11","date_gmt":"2021-01-14T10:35:11","guid":{"rendered":"https:\/\/creman.com\/subcontratar-la-gestion-de-los-deudores\/"},"modified":"2021-01-14T15:25:11","modified_gmt":"2021-01-14T14:25:11","slug":"subcontratar-la-gestion-de-los-deudores","status":"publish","type":"page","link":"https:\/\/creman.com\/es\/subcontratar-la-gestion-de-los-deudores\/","title":{"rendered":"Subcontratar la gesti\u00f3n de los deudores"},"content":{"rendered":"\n<style type=\"text\/css\" data-created_by=\"avia_inline_auto\" id=\"style-css-av-k8g4eg40-67f709aa3011fbe7c214dfbee2ad541b\">\n.avia-section.av-k8g4eg40-67f709aa3011fbe7c214dfbee2ad541b .av-parallax .av-parallax-inner{\nbackground-repeat:no-repeat;\nbackground-image:url(https:\/\/creman.com\/wp-content\/uploads\/2020\/07\/alice-pasqual-Olki5QpHxts-unsplash.klein_.jpg);\nbackground-position:50% 0%;\nbackground-attachment:scroll;\n}\n.avia-section.av-k8g4eg40-67f709aa3011fbe7c214dfbee2ad541b .av-section-color-overlay{\nopacity:0.5;\nbackground-color:#000000;\n}\n<\/style>\n<div id='av_section_1'  class='avia-section av-k8g4eg40-67f709aa3011fbe7c214dfbee2ad541b main_color avia-section-default avia-no-border-styling  avia-builder-el-0  el_before_av_section  avia-builder-el-first  avia-full-stretch av-parallax-section avia-bg-style-parallax av-section-color-overlay-active av-minimum-height av-minimum-height-custom av-height-custom  container_wrap fullsize'  data-section-bg-repeat='stretch' data-av_minimum_height_px='350'><div class='av-parallax' data-avia-parallax-ratio='0.3' ><div class='av-parallax-inner main_color avia-full-stretch'><\/div><\/div><div class=\"av-section-color-overlay-wrap\"><div class=\"av-section-color-overlay\"><\/div><div class='container av-section-cont-open' style='height:350px'><main  role=\"main\" itemprop=\"mainContentOfPage\"  class='template-page content  av-content-full alpha units'><div class='post-entry post-entry-type-page post-entry-5065'><div class='entry-content-wrapper clearfix'>\r\n\n<style type=\"text\/css\" data-created_by=\"avia_inline_auto\" id=\"style-css-av-gjgos-c22fc7c503a99630f5fdfb36e1a90600\">\n.flex_column.av-gjgos-c22fc7c503a99630f5fdfb36e1a90600{\nborder-radius:0px 0px 0px 0px;\npadding:0px 0px 0px 0px;\n}\n<\/style>\n<div  class='flex_column av-gjgos-c22fc7c503a99630f5fdfb36e1a90600 av_one_full  avia-builder-el-1  avia-builder-el-no-sibling  first flex_column_div av-zero-column-padding  '     ><style type=\"text\/css\" data-created_by=\"avia_inline_auto\" id=\"style-css-av-k8g4eo2d-9bbeb14c3bb6eb0b66dd2532d08be103\">\n#top .av_textblock_section.av-k8g4eo2d-9bbeb14c3bb6eb0b66dd2532d08be103 .avia_textblock{\ncolor:#ffffff;\n}\n<\/style>\n<section  class='av_textblock_section av-k8g4eo2d-9bbeb14c3bb6eb0b66dd2532d08be103 '   itemscope=\"itemscope\" itemtype=\"https:\/\/schema.org\/CreativeWork\" ><div class='avia_textblock av_inherit_color'  itemprop=\"text\" ><h1 class=\"uppercase\" style=\"text-align: center;\"><strong>SUBCONTRATAR LA GESTI\u00d3N DE LOS DEUDORES<\/strong><\/h1>\n<\/div><\/section><\/div>\r\n\r\n\r\n<\/div><\/div><\/main><!-- close content main element --><\/div><\/div><\/div><div id='av_section_2'  class='avia-section av-hbrzb-578e3d5845280f08b09f126a41696964 main_color avia-section-default avia-no-border-styling  avia-builder-el-3  el_after_av_section  avia-builder-el-last  avia-bg-style-scroll container_wrap fullsize'  ><div class='container av-section-cont-open' ><div class='template-page content  av-content-full alpha units'><div class='post-entry post-entry-type-page post-entry-5065'><div class='entry-content-wrapper clearfix'>\r\n\r\n<div class='flex_column_table av-k8h9yo4z-61779d95d1d1a45d10491defd22a3cea sc-av_one_half av-equal-height-column-flextable'>\n<style type=\"text\/css\" data-created_by=\"avia_inline_auto\" id=\"style-css-av-k8h9yo4z-61779d95d1d1a45d10491defd22a3cea\">\n.flex_column.av-k8h9yo4z-61779d95d1d1a45d10491defd22a3cea{\nborder-radius:0px 0px 0px 0px;\npadding:0px 0px 0px 0px;\n}\n<\/style>\n<div  class='flex_column av-k8h9yo4z-61779d95d1d1a45d10491defd22a3cea av_one_half  avia-builder-el-4  el_before_av_one_half  avia-builder-el-first  first no_margin flex_column_table_cell av-equal-height-column av-align-middle av-zero-column-padding  '     ><section  class='av_textblock_section av-k8h9xqhx-a9ab492f0e17baea55da9d46c2b69404 '   itemscope=\"itemscope\" itemtype=\"https:\/\/schema.org\/CreativeWork\" ><div class='avia_textblock'  itemprop=\"text\" ><p>Le aconsejamos no esperar al cobro de las facturas hasta que sea demasiado tarde, es mejor tenerlo todo bien planificado para que las facturas pendientes se paguen a tiempo.<\/p>\n<p>\u00a1D\u00e9 a su cliente una \u00faltima oportunidad para pagar sus costes adicionales!<\/p>\n<p>Cada empresa tiene su propia forma de tratar a sus deudores, por lo que elaboramos un plan de acercamiento previo con usted para no pasar por alto ninguno de sus requisitos.<\/p>\n<p style=\"text-align: left;\"><b>Ventajas de la gesti\u00f3n de deudores:<\/b><\/p>\n<ul style=\"text-align: left;\">\n<li style=\"text-align: left;\">Ahorro de tiempo valioso;<\/li>\n<li style=\"text-align: left;\">Fortalecimiento de la situaci\u00f3n de liquidez de su empresa;<\/li>\n<li style=\"text-align: left;\">Reducci\u00f3n dr\u00e1stica del per\u00edodo medio de cobro (DSO, por sus siglas en ingl\u00e9s);<\/li>\n<li style=\"text-align: left;\">Ahorro en gastos administrativos y de env\u00edo.<\/li>\n<\/ul>\n<p>Una vez que usted haya enviado los correos pendientes, nosotros nos encargaremos de enviar los recordatorios, reclamaciones o, si fuese necesario, las notificaciones de incumplimiento. Si as\u00ed lo desea, tambi\u00e9n nos pondremos en contacto con sus deudores por tel\u00e9fono.<\/p>\n<p>En caso necesario, el procedimiento de reclamaci\u00f3n se puede transferir sin problemas al procedimiento de cobro de la deuda, lo que tambi\u00e9n le ahorrar\u00e1 mucho tiempo. Le aseguramos que consultaremos cada decisi\u00f3n previamente con usted.<\/p>\n<p>Puede solicitar un presupuesto para la gesti\u00f3n de sus deudores a continuaci\u00f3n. Nos pondremos en contacto con usted con la mayor brevedad posible. Para obtener m\u00e1s informaci\u00f3n puede contactar tambi\u00e9n con nosotros a trav\u00e9s del correo electr\u00f3nico o por tel\u00e9fono.<\/p>\n<p>\u00bfPrefiere mantener la gesti\u00f3n de deudores usted mismo pero est\u00e1 interesado en el<\/p>\n<p>software de gesti\u00f3n de cr\u00e9dito? Haga clic en el siguiente bot\u00f3n:<\/p>\n<\/div><\/section>\n<div  class='avia-button-wrap av-k8h9zpc5-8a0fc46eefec2a4f9cb40c988f4c7a5b-wrap avia-button-left  avia-builder-el-6  el_after_av_textblock  avia-builder-el-last '><a href='https:\/\/creman.com\/es\/gestion-de-credito-2\/'  class='avia-button av-k8h9zpc5-8a0fc46eefec2a4f9cb40c988f4c7a5b av-link-btn avia-icon_select-no avia-size-medium avia-position-left avia-color-theme-color-highlight'   aria-label=\"Haga clic aqu\u00ed para obtener el software\"><span class='avia_iconbox_title' >Haga clic aqu\u00ed para obtener el software<\/span><\/a><\/div><\/div>\n<style type=\"text\/css\" data-created_by=\"avia_inline_auto\" id=\"style-css-av-b8krz-2271081f14e59628e3e151343a66652c\">\n.flex_column.av-b8krz-2271081f14e59628e3e151343a66652c{\nborder-radius:0px 0px 0px 0px;\npadding:0px 0px 0px 0px;\n}\n<\/style>\n<div  class='flex_column av-b8krz-2271081f14e59628e3e151343a66652c av_one_half  avia-builder-el-7  el_after_av_one_half  avia-builder-el-last  no_margin flex_column_table_cell av-equal-height-column av-align-middle av-zero-column-padding  '     ><section  class='av_textblock_section av-k8h9xqhx-a9ab492f0e17baea55da9d46c2b69404 '   itemscope=\"itemscope\" itemtype=\"https:\/\/schema.org\/CreativeWork\" ><div class='avia_textblock'  itemprop=\"text\" ><h2 style=\"text-align: center;\">\u00bfNecesita asesoramiento para la gesti\u00f3n de sus deudores?<\/h2>\n<p><!-- \/wp:post-content --><\/p>\n<\/div><\/section>\n<div  class='avia-button-wrap av-k8h9zpc5-2e7ff2d40b351d94af950fae1d465095-wrap avia-button-center  avia-builder-el-9  el_after_av_textblock  avia-builder-el-last '><a href='https:\/\/creman.com\/contact\/'  class='avia-button av-k8h9zpc5-2e7ff2d40b351d94af950fae1d465095 av-link-btn avia-icon_select-no avia-size-medium avia-position-center avia-color-theme-color-highlight'   aria-label=\"Estaremos encantados de poder ayudarle\"><span class='avia_iconbox_title' >Estaremos encantados de poder ayudarle<\/span><\/a><\/div><\/div><\/div><!--close column table wrapper. Autoclose: 1 --><!-- \/wp:freeform -->","protected":false},"excerpt":{"rendered":"","protected":false},"author":5,"featured_media":0,"parent":0,"menu_order":0,"comment_status":"closed","ping_status":"closed","template":"","meta":{"_improvement_type_select":"improve_an_existing","_thumb_yes_seoaic":false,"_frame_yes_seoaic":false,"seoaic_generate_description":"","seoaic_improve_instructions_prompt":"","seoaic_rollback_content_improvement":"","seoaic_idea_thumbnail_generator":"","thumbnail_generated":false,"thumbnail_generate_prompt":"","seoaic_article_description":"","footnotes":""},"class_list":["post-5065","page","type-page","status-publish","hentry"],"yoast_head":"<!-- This site is optimized with the Yoast SEO plugin v27.4 - https:\/\/yoast.com\/product\/yoast-seo-wordpress\/ -->\n<title>Subcontratar la gesti\u00f3n de los deudores - CREMAN | CREDIT MANAGEMENT &amp; INCASSO<\/title>\n<meta name=\"robots\" content=\"index, follow, max-snippet:-1, max-image-preview:large, max-video-preview:-1\" \/>\n<link rel=\"canonical\" href=\"https:\/\/creman.com\/es\/subcontratar-la-gestion-de-los-deudores\/\" \/>\n<meta property=\"og:locale\" content=\"es_ES\" \/>\n<meta property=\"og:type\" content=\"article\" \/>\n<meta property=\"og:title\" content=\"Subcontratar la gesti\u00f3n de los deudores - CREMAN | CREDIT MANAGEMENT &amp; INCASSO\" \/>\n<meta property=\"og:url\" content=\"https:\/\/creman.com\/es\/subcontratar-la-gestion-de-los-deudores\/\" \/>\n<meta property=\"og:site_name\" content=\"CREMAN | CREDIT MANAGEMENT &amp; INCASSO\" \/>\n<meta property=\"article:modified_time\" content=\"2021-01-14T14:25:11+00:00\" \/>\n<meta name=\"twitter:card\" content=\"summary_large_image\" \/>\n<meta name=\"twitter:label1\" content=\"Tiempo de lectura\" \/>\n\t<meta name=\"twitter:data1\" content=\"6 minutos\" \/>\n<script type=\"application\/ld+json\" class=\"yoast-schema-graph\">{\"@context\":\"https:\\\/\\\/schema.org\",\"@graph\":[{\"@type\":\"WebPage\",\"@id\":\"https:\\\/\\\/creman.com\\\/es\\\/subcontratar-la-gestion-de-los-deudores\\\/\",\"url\":\"https:\\\/\\\/creman.com\\\/es\\\/subcontratar-la-gestion-de-los-deudores\\\/\",\"name\":\"Subcontratar la gesti\u00f3n de los deudores - CREMAN | CREDIT MANAGEMENT &amp; INCASSO\",\"isPartOf\":{\"@id\":\"https:\\\/\\\/creman.com\\\/es\\\/#website\"},\"datePublished\":\"2021-01-14T10:35:11+00:00\",\"dateModified\":\"2021-01-14T14:25:11+00:00\",\"breadcrumb\":{\"@id\":\"https:\\\/\\\/creman.com\\\/es\\\/subcontratar-la-gestion-de-los-deudores\\\/#breadcrumb\"},\"inLanguage\":\"es\",\"potentialAction\":[{\"@type\":\"ReadAction\",\"target\":[\"https:\\\/\\\/creman.com\\\/es\\\/subcontratar-la-gestion-de-los-deudores\\\/\"]}]},{\"@type\":\"BreadcrumbList\",\"@id\":\"https:\\\/\\\/creman.com\\\/es\\\/subcontratar-la-gestion-de-los-deudores\\\/#breadcrumb\",\"itemListElement\":[{\"@type\":\"ListItem\",\"position\":1,\"name\":\"Home\",\"item\":\"https:\\\/\\\/creman.com\\\/es\\\/\"},{\"@type\":\"ListItem\",\"position\":2,\"name\":\"Subcontratar la gesti\u00f3n de los deudores\"}]},{\"@type\":\"WebSite\",\"@id\":\"https:\\\/\\\/creman.com\\\/es\\\/#website\",\"url\":\"https:\\\/\\\/creman.com\\\/es\\\/\",\"name\":\"CREMAN | CREDIT MANAGEMENT &amp; INCASSO\",\"description\":\"Incasso, jurridische diensten, debiteurenbeheer\",\"publisher\":{\"@id\":\"https:\\\/\\\/creman.com\\\/es\\\/#organization\"},\"potentialAction\":[{\"@type\":\"SearchAction\",\"target\":{\"@type\":\"EntryPoint\",\"urlTemplate\":\"https:\\\/\\\/creman.com\\\/es\\\/?s={search_term_string}\"},\"query-input\":{\"@type\":\"PropertyValueSpecification\",\"valueRequired\":true,\"valueName\":\"search_term_string\"}}],\"inLanguage\":\"es\"},{\"@type\":\"Organization\",\"@id\":\"https:\\\/\\\/creman.com\\\/es\\\/#organization\",\"name\":\"CreMan B.V.\",\"url\":\"https:\\\/\\\/creman.com\\\/es\\\/\",\"logo\":{\"@type\":\"ImageObject\",\"inLanguage\":\"es\",\"@id\":\"https:\\\/\\\/creman.com\\\/es\\\/#\\\/schema\\\/logo\\\/image\\\/\",\"url\":\"https:\\\/\\\/creman.com\\\/wp-content\\\/uploads\\\/2020\\\/11\\\/CreMan-Logo.png\",\"contentUrl\":\"https:\\\/\\\/creman.com\\\/wp-content\\\/uploads\\\/2020\\\/11\\\/CreMan-Logo.png\",\"width\":300,\"height\":43,\"caption\":\"CreMan B.V.\"},\"image\":{\"@id\":\"https:\\\/\\\/creman.com\\\/es\\\/#\\\/schema\\\/logo\\\/image\\\/\"},\"sameAs\":[\"https:\\\/\\\/www.linkedin.com\\\/company\\\/creman-debt-collection-agency\\\/\"]}]}<\/script>\n<!-- \/ Yoast SEO plugin. -->","yoast_head_json":{"title":"Subcontratar la gesti\u00f3n de los deudores - CREMAN | CREDIT MANAGEMENT &amp; INCASSO","robots":{"index":"index","follow":"follow","max-snippet":"max-snippet:-1","max-image-preview":"max-image-preview:large","max-video-preview":"max-video-preview:-1"},"canonical":"https:\/\/creman.com\/es\/subcontratar-la-gestion-de-los-deudores\/","og_locale":"es_ES","og_type":"article","og_title":"Subcontratar la gesti\u00f3n de los deudores - CREMAN | CREDIT MANAGEMENT &amp; INCASSO","og_url":"https:\/\/creman.com\/es\/subcontratar-la-gestion-de-los-deudores\/","og_site_name":"CREMAN | CREDIT MANAGEMENT &amp; INCASSO","article_modified_time":"2021-01-14T14:25:11+00:00","twitter_card":"summary_large_image","twitter_misc":{"Tiempo de lectura":"6 minutos"},"schema":{"@context":"https:\/\/schema.org","@graph":[{"@type":"WebPage","@id":"https:\/\/creman.com\/es\/subcontratar-la-gestion-de-los-deudores\/","url":"https:\/\/creman.com\/es\/subcontratar-la-gestion-de-los-deudores\/","name":"Subcontratar la gesti\u00f3n de los deudores - CREMAN | CREDIT MANAGEMENT &amp; INCASSO","isPartOf":{"@id":"https:\/\/creman.com\/es\/#website"},"datePublished":"2021-01-14T10:35:11+00:00","dateModified":"2021-01-14T14:25:11+00:00","breadcrumb":{"@id":"https:\/\/creman.com\/es\/subcontratar-la-gestion-de-los-deudores\/#breadcrumb"},"inLanguage":"es","potentialAction":[{"@type":"ReadAction","target":["https:\/\/creman.com\/es\/subcontratar-la-gestion-de-los-deudores\/"]}]},{"@type":"BreadcrumbList","@id":"https:\/\/creman.com\/es\/subcontratar-la-gestion-de-los-deudores\/#breadcrumb","itemListElement":[{"@type":"ListItem","position":1,"name":"Home","item":"https:\/\/creman.com\/es\/"},{"@type":"ListItem","position":2,"name":"Subcontratar la gesti\u00f3n de los deudores"}]},{"@type":"WebSite","@id":"https:\/\/creman.com\/es\/#website","url":"https:\/\/creman.com\/es\/","name":"CREMAN | CREDIT MANAGEMENT &amp; INCASSO","description":"Incasso, jurridische diensten, debiteurenbeheer","publisher":{"@id":"https:\/\/creman.com\/es\/#organization"},"potentialAction":[{"@type":"SearchAction","target":{"@type":"EntryPoint","urlTemplate":"https:\/\/creman.com\/es\/?s={search_term_string}"},"query-input":{"@type":"PropertyValueSpecification","valueRequired":true,"valueName":"search_term_string"}}],"inLanguage":"es"},{"@type":"Organization","@id":"https:\/\/creman.com\/es\/#organization","name":"CreMan B.V.","url":"https:\/\/creman.com\/es\/","logo":{"@type":"ImageObject","inLanguage":"es","@id":"https:\/\/creman.com\/es\/#\/schema\/logo\/image\/","url":"https:\/\/creman.com\/wp-content\/uploads\/2020\/11\/CreMan-Logo.png","contentUrl":"https:\/\/creman.com\/wp-content\/uploads\/2020\/11\/CreMan-Logo.png","width":300,"height":43,"caption":"CreMan B.V."},"image":{"@id":"https:\/\/creman.com\/es\/#\/schema\/logo\/image\/"},"sameAs":["https:\/\/www.linkedin.com\/company\/creman-debt-collection-agency\/"]}]}},"_links":{"self":[{"href":"https:\/\/creman.com\/es\/wp-json\/wp\/v2\/pages\/5065","targetHints":{"allow":["GET"]}}],"collection":[{"href":"https:\/\/creman.com\/es\/wp-json\/wp\/v2\/pages"}],"about":[{"href":"https:\/\/creman.com\/es\/wp-json\/wp\/v2\/types\/page"}],"author":[{"embeddable":true,"href":"https:\/\/creman.com\/es\/wp-json\/wp\/v2\/users\/5"}],"replies":[{"embeddable":true,"href":"https:\/\/creman.com\/es\/wp-json\/wp\/v2\/comments?post=5065"}],"version-history":[{"count":4,"href":"https:\/\/creman.com\/es\/wp-json\/wp\/v2\/pages\/5065\/revisions"}],"predecessor-version":[{"id":5194,"href":"https:\/\/creman.com\/es\/wp-json\/wp\/v2\/pages\/5065\/revisions\/5194"}],"wp:attachment":[{"href":"https:\/\/creman.com\/es\/wp-json\/wp\/v2\/media?parent=5065"}],"curies":[{"name":"wp","href":"https:\/\/api.w.org\/{rel}","templated":true}]}}