{"id":5074,"date":"2021-01-14T11:50:00","date_gmt":"2021-01-14T10:50:00","guid":{"rendered":"https:\/\/creman.com\/gestion-de-credito\/"},"modified":"2026-02-26T10:19:00","modified_gmt":"2026-02-26T09:19:00","slug":"gestion-de-credito-2","status":"publish","type":"page","link":"https:\/\/creman.com\/es\/gestion-de-credito-2\/","title":{"rendered":"Gesti\u00f3n de cr\u00e9dito"},"content":{"rendered":"\n<style type=\"text\/css\" data-created_by=\"avia_inline_auto\" id=\"style-css-av-k8g4eg40-6ab2822f02fa0d8574262c1d7862c69e\">\n.avia-section.av-k8g4eg40-6ab2822f02fa0d8574262c1d7862c69e .av-section-color-overlay{\nopacity:0.5;\nbackground-color:#000000;\n}\n<\/style>\n<div id='av_section_1'  class='avia-section av-k8g4eg40-6ab2822f02fa0d8574262c1d7862c69e main_color avia-section-default avia-no-border-styling  avia-builder-el-0  el_before_av_one_full  avia-builder-el-first  avia-bg-style-parallax av-section-color-overlay-active av-minimum-height av-minimum-height-custom av-height-custom  container_wrap fullsize'   data-av_minimum_height_px='350'><div class=\"av-section-color-overlay-wrap\"><div class=\"av-section-color-overlay\"><\/div><div class='container av-section-cont-open' style='height:350px'><main  role=\"main\" itemprop=\"mainContentOfPage\"  class='template-page content  av-content-full alpha units'><div class='post-entry post-entry-type-page post-entry-5074'><div class='entry-content-wrapper clearfix'>\n\n<style type=\"text\/css\" data-created_by=\"avia_inline_auto\" id=\"style-css-av-gjgos-c22fc7c503a99630f5fdfb36e1a90600\">\n.flex_column.av-gjgos-c22fc7c503a99630f5fdfb36e1a90600{\nborder-radius:0px 0px 0px 0px;\npadding:0px 0px 0px 0px;\n}\n<\/style>\n<div  class='flex_column av-gjgos-c22fc7c503a99630f5fdfb36e1a90600 av_one_full  avia-builder-el-1  avia-builder-el-no-sibling  first flex_column_div av-zero-column-padding  '     ><style type=\"text\/css\" data-created_by=\"avia_inline_auto\" id=\"style-css-av-k8g4eo2d-9bbeb14c3bb6eb0b66dd2532d08be103\">\n#top .av_textblock_section.av-k8g4eo2d-9bbeb14c3bb6eb0b66dd2532d08be103 .avia_textblock{\ncolor:#ffffff;\n}\n<\/style>\n<section  class='av_textblock_section av-k8g4eo2d-9bbeb14c3bb6eb0b66dd2532d08be103 '   itemscope=\"itemscope\" itemtype=\"https:\/\/schema.org\/CreativeWork\" ><div class='avia_textblock av_inherit_color'  itemprop=\"text\" ><h1 class=\"uppercase\" style=\"text-align: center;\"><strong>GESTI\u00d3N DE CR\u00c9DITO<\/strong><\/h1>\n<\/div><\/section><\/div>\n<\/div><\/div><\/main><!-- close content main element --><\/div><\/div><\/div><div id='after_section_1'  class='main_color av_default_container_wrap container_wrap fullsize'  ><div class='container av-section-cont-open' ><div class='template-page content  av-content-full alpha units'><div class='post-entry post-entry-type-page post-entry-5074'><div class='entry-content-wrapper clearfix'>\n<div  class='flex_column av-av_one_full-4236371e50272b4ec399280bbf76d6bf av_one_full  avia-builder-el-3  el_after_av_section  el_before_av_section  avia-builder-el-no-sibling  first flex_column_div  '     ><style type=\"text\/css\" data-created_by=\"avia_inline_auto\" id=\"style-css-av-mm391a67-37fb6e448be7308557bea9b6622de30b\">\n#top .av_textblock_section.av-mm391a67-37fb6e448be7308557bea9b6622de30b .avia_textblock{\npadding:0 0 0 0;\n}\n<\/style>\n<section  class='av_textblock_section av-mm391a67-37fb6e448be7308557bea9b6622de30b '   itemscope=\"itemscope\" itemtype=\"https:\/\/schema.org\/CreativeWork\" ><div class='avia_textblock'  itemprop=\"text\" ><h2 data-start=\"0\" data-end=\"46\">\u00bfQu\u00e9 es <span class=\"hover:entity-accent entity-underline inline cursor-pointer align-baseline\"><span class=\"whitespace-normal\">DebCollect<\/span><\/span>?<\/h2>\n<p data-start=\"48\" data-end=\"382\">DebCollect es el software de gesti\u00f3n de cr\u00e9dito en l\u00ednea dise\u00f1ado especialmente para ofrecer a las organizaciones un control total sobre sus deudores y procesos de facturaci\u00f3n. Est\u00e1 pensado para simplificar y mejorar la gesti\u00f3n de cuentas por cobrar, ya se trate de flujos de trabajo sencillos o de perfiles de deudores m\u00e1s complejos.<\/p>\n<p data-start=\"384\" data-end=\"683\">Con DebCollect puedes:<br data-start=\"406\" data-end=\"409\" \/>\u2013 Enviar autom\u00e1ticamente recordatorios y avisos de pago<br data-start=\"464\" data-end=\"467\" \/>\u2013 Gestionar los procesos de deudores de forma clara y estructurada<br data-start=\"533\" data-end=\"536\" \/>\u2013 Adaptar f\u00e1cilmente cartas, perfiles y procesos a trav\u00e9s de la interfaz<br data-start=\"608\" data-end=\"611\" \/>\u2013 Integrarlo con tus sistemas existentes, como software contable o ERP<\/p>\n<p data-start=\"685\" data-end=\"935\">DebCollect funciona completamente en l\u00ednea, lo que significa que puedes acceder desde cualquier lugar a trav\u00e9s de ordenador, tablet o tel\u00e9fono m\u00f3vil. El software cuenta con certificaci\u00f3n <strong>ISO 27001<\/strong>, lo que garantiza una protecci\u00f3n fiable de tus datos.<\/p>\n<\/div><\/section><\/div><\/div><\/div><\/div><!-- close content main div --><\/div><\/div><div id='av_section_2'  class='avia-section av-av_section-942aacc4cd0a2e643b3b893e07f9a647 main_color avia-section-small avia-no-border-styling  avia-builder-el-5  el_after_av_one_full  el_before_av_two_third  avia-bg-style-scroll container_wrap fullsize'  ><div class='container av-section-cont-open' ><div class='template-page content  av-content-full alpha units'><div class='post-entry post-entry-type-page post-entry-5074'><div class='entry-content-wrapper clearfix'>\n<section  class='av_textblock_section av-mm391hv8-2f3f192b2dd0c40bface89700c176c45 '   itemscope=\"itemscope\" itemtype=\"https:\/\/schema.org\/CreativeWork\" ><div class='avia_textblock'  itemprop=\"text\" ><h2 style=\"text-align: center;\">\u00bfC\u00f3mo funciona DebCollect?<\/h2>\n<\/div><\/section>\n<div  class='flex_column av-av_one_third-4236371e50272b4ec399280bbf76d6bf av_one_third  avia-builder-el-7  el_after_av_textblock  el_before_av_one_third  first flex_column_div  column-top-margin'     ><section  class='av_textblock_section av-mm391u2z-4c5a065870809f3017a4bdf9f755a144 '   itemscope=\"itemscope\" itemtype=\"https:\/\/schema.org\/CreativeWork\" ><div class='avia_textblock'  itemprop=\"text\" ><p style=\"text-align: center;\" data-start=\"965\" data-end=\"1000\"><strong>Flujos de trabajo personalizables<\/strong><\/p>\n<\/div><\/section><br \/>\n\n<style type=\"text\/css\" data-created_by=\"avia_inline_auto\" id=\"style-css-av-av_image-8536694f67042def4e7c46516e525db3\">\n.avia-image-container.av-av_image-8536694f67042def4e7c46516e525db3 img.avia_image{\nbox-shadow:none;\n}\n.avia-image-container.av-av_image-8536694f67042def4e7c46516e525db3 .av-image-caption-overlay-center{\ncolor:#ffffff;\n}\n<\/style>\n<div  class='avia-image-container av-av_image-8536694f67042def4e7c46516e525db3 av-styling- avia-align-center  avia-builder-el-9  el_after_av_textblock  el_before_av_textblock '   itemprop=\"image\" itemscope=\"itemscope\" itemtype=\"https:\/\/schema.org\/ImageObject\" ><div class=\"avia-image-container-inner\"><div class=\"avia-image-overlay-wrap\"><img decoding=\"async\" fetchpriority=\"high\" class='wp-image-12103 avia-img-lazy-loading-not-12103 avia_image ' src=\"https:\/\/creman.com\/wp-content\/uploads\/2026\/02\/2.png\" alt='' title='2'  height=\"2100\" width=\"2100\"  itemprop=\"thumbnailUrl\" srcset=\"https:\/\/creman.com\/wp-content\/uploads\/2026\/02\/2.png 2100w, https:\/\/creman.com\/wp-content\/uploads\/2026\/02\/2-300x300.png 300w, https:\/\/creman.com\/wp-content\/uploads\/2026\/02\/2-1030x1030.png 1030w, https:\/\/creman.com\/wp-content\/uploads\/2026\/02\/2-80x80.png 80w, https:\/\/creman.com\/wp-content\/uploads\/2026\/02\/2-768x768.png 768w, https:\/\/creman.com\/wp-content\/uploads\/2026\/02\/2-1536x1536.png 1536w, https:\/\/creman.com\/wp-content\/uploads\/2026\/02\/2-2048x2048.png 2048w, https:\/\/creman.com\/wp-content\/uploads\/2026\/02\/2-36x36.png 36w, https:\/\/creman.com\/wp-content\/uploads\/2026\/02\/2-180x180.png 180w, https:\/\/creman.com\/wp-content\/uploads\/2026\/02\/2-1500x1500.png 1500w, https:\/\/creman.com\/wp-content\/uploads\/2026\/02\/2-705x705.png 705w\" sizes=\"(max-width: 2100px) 100vw, 2100px\" \/><\/div><\/div><\/div><br \/>\n<section  class='av_textblock_section av-mm392nmj-516380f812ca7abdb6fb063fc52d244d '   itemscope=\"itemscope\" itemtype=\"https:\/\/schema.org\/CreativeWork\" ><div class='avia_textblock'  itemprop=\"text\" ><p style=\"text-align: center;\">DebCollect admite tanto procesos simples como procesos complejos con m\u00faltiples etapas. Puedes definir c\u00f3mo se desarrolla un flujo de trabajo a\u00f1adiendo y ejecutando acciones espec\u00edficas.<\/p>\n<\/div><\/section><\/p><\/div><div  class='flex_column av-av_one_third-d9d4235c4dc5477e29570d3b99e2b500 av_one_third  avia-builder-el-11  el_after_av_one_third  el_before_av_one_third  flex_column_div  column-top-margin'     ><section  class='av_textblock_section av-mm3922ih-2ad4e5763e8f865b4eac14aaff62e729 '   itemscope=\"itemscope\" itemtype=\"https:\/\/schema.org\/CreativeWork\" ><div class='avia_textblock'  itemprop=\"text\" ><p style=\"text-align: center;\" data-start=\"1189\" data-end=\"1222\"><strong>Visi\u00f3n general y automatizaci\u00f3n<\/strong><\/p>\n<\/div><\/section><br \/>\n\n<style type=\"text\/css\" data-created_by=\"avia_inline_auto\" id=\"style-css-av-av_image-9b49b48b6d20a3bd41a3e3a21947d8b3\">\n.avia-image-container.av-av_image-9b49b48b6d20a3bd41a3e3a21947d8b3 img.avia_image{\nbox-shadow:none;\n}\n.avia-image-container.av-av_image-9b49b48b6d20a3bd41a3e3a21947d8b3 .av-image-caption-overlay-center{\ncolor:#ffffff;\n}\n<\/style>\n<div  class='avia-image-container av-av_image-9b49b48b6d20a3bd41a3e3a21947d8b3 av-styling- avia-align-center  avia-builder-el-13  el_after_av_textblock  el_before_av_textblock '   itemprop=\"image\" itemscope=\"itemscope\" itemtype=\"https:\/\/schema.org\/ImageObject\" ><div class=\"avia-image-container-inner\"><div class=\"avia-image-overlay-wrap\"><img decoding=\"async\" fetchpriority=\"high\" class='wp-image-12109 avia-img-lazy-loading-not-12109 avia_image ' src=\"https:\/\/creman.com\/wp-content\/uploads\/2026\/02\/3.png\" alt='' title='3'  height=\"2100\" width=\"2100\"  itemprop=\"thumbnailUrl\" srcset=\"https:\/\/creman.com\/wp-content\/uploads\/2026\/02\/3.png 2100w, https:\/\/creman.com\/wp-content\/uploads\/2026\/02\/3-300x300.png 300w, https:\/\/creman.com\/wp-content\/uploads\/2026\/02\/3-1030x1030.png 1030w, https:\/\/creman.com\/wp-content\/uploads\/2026\/02\/3-80x80.png 80w, https:\/\/creman.com\/wp-content\/uploads\/2026\/02\/3-768x768.png 768w, https:\/\/creman.com\/wp-content\/uploads\/2026\/02\/3-1536x1536.png 1536w, https:\/\/creman.com\/wp-content\/uploads\/2026\/02\/3-2048x2048.png 2048w, https:\/\/creman.com\/wp-content\/uploads\/2026\/02\/3-36x36.png 36w, https:\/\/creman.com\/wp-content\/uploads\/2026\/02\/3-180x180.png 180w, https:\/\/creman.com\/wp-content\/uploads\/2026\/02\/3-1500x1500.png 1500w, https:\/\/creman.com\/wp-content\/uploads\/2026\/02\/3-705x705.png 705w\" sizes=\"(max-width: 2100px) 100vw, 2100px\" \/><\/div><\/div><\/div><br \/>\n<section  class='av_textblock_section av-mm392wex-7a5fd0afc519a3abd02480c867c0fd63 '   itemscope=\"itemscope\" itemtype=\"https:\/\/schema.org\/CreativeWork\" ><div class='avia_textblock'  itemprop=\"text\" ><p style=\"text-align: center;\" data-start=\"1654\" data-end=\"1902\">En el panel de control puedes ver qu\u00e9 est\u00e1 pendiente y qu\u00e9 pasos ya se han completado o a\u00fan deben realizarse. Los recordatorios y avisos se env\u00edan <strong>autom\u00e1ticamente<\/strong> con un solo clic, reduciendo considerablemente el trabajo manual.<\/p>\n<\/div><\/section><\/p><\/div><div  class='flex_column av-av_one_third-d9d4235c4dc5477e29570d3b99e2b500 av_one_third  avia-builder-el-15  el_after_av_one_third  avia-builder-el-last  flex_column_div  column-top-margin'     ><section  class='av_textblock_section av-mm392c8v-730329bf9fc55d609165c6ab21735a2f '   itemscope=\"itemscope\" itemtype=\"https:\/\/schema.org\/CreativeWork\" ><div class='avia_textblock'  itemprop=\"text\" ><p style=\"text-align: center;\" data-start=\"1454\" data-end=\"1486\"><strong>Integraci\u00f3n con otros sistemas<\/strong><\/p>\n<\/div><\/section><br \/>\n\n<style type=\"text\/css\" data-created_by=\"avia_inline_auto\" id=\"style-css-av-av_image-db2c40ec8c8fe5d88ff504f71ac4905d\">\n.avia-image-container.av-av_image-db2c40ec8c8fe5d88ff504f71ac4905d img.avia_image{\nbox-shadow:none;\n}\n.avia-image-container.av-av_image-db2c40ec8c8fe5d88ff504f71ac4905d .av-image-caption-overlay-center{\ncolor:#ffffff;\n}\n<\/style>\n<div  class='avia-image-container av-av_image-db2c40ec8c8fe5d88ff504f71ac4905d av-styling- avia-align-center  avia-builder-el-17  el_after_av_textblock  el_before_av_textblock '   itemprop=\"image\" itemscope=\"itemscope\" itemtype=\"https:\/\/schema.org\/ImageObject\" ><div class=\"avia-image-container-inner\"><div class=\"avia-image-overlay-wrap\"><img decoding=\"async\" fetchpriority=\"high\" class='wp-image-12122 avia-img-lazy-loading-not-12122 avia_image ' src=\"https:\/\/creman.com\/wp-content\/uploads\/2026\/02\/CMS-integratie.png\" alt='' title='CMS integratie'  height=\"2100\" width=\"2100\"  itemprop=\"thumbnailUrl\" srcset=\"https:\/\/creman.com\/wp-content\/uploads\/2026\/02\/CMS-integratie.png 2100w, https:\/\/creman.com\/wp-content\/uploads\/2026\/02\/CMS-integratie-300x300.png 300w, https:\/\/creman.com\/wp-content\/uploads\/2026\/02\/CMS-integratie-1030x1030.png 1030w, https:\/\/creman.com\/wp-content\/uploads\/2026\/02\/CMS-integratie-80x80.png 80w, https:\/\/creman.com\/wp-content\/uploads\/2026\/02\/CMS-integratie-768x768.png 768w, https:\/\/creman.com\/wp-content\/uploads\/2026\/02\/CMS-integratie-1536x1536.png 1536w, https:\/\/creman.com\/wp-content\/uploads\/2026\/02\/CMS-integratie-2048x2048.png 2048w, https:\/\/creman.com\/wp-content\/uploads\/2026\/02\/CMS-integratie-36x36.png 36w, https:\/\/creman.com\/wp-content\/uploads\/2026\/02\/CMS-integratie-180x180.png 180w, https:\/\/creman.com\/wp-content\/uploads\/2026\/02\/CMS-integratie-1500x1500.png 1500w, https:\/\/creman.com\/wp-content\/uploads\/2026\/02\/CMS-integratie-705x705.png 705w\" sizes=\"(max-width: 2100px) 100vw, 2100px\" \/><\/div><\/div><\/div><br \/>\n<section  class='av_textblock_section av-mm39345i-7b6bc8336bd5075bc81ba9ddff01b9ce '   itemscope=\"itemscope\" itemtype=\"https:\/\/schema.org\/CreativeWork\" ><div class='avia_textblock'  itemprop=\"text\" ><p style=\"text-align: center;\">La plataforma se integra con casi cualquier sistema contable o ERP, lo que permite introducir los datos una sola vez y mantenerlos sincronizados autom\u00e1ticamente.<\/p>\n<\/div><\/section><\/p><\/div><\/div><\/div><\/div><!-- close content main div --><\/div><\/div><div id='after_section_2'  class='main_color av_default_container_wrap container_wrap fullsize'  ><div class='container av-section-cont-open' ><div class='template-page content  av-content-full alpha units'><div class='post-entry post-entry-type-page post-entry-5074'><div class='entry-content-wrapper clearfix'><div  class='flex_column av-av_two_third-4236371e50272b4ec399280bbf76d6bf av_two_third  avia-builder-el-19  el_after_av_section  el_before_av_one_third  avia-builder-el-first  first flex_column_div  '     ><section  class='av_textblock_section av-mm393p7g-ff11ee8c55ad5d5e5fe0798dbb20c2a5 '   itemscope=\"itemscope\" itemtype=\"https:\/\/schema.org\/CreativeWork\" ><div class='avia_textblock'  itemprop=\"text\" ><h2 data-start=\"1651\" data-end=\"1716\">Aspectos clave a considerar en un software de Credit Management<\/h2>\n<p data-start=\"1718\" data-end=\"1913\">El software adecuado de Credit Management (CMS) ayuda a que tu organizaci\u00f3n y la gesti\u00f3n de deudores sean m\u00e1s eficientes, eficaces y coherentes, al mismo tiempo que mejora el servicio al cliente.<\/p>\n<p data-start=\"1915\" data-end=\"1936\">Principales ventajas:<\/p>\n<p data-start=\"1938\" data-end=\"2047\"><strong>Operativas<\/strong>: Automatizaci\u00f3n de tareas diarias como la comunicaci\u00f3n digital, los planes de pago y los informes.<\/p>\n<p data-start=\"2049\" data-end=\"2192\"><strong>Financieras<\/strong>: Optimiza el proceso order-to-cash, mejora el flujo de caja, reduce el DSO y disminuye los costes de gesti\u00f3n de cuentas por cobrar.<\/p>\n<p data-start=\"2194\" data-end=\"2326\"><strong>Organizativas<\/strong>: Proporciona procedimientos y directrices claras, fomentando la profesionalizaci\u00f3n y la satisfacci\u00f3n de los empleados.<\/p>\n<p data-start=\"2328\" data-end=\"2463\"><strong>Comerciales<\/strong>: Mejora la gesti\u00f3n de la informaci\u00f3n y de los clientes, permiti\u00e9ndote dedicar m\u00e1s tiempo a relaciones comerciales de valor.<\/p>\n<\/div><\/section><\/div><div  class='flex_column av-av_one_third-d9d4235c4dc5477e29570d3b99e2b500 av_one_third  avia-builder-el-21  el_after_av_two_third  avia-builder-el-last  flex_column_div  '     ><section  class='av_textblock_section av-mm393w96-377538e6f04fa77fb68b67d6a78d86d9 '   itemscope=\"itemscope\" itemtype=\"https:\/\/schema.org\/CreativeWork\" ><div class='avia_textblock'  itemprop=\"text\" ><h2 style=\"text-align: center;\">Descubre por ti mismo c\u00f3mo DebCollect optimiza tu gesti\u00f3n de cuentas por cobrar.<\/h2>\n<\/div><\/section><br \/>\n<div  class='avia-button-wrap av-mm3944m7-cf77e9084ff298ae8687b59a58d34a45-wrap avia-button-center  avia-builder-el-23  el_after_av_textblock  avia-builder-el-last '><a href='https:\/\/creman.com\/contact\/'  class='avia-button av-mm3944m7-cf77e9084ff298ae8687b59a58d34a45 av-link-btn avia-icon_select-no avia-size-medium avia-position-center avia-color-theme-color'  target=\"_blank\"  rel=\"noopener noreferrer\"  aria-label=\"Solicita una demostraci\u00f3n.\"><span class='avia_iconbox_title' >Solicita una demostraci\u00f3n.<\/span><\/a><\/div><\/p><\/div><\/p>\n","protected":false},"excerpt":{"rendered":"","protected":false},"author":5,"featured_media":0,"parent":0,"menu_order":0,"comment_status":"closed","ping_status":"closed","template":"","meta":{"_improvement_type_select":"improve_an_existing","_thumb_yes_seoaic":false,"_frame_yes_seoaic":false,"seoaic_generate_description":"","seoaic_improve_instructions_prompt":"","seoaic_rollback_content_improvement":"","seoaic_idea_thumbnail_generator":"","thumbnail_generated":false,"thumbnail_generate_prompt":"","seoaic_article_description":"","footnotes":""},"class_list":["post-5074","page","type-page","status-publish","hentry"],"yoast_head":"<!-- This site is optimized with the Yoast SEO plugin v27.5 - https:\/\/yoast.com\/product\/yoast-seo-wordpress\/ -->\n<title>Gesti\u00f3n de cr\u00e9dito - CREMAN | CREDIT MANAGEMENT &amp; INCASSO<\/title>\n<meta name=\"robots\" content=\"index, follow, max-snippet:-1, max-image-preview:large, max-video-preview:-1\" \/>\n<link rel=\"canonical\" href=\"https:\/\/creman.com\/es\/gestion-de-credito-2\/\" \/>\n<meta property=\"og:locale\" content=\"es_ES\" \/>\n<meta property=\"og:type\" content=\"article\" \/>\n<meta property=\"og:title\" content=\"Gesti\u00f3n de cr\u00e9dito - CREMAN | CREDIT MANAGEMENT &amp; INCASSO\" \/>\n<meta property=\"og:url\" content=\"https:\/\/creman.com\/es\/gestion-de-credito-2\/\" \/>\n<meta property=\"og:site_name\" content=\"CREMAN | CREDIT MANAGEMENT &amp; INCASSO\" \/>\n<meta property=\"article:modified_time\" content=\"2026-02-26T09:19:00+00:00\" \/>\n<meta name=\"twitter:card\" content=\"summary_large_image\" \/>\n<meta name=\"twitter:label1\" content=\"Tiempo de lectura\" \/>\n\t<meta name=\"twitter:data1\" content=\"3 minutos\" \/>\n<script type=\"application\/ld+json\" class=\"yoast-schema-graph\">{\"@context\":\"https:\\\/\\\/schema.org\",\"@graph\":[{\"@type\":\"WebPage\",\"@id\":\"https:\\\/\\\/creman.com\\\/es\\\/gestion-de-credito-2\\\/\",\"url\":\"https:\\\/\\\/creman.com\\\/es\\\/gestion-de-credito-2\\\/\",\"name\":\"Gesti\u00f3n de cr\u00e9dito - CREMAN | CREDIT MANAGEMENT &amp; INCASSO\",\"isPartOf\":{\"@id\":\"https:\\\/\\\/creman.com\\\/es\\\/#website\"},\"datePublished\":\"2021-01-14T10:50:00+00:00\",\"dateModified\":\"2026-02-26T09:19:00+00:00\",\"breadcrumb\":{\"@id\":\"https:\\\/\\\/creman.com\\\/es\\\/gestion-de-credito-2\\\/#breadcrumb\"},\"inLanguage\":\"es\",\"potentialAction\":[{\"@type\":\"ReadAction\",\"target\":[\"https:\\\/\\\/creman.com\\\/es\\\/gestion-de-credito-2\\\/\"]}]},{\"@type\":\"BreadcrumbList\",\"@id\":\"https:\\\/\\\/creman.com\\\/es\\\/gestion-de-credito-2\\\/#breadcrumb\",\"itemListElement\":[{\"@type\":\"ListItem\",\"position\":1,\"name\":\"Home\",\"item\":\"https:\\\/\\\/creman.com\\\/es\\\/\"},{\"@type\":\"ListItem\",\"position\":2,\"name\":\"Gesti\u00f3n de cr\u00e9dito\"}]},{\"@type\":\"WebSite\",\"@id\":\"https:\\\/\\\/creman.com\\\/es\\\/#website\",\"url\":\"https:\\\/\\\/creman.com\\\/es\\\/\",\"name\":\"CREMAN | CREDIT MANAGEMENT &amp; INCASSO\",\"description\":\"Incasso, jurridische diensten, debiteurenbeheer\",\"publisher\":{\"@id\":\"https:\\\/\\\/creman.com\\\/es\\\/#organization\"},\"potentialAction\":[{\"@type\":\"SearchAction\",\"target\":{\"@type\":\"EntryPoint\",\"urlTemplate\":\"https:\\\/\\\/creman.com\\\/es\\\/?s={search_term_string}\"},\"query-input\":{\"@type\":\"PropertyValueSpecification\",\"valueRequired\":true,\"valueName\":\"search_term_string\"}}],\"inLanguage\":\"es\"},{\"@type\":\"Organization\",\"@id\":\"https:\\\/\\\/creman.com\\\/es\\\/#organization\",\"name\":\"CreMan B.V.\",\"url\":\"https:\\\/\\\/creman.com\\\/es\\\/\",\"logo\":{\"@type\":\"ImageObject\",\"inLanguage\":\"es\",\"@id\":\"https:\\\/\\\/creman.com\\\/es\\\/#\\\/schema\\\/logo\\\/image\\\/\",\"url\":\"https:\\\/\\\/creman.com\\\/wp-content\\\/uploads\\\/2020\\\/11\\\/CreMan-Logo.png\",\"contentUrl\":\"https:\\\/\\\/creman.com\\\/wp-content\\\/uploads\\\/2020\\\/11\\\/CreMan-Logo.png\",\"width\":300,\"height\":43,\"caption\":\"CreMan B.V.\"},\"image\":{\"@id\":\"https:\\\/\\\/creman.com\\\/es\\\/#\\\/schema\\\/logo\\\/image\\\/\"},\"sameAs\":[\"https:\\\/\\\/www.linkedin.com\\\/company\\\/creman-debt-collection-agency\\\/\"]}]}<\/script>\n<!-- \/ Yoast SEO plugin. -->","yoast_head_json":{"title":"Gesti\u00f3n de cr\u00e9dito - CREMAN | CREDIT MANAGEMENT &amp; INCASSO","robots":{"index":"index","follow":"follow","max-snippet":"max-snippet:-1","max-image-preview":"max-image-preview:large","max-video-preview":"max-video-preview:-1"},"canonical":"https:\/\/creman.com\/es\/gestion-de-credito-2\/","og_locale":"es_ES","og_type":"article","og_title":"Gesti\u00f3n de cr\u00e9dito - CREMAN | CREDIT MANAGEMENT &amp; INCASSO","og_url":"https:\/\/creman.com\/es\/gestion-de-credito-2\/","og_site_name":"CREMAN | CREDIT MANAGEMENT &amp; INCASSO","article_modified_time":"2026-02-26T09:19:00+00:00","twitter_card":"summary_large_image","twitter_misc":{"Tiempo de lectura":"3 minutos"},"schema":{"@context":"https:\/\/schema.org","@graph":[{"@type":"WebPage","@id":"https:\/\/creman.com\/es\/gestion-de-credito-2\/","url":"https:\/\/creman.com\/es\/gestion-de-credito-2\/","name":"Gesti\u00f3n de cr\u00e9dito - CREMAN | CREDIT MANAGEMENT &amp; INCASSO","isPartOf":{"@id":"https:\/\/creman.com\/es\/#website"},"datePublished":"2021-01-14T10:50:00+00:00","dateModified":"2026-02-26T09:19:00+00:00","breadcrumb":{"@id":"https:\/\/creman.com\/es\/gestion-de-credito-2\/#breadcrumb"},"inLanguage":"es","potentialAction":[{"@type":"ReadAction","target":["https:\/\/creman.com\/es\/gestion-de-credito-2\/"]}]},{"@type":"BreadcrumbList","@id":"https:\/\/creman.com\/es\/gestion-de-credito-2\/#breadcrumb","itemListElement":[{"@type":"ListItem","position":1,"name":"Home","item":"https:\/\/creman.com\/es\/"},{"@type":"ListItem","position":2,"name":"Gesti\u00f3n de cr\u00e9dito"}]},{"@type":"WebSite","@id":"https:\/\/creman.com\/es\/#website","url":"https:\/\/creman.com\/es\/","name":"CREMAN | CREDIT MANAGEMENT &amp; INCASSO","description":"Incasso, jurridische diensten, debiteurenbeheer","publisher":{"@id":"https:\/\/creman.com\/es\/#organization"},"potentialAction":[{"@type":"SearchAction","target":{"@type":"EntryPoint","urlTemplate":"https:\/\/creman.com\/es\/?s={search_term_string}"},"query-input":{"@type":"PropertyValueSpecification","valueRequired":true,"valueName":"search_term_string"}}],"inLanguage":"es"},{"@type":"Organization","@id":"https:\/\/creman.com\/es\/#organization","name":"CreMan B.V.","url":"https:\/\/creman.com\/es\/","logo":{"@type":"ImageObject","inLanguage":"es","@id":"https:\/\/creman.com\/es\/#\/schema\/logo\/image\/","url":"https:\/\/creman.com\/wp-content\/uploads\/2020\/11\/CreMan-Logo.png","contentUrl":"https:\/\/creman.com\/wp-content\/uploads\/2020\/11\/CreMan-Logo.png","width":300,"height":43,"caption":"CreMan B.V."},"image":{"@id":"https:\/\/creman.com\/es\/#\/schema\/logo\/image\/"},"sameAs":["https:\/\/www.linkedin.com\/company\/creman-debt-collection-agency\/"]}]}},"_links":{"self":[{"href":"https:\/\/creman.com\/es\/wp-json\/wp\/v2\/pages\/5074","targetHints":{"allow":["GET"]}}],"collection":[{"href":"https:\/\/creman.com\/es\/wp-json\/wp\/v2\/pages"}],"about":[{"href":"https:\/\/creman.com\/es\/wp-json\/wp\/v2\/types\/page"}],"author":[{"embeddable":true,"href":"https:\/\/creman.com\/es\/wp-json\/wp\/v2\/users\/5"}],"replies":[{"embeddable":true,"href":"https:\/\/creman.com\/es\/wp-json\/wp\/v2\/comments?post=5074"}],"version-history":[{"count":7,"href":"https:\/\/creman.com\/es\/wp-json\/wp\/v2\/pages\/5074\/revisions"}],"predecessor-version":[{"id":12155,"href":"https:\/\/creman.com\/es\/wp-json\/wp\/v2\/pages\/5074\/revisions\/12155"}],"wp:attachment":[{"href":"https:\/\/creman.com\/es\/wp-json\/wp\/v2\/media?parent=5074"}],"curies":[{"name":"wp","href":"https:\/\/api.w.org\/{rel}","templated":true}]}}