{"id":5077,"date":"2021-01-14T11:53:53","date_gmt":"2021-01-14T10:53:53","guid":{"rendered":"https:\/\/creman.com\/informacion-de-credito\/"},"modified":"2021-01-14T11:53:54","modified_gmt":"2021-01-14T10:53:54","slug":"informacion-de-credito","status":"publish","type":"page","link":"https:\/\/creman.com\/es\/informacion-de-credito\/","title":{"rendered":"Informaci\u00f3n de cr\u00e9dito"},"content":{"rendered":"\n<style type=\"text\/css\" data-created_by=\"avia_inline_auto\" id=\"style-css-av-k8g4eg40-fcd2b480299582a949bf49f688938cce\">\n.avia-section.av-k8g4eg40-fcd2b480299582a949bf49f688938cce .av-section-color-overlay{\nopacity:0.5;\nbackground-color:#000000;\n}\n<\/style>\n<div id='av_section_1'  class='avia-section av-k8g4eg40-fcd2b480299582a949bf49f688938cce main_color avia-section-default avia-no-border-styling  avia-builder-el-0  el_before_av_section  avia-builder-el-first  avia-bg-style-parallax av-section-color-overlay-active av-minimum-height av-minimum-height-custom av-height-custom  container_wrap fullsize'   data-av_minimum_height_px='350'><div class=\"av-section-color-overlay-wrap\"><div class=\"av-section-color-overlay\"><\/div><div class='container av-section-cont-open' style='height:350px'><main  role=\"main\" itemprop=\"mainContentOfPage\"  class='template-page content  av-content-full alpha units'><div class='post-entry post-entry-type-page post-entry-5077'><div class='entry-content-wrapper clearfix'>\n\n<style type=\"text\/css\" data-created_by=\"avia_inline_auto\" id=\"style-css-av-gjgos-c22fc7c503a99630f5fdfb36e1a90600\">\n.flex_column.av-gjgos-c22fc7c503a99630f5fdfb36e1a90600{\nborder-radius:0px 0px 0px 0px;\npadding:0px 0px 0px 0px;\n}\n<\/style>\n<div  class='flex_column av-gjgos-c22fc7c503a99630f5fdfb36e1a90600 av_one_full  avia-builder-el-1  avia-builder-el-no-sibling  first flex_column_div av-zero-column-padding  '     ><style type=\"text\/css\" data-created_by=\"avia_inline_auto\" id=\"style-css-av-k8g4eo2d-9bbeb14c3bb6eb0b66dd2532d08be103\">\n#top .av_textblock_section.av-k8g4eo2d-9bbeb14c3bb6eb0b66dd2532d08be103 .avia_textblock{\ncolor:#ffffff;\n}\n<\/style>\n<section  class='av_textblock_section av-k8g4eo2d-9bbeb14c3bb6eb0b66dd2532d08be103 '   itemscope=\"itemscope\" itemtype=\"https:\/\/schema.org\/CreativeWork\" ><div class='avia_textblock av_inherit_color'  itemprop=\"text\" ><h1 class=\"uppercase\" style=\"text-align: center;\"><strong>INFORMACI\u00d3N DE CR\u00c9DITO<\/strong><\/h1>\n<p style=\"text-align: center;\">\n<\/div><\/section><\/div>\n\n<\/div><\/div><\/main><!-- close content main element --><\/div><\/div><\/div><div id='av_section_2'  class='avia-section av-t00u9-8a7585d2f75b7e69714f619f9ce08a48 main_color avia-section-default avia-no-border-styling  avia-builder-el-3  el_after_av_section  avia-builder-el-last  avia-bg-style-scroll container_wrap fullsize'  ><div class='container av-section-cont-open' ><div class='template-page content  av-content-full alpha units'><div class='post-entry post-entry-type-page post-entry-5077'><div class='entry-content-wrapper clearfix'>\n\n<style type=\"text\/css\" data-created_by=\"avia_inline_auto\" id=\"style-css-av-231cp-6dec8cd2e58b678480b151aec3d2bb92\">\n.flex_column.av-231cp-6dec8cd2e58b678480b151aec3d2bb92{\nborder-radius:0px 0px 0px 0px;\npadding:0px 0px 0px 0px;\n}\n<\/style>\n<div  class='flex_column av-231cp-6dec8cd2e58b678480b151aec3d2bb92 av_one_fifth  avia-builder-el-4  el_before_av_three_fifth  avia-builder-el-first  first flex_column_div av-zero-column-padding  '     ><\/div>\n<style type=\"text\/css\" data-created_by=\"avia_inline_auto\" id=\"style-css-av-ga3i1-b5afe751ba36fdbbef415d59efb31b70\">\n.flex_column.av-ga3i1-b5afe751ba36fdbbef415d59efb31b70{\nborder-radius:0px 0px 0px 0px;\npadding:0px 0px 0px 0px;\n}\n<\/style>\n<div  class='flex_column av-ga3i1-b5afe751ba36fdbbef415d59efb31b70 av_three_fifth  avia-builder-el-5  el_after_av_one_fifth  el_before_av_one_fifth  flex_column_div av-zero-column-padding  '     ><section  class='av_textblock_section av-b92ix-73c1c5291d23e40e44411cd10ba57615 '   itemscope=\"itemscope\" itemtype=\"https:\/\/schema.org\/CreativeWork\" ><div class='avia_textblock'  itemprop=\"text\" ><p>A trav\u00e9s de nuestro sitio web puede solicitar un informe del historial de cr\u00e9dito de sus clientes actuales o potenciales. Lo podr\u00e1 recibir en varios formatos, desde un simple \u00abinforme de calificaci\u00f3n crediticia limitada\u00bb hasta un historial de cr\u00e9dito completo.<\/p>\n<p>Podr\u00e1 solicitarnos los siguientes 3 informes:<\/p>\n<p><strong>Informe de cr\u00e9dito en l\u00ednea<\/strong><br \/>\nCon un historial de cr\u00e9dito en l\u00ednea tendr\u00e1 acceso directo a nuestra base de datos de empresas neerlandesas. <a href=\"https:\/\/creman.com\/wp-content\/uploads\/2019\/04\/groeninternational-online-kredietrapport.pdf\">Ver un ejemplo de informe<\/a><\/p>\n<p><strong>Informe de cr\u00e9dito en l\u00ednea plus<\/strong><br \/>\nCon el Informe de cr\u00e9dito en l\u00ednea plus no solo tiene acceso directo a nuestra base de datos de empresas neerlandesas, sino que tambi\u00e9n le ofrecemos un servicio de actualizaci\u00f3n del Registro Mercantil. De esta manera, estar\u00e1 al tanto de las \u00faltimas modificaciones como, por ejemplo, qui\u00e9n tiene el poder notarial dentro de la empresa en este momento. <a href=\"https:\/\/creman.com\/wp-content\/uploads\/2019\/04\/groeninternational-online-kredietrapport-plus.pdf\">Ver un ejemplo de informe<\/a><\/p>\n<p><strong>Informe de cr\u00e9dito ampliado de los Pa\u00edses Bajos<\/strong><br \/>\nCon un informe de cr\u00e9dito ampliado, usted minimiza sus riesgos financieros con informaci\u00f3n actualizada sobre sus clientes. El informe de cr\u00e9dito ampliado no proviene directamente de nuestra base de datos, sino que nuestros analistas realizan una investigaci\u00f3n de manera individual, analizan la informaci\u00f3n disponible y ofrecen asesoramiento. Este asesoramiento se basa en las cuentas anuales m\u00e1s recientes, las experiencias de pago y la informaci\u00f3n catastral. <a href=\"https:\/\/creman.com\/wp-content\/uploads\/2019\/04\/groeninternational-Uitgebreid-kredietrapport.pdf\">Ver un ejemplo de informe<\/a><\/p>\n<p><strong>Informe de cr\u00e9dito extranjero en l\u00ednea y fuera de l\u00ednea<\/strong><br \/>\nEn nuestra base de datos internacional existen m\u00e1s de 85 millones de empresas registradas y en l\u00ednea. Los informes est\u00e1n en ingl\u00e9s con un buen asesoramiento de cr\u00e9dito. Sin embargo, en caso de que su empresa no est\u00e9 disponible en l\u00ednea, nuestros analistas se asegurar\u00e1n de que el informe le sea entregado por correo electr\u00f3nico en la m\u00e1xima brevedad posible. Para poder garantizarle la mejor calidad, trabajamos con los socios de m\u00e1s confianza de cada pa\u00eds.<\/p>\n<p>Para m\u00e1s informaci\u00f3n sobre tarifas y opciones, puede ponerse en contacto con uno de nuestros administradores de cuenta a trav\u00e9s del n\u00famero de tel\u00e9fono <strong>035 &#8211; 539 55 66<\/strong> o por correo electr\u00f3nico.<\/p>\n<\/div><\/section><\/div>\n<style type=\"text\/css\" data-created_by=\"avia_inline_auto\" id=\"style-css-av-6u4ax-fea0684025378cd08936701b1749d659\">\n.flex_column.av-6u4ax-fea0684025378cd08936701b1749d659{\nborder-radius:0px 0px 0px 0px;\npadding:0px 0px 0px 0px;\n}\n<\/style>\n<div  class='flex_column av-6u4ax-fea0684025378cd08936701b1749d659 av_one_fifth  avia-builder-el-7  el_after_av_three_fifth  avia-builder-el-last  flex_column_div av-zero-column-padding  '     ><\/div>\n","protected":false},"excerpt":{"rendered":"","protected":false},"author":5,"featured_media":0,"parent":0,"menu_order":0,"comment_status":"closed","ping_status":"closed","template":"","meta":{"_improvement_type_select":"improve_an_existing","_thumb_yes_seoaic":false,"_frame_yes_seoaic":false,"seoaic_generate_description":"","seoaic_improve_instructions_prompt":"","seoaic_rollback_content_improvement":"","seoaic_idea_thumbnail_generator":"","thumbnail_generated":false,"thumbnail_generate_prompt":"","seoaic_article_description":"","footnotes":""},"class_list":["post-5077","page","type-page","status-publish","hentry"],"yoast_head":"<!-- This site is optimized with the Yoast SEO plugin v27.5 - https:\/\/yoast.com\/product\/yoast-seo-wordpress\/ -->\n<title>Informaci\u00f3n de cr\u00e9dito - CREMAN | CREDIT MANAGEMENT &amp; INCASSO<\/title>\n<meta name=\"robots\" content=\"index, follow, max-snippet:-1, max-image-preview:large, max-video-preview:-1\" \/>\n<link rel=\"canonical\" href=\"https:\/\/creman.com\/es\/informacion-de-credito\/\" \/>\n<meta property=\"og:locale\" content=\"es_ES\" \/>\n<meta property=\"og:type\" content=\"article\" \/>\n<meta property=\"og:title\" content=\"Informaci\u00f3n de cr\u00e9dito - CREMAN | CREDIT MANAGEMENT &amp; INCASSO\" \/>\n<meta property=\"og:url\" content=\"https:\/\/creman.com\/es\/informacion-de-credito\/\" \/>\n<meta property=\"og:site_name\" content=\"CREMAN | CREDIT MANAGEMENT &amp; INCASSO\" \/>\n<meta property=\"article:modified_time\" content=\"2021-01-14T10:53:54+00:00\" \/>\n<meta name=\"twitter:card\" content=\"summary_large_image\" \/>\n<meta name=\"twitter:label1\" content=\"Tiempo de lectura\" \/>\n\t<meta name=\"twitter:data1\" content=\"6 minutos\" \/>\n<script type=\"application\/ld+json\" class=\"yoast-schema-graph\">{\"@context\":\"https:\\\/\\\/schema.org\",\"@graph\":[{\"@type\":\"WebPage\",\"@id\":\"https:\\\/\\\/creman.com\\\/es\\\/informacion-de-credito\\\/\",\"url\":\"https:\\\/\\\/creman.com\\\/es\\\/informacion-de-credito\\\/\",\"name\":\"Informaci\u00f3n de cr\u00e9dito - CREMAN | CREDIT MANAGEMENT &amp; INCASSO\",\"isPartOf\":{\"@id\":\"https:\\\/\\\/creman.com\\\/es\\\/#website\"},\"datePublished\":\"2021-01-14T10:53:53+00:00\",\"dateModified\":\"2021-01-14T10:53:54+00:00\",\"breadcrumb\":{\"@id\":\"https:\\\/\\\/creman.com\\\/es\\\/informacion-de-credito\\\/#breadcrumb\"},\"inLanguage\":\"es\",\"potentialAction\":[{\"@type\":\"ReadAction\",\"target\":[\"https:\\\/\\\/creman.com\\\/es\\\/informacion-de-credito\\\/\"]}]},{\"@type\":\"BreadcrumbList\",\"@id\":\"https:\\\/\\\/creman.com\\\/es\\\/informacion-de-credito\\\/#breadcrumb\",\"itemListElement\":[{\"@type\":\"ListItem\",\"position\":1,\"name\":\"Home\",\"item\":\"https:\\\/\\\/creman.com\\\/es\\\/\"},{\"@type\":\"ListItem\",\"position\":2,\"name\":\"Informaci\u00f3n de cr\u00e9dito\"}]},{\"@type\":\"WebSite\",\"@id\":\"https:\\\/\\\/creman.com\\\/es\\\/#website\",\"url\":\"https:\\\/\\\/creman.com\\\/es\\\/\",\"name\":\"CREMAN | CREDIT MANAGEMENT &amp; INCASSO\",\"description\":\"Incasso, jurridische diensten, debiteurenbeheer\",\"publisher\":{\"@id\":\"https:\\\/\\\/creman.com\\\/es\\\/#organization\"},\"potentialAction\":[{\"@type\":\"SearchAction\",\"target\":{\"@type\":\"EntryPoint\",\"urlTemplate\":\"https:\\\/\\\/creman.com\\\/es\\\/?s={search_term_string}\"},\"query-input\":{\"@type\":\"PropertyValueSpecification\",\"valueRequired\":true,\"valueName\":\"search_term_string\"}}],\"inLanguage\":\"es\"},{\"@type\":\"Organization\",\"@id\":\"https:\\\/\\\/creman.com\\\/es\\\/#organization\",\"name\":\"CreMan B.V.\",\"url\":\"https:\\\/\\\/creman.com\\\/es\\\/\",\"logo\":{\"@type\":\"ImageObject\",\"inLanguage\":\"es\",\"@id\":\"https:\\\/\\\/creman.com\\\/es\\\/#\\\/schema\\\/logo\\\/image\\\/\",\"url\":\"https:\\\/\\\/creman.com\\\/wp-content\\\/uploads\\\/2020\\\/11\\\/CreMan-Logo.png\",\"contentUrl\":\"https:\\\/\\\/creman.com\\\/wp-content\\\/uploads\\\/2020\\\/11\\\/CreMan-Logo.png\",\"width\":300,\"height\":43,\"caption\":\"CreMan B.V.\"},\"image\":{\"@id\":\"https:\\\/\\\/creman.com\\\/es\\\/#\\\/schema\\\/logo\\\/image\\\/\"},\"sameAs\":[\"https:\\\/\\\/www.linkedin.com\\\/company\\\/creman-debt-collection-agency\\\/\"]}]}<\/script>\n<!-- \/ Yoast SEO plugin. -->","yoast_head_json":{"title":"Informaci\u00f3n de cr\u00e9dito - CREMAN | CREDIT MANAGEMENT &amp; INCASSO","robots":{"index":"index","follow":"follow","max-snippet":"max-snippet:-1","max-image-preview":"max-image-preview:large","max-video-preview":"max-video-preview:-1"},"canonical":"https:\/\/creman.com\/es\/informacion-de-credito\/","og_locale":"es_ES","og_type":"article","og_title":"Informaci\u00f3n de cr\u00e9dito - CREMAN | CREDIT MANAGEMENT &amp; INCASSO","og_url":"https:\/\/creman.com\/es\/informacion-de-credito\/","og_site_name":"CREMAN | CREDIT MANAGEMENT &amp; INCASSO","article_modified_time":"2021-01-14T10:53:54+00:00","twitter_card":"summary_large_image","twitter_misc":{"Tiempo de lectura":"6 minutos"},"schema":{"@context":"https:\/\/schema.org","@graph":[{"@type":"WebPage","@id":"https:\/\/creman.com\/es\/informacion-de-credito\/","url":"https:\/\/creman.com\/es\/informacion-de-credito\/","name":"Informaci\u00f3n de cr\u00e9dito - CREMAN | CREDIT MANAGEMENT &amp; INCASSO","isPartOf":{"@id":"https:\/\/creman.com\/es\/#website"},"datePublished":"2021-01-14T10:53:53+00:00","dateModified":"2021-01-14T10:53:54+00:00","breadcrumb":{"@id":"https:\/\/creman.com\/es\/informacion-de-credito\/#breadcrumb"},"inLanguage":"es","potentialAction":[{"@type":"ReadAction","target":["https:\/\/creman.com\/es\/informacion-de-credito\/"]}]},{"@type":"BreadcrumbList","@id":"https:\/\/creman.com\/es\/informacion-de-credito\/#breadcrumb","itemListElement":[{"@type":"ListItem","position":1,"name":"Home","item":"https:\/\/creman.com\/es\/"},{"@type":"ListItem","position":2,"name":"Informaci\u00f3n de cr\u00e9dito"}]},{"@type":"WebSite","@id":"https:\/\/creman.com\/es\/#website","url":"https:\/\/creman.com\/es\/","name":"CREMAN | CREDIT MANAGEMENT &amp; INCASSO","description":"Incasso, jurridische diensten, debiteurenbeheer","publisher":{"@id":"https:\/\/creman.com\/es\/#organization"},"potentialAction":[{"@type":"SearchAction","target":{"@type":"EntryPoint","urlTemplate":"https:\/\/creman.com\/es\/?s={search_term_string}"},"query-input":{"@type":"PropertyValueSpecification","valueRequired":true,"valueName":"search_term_string"}}],"inLanguage":"es"},{"@type":"Organization","@id":"https:\/\/creman.com\/es\/#organization","name":"CreMan B.V.","url":"https:\/\/creman.com\/es\/","logo":{"@type":"ImageObject","inLanguage":"es","@id":"https:\/\/creman.com\/es\/#\/schema\/logo\/image\/","url":"https:\/\/creman.com\/wp-content\/uploads\/2020\/11\/CreMan-Logo.png","contentUrl":"https:\/\/creman.com\/wp-content\/uploads\/2020\/11\/CreMan-Logo.png","width":300,"height":43,"caption":"CreMan B.V."},"image":{"@id":"https:\/\/creman.com\/es\/#\/schema\/logo\/image\/"},"sameAs":["https:\/\/www.linkedin.com\/company\/creman-debt-collection-agency\/"]}]}},"_links":{"self":[{"href":"https:\/\/creman.com\/es\/wp-json\/wp\/v2\/pages\/5077","targetHints":{"allow":["GET"]}}],"collection":[{"href":"https:\/\/creman.com\/es\/wp-json\/wp\/v2\/pages"}],"about":[{"href":"https:\/\/creman.com\/es\/wp-json\/wp\/v2\/types\/page"}],"author":[{"embeddable":true,"href":"https:\/\/creman.com\/es\/wp-json\/wp\/v2\/users\/5"}],"replies":[{"embeddable":true,"href":"https:\/\/creman.com\/es\/wp-json\/wp\/v2\/comments?post=5077"}],"version-history":[{"count":2,"href":"https:\/\/creman.com\/es\/wp-json\/wp\/v2\/pages\/5077\/revisions"}],"predecessor-version":[{"id":5079,"href":"https:\/\/creman.com\/es\/wp-json\/wp\/v2\/pages\/5077\/revisions\/5079"}],"wp:attachment":[{"href":"https:\/\/creman.com\/es\/wp-json\/wp\/v2\/media?parent=5077"}],"curies":[{"name":"wp","href":"https:\/\/api.w.org\/{rel}","templated":true}]}}