{"id":5086,"date":"2021-01-14T12:00:35","date_gmt":"2021-01-14T11:00:35","guid":{"rendered":"https:\/\/creman.com\/somos-creman\/"},"modified":"2021-01-18T12:29:31","modified_gmt":"2021-01-18T11:29:31","slug":"somos-creman","status":"publish","type":"page","link":"https:\/\/creman.com\/es\/somos-creman\/","title":{"rendered":"Somos creman"},"content":{"rendered":"\n<style type=\"text\/css\" data-created_by=\"avia_inline_auto\" id=\"style-css-av-k8g4eg40-ff73fda6e632c6ef3fe719c705dc2e7a\">\n.avia-section.av-k8g4eg40-ff73fda6e632c6ef3fe719c705dc2e7a{\nbackground-repeat:no-repeat;\nbackground-image:url(https:\/\/creman.com\/wp-content\/uploads\/2021\/01\/blond-cellphone-coffee-1076814-1230x630.png);\nbackground-position:50% 50%;\nbackground-attachment:scroll;\n}\n.avia-section.av-k8g4eg40-ff73fda6e632c6ef3fe719c705dc2e7a .av-section-color-overlay{\nopacity:0.5;\nbackground-color:#000000;\n}\n<\/style>\n<div id='av_section_1'  class='avia-section av-k8g4eg40-ff73fda6e632c6ef3fe719c705dc2e7a main_color avia-section-default avia-no-border-styling  avia-builder-el-0  el_before_av_section  avia-builder-el-first  avia-full-stretch avia-bg-style-scroll av-section-color-overlay-active av-minimum-height av-minimum-height-custom av-height-custom  container_wrap fullsize'  data-section-bg-repeat='stretch' data-av_minimum_height_px='350'><div class=\"av-section-color-overlay-wrap\"><div class=\"av-section-color-overlay\"><\/div><div class='container av-section-cont-open' style='height:350px'><main  role=\"main\" itemprop=\"mainContentOfPage\"  class='template-page content  av-content-full alpha units'><div class='post-entry post-entry-type-page post-entry-5086'><div class='entry-content-wrapper clearfix'>\n\n<style type=\"text\/css\" data-created_by=\"avia_inline_auto\" id=\"style-css-av-gjgos-c22fc7c503a99630f5fdfb36e1a90600\">\n.flex_column.av-gjgos-c22fc7c503a99630f5fdfb36e1a90600{\nborder-radius:0px 0px 0px 0px;\npadding:0px 0px 0px 0px;\n}\n<\/style>\n<div  class='flex_column av-gjgos-c22fc7c503a99630f5fdfb36e1a90600 av_one_full  avia-builder-el-1  avia-builder-el-no-sibling  first flex_column_div av-zero-column-padding  '     ><style type=\"text\/css\" data-created_by=\"avia_inline_auto\" id=\"style-css-av-k8g4eo2d-9bbeb14c3bb6eb0b66dd2532d08be103\">\n#top .av_textblock_section.av-k8g4eo2d-9bbeb14c3bb6eb0b66dd2532d08be103 .avia_textblock{\ncolor:#ffffff;\n}\n<\/style>\n<section  class='av_textblock_section av-k8g4eo2d-9bbeb14c3bb6eb0b66dd2532d08be103 '   itemscope=\"itemscope\" itemtype=\"https:\/\/schema.org\/CreativeWork\" ><div class='avia_textblock av_inherit_color'  itemprop=\"text\" ><h1 class=\"uppercase\" style=\"text-align: center;\"><strong>SOMOS CREMAN<\/strong><\/h1>\n<\/div><\/section><\/div>\n\n<\/div><\/div><\/main><!-- close content main element --><\/div><\/div><\/div><div id='av_section_2'  class='avia-section av-147rk1-9673bbddeca9904813628b848649b355 main_color avia-section-default avia-no-border-styling  avia-builder-el-3  el_after_av_section  avia-builder-el-last  avia-bg-style-scroll container_wrap fullsize'  ><div class='container av-section-cont-open' ><div class='template-page content  av-content-full alpha units'><div class='post-entry post-entry-type-page post-entry-5086'><div class='entry-content-wrapper clearfix'>\n\n<style type=\"text\/css\" data-created_by=\"avia_inline_auto\" id=\"style-css-av-xatd5-0c152240df03094febf602538d6ad078\">\n.flex_column.av-xatd5-0c152240df03094febf602538d6ad078{\nborder-radius:0px 0px 0px 0px;\npadding:0px 0px 0px 0px;\n}\n<\/style>\n<div  class='flex_column av-xatd5-0c152240df03094febf602538d6ad078 av_one_half  avia-builder-el-4  el_before_av_one_half  avia-builder-el-first  first flex_column_div av-animated-generic left-to-right av-zero-column-padding  '     ><section  class='av_textblock_section av-k8h1m6y9-f4765cdba2ecd4bcff6977d68e417f57 '   itemscope=\"itemscope\" itemtype=\"https:\/\/schema.org\/CreativeWork\" ><div class='avia_textblock'  itemprop=\"text\" ><p>A finales de 2002, Marcel Blanken fund\u00f3 CreMan. Antes de fundar CreMan, trabaj\u00f3 como director financiero y controller de grandes empresas internacionales.<\/p>\n<p>Sus conocimientos sobre la calidad y el servicio en el sector sobre la gesti\u00f3n de cr\u00e9dito contribuyeron a la creaci\u00f3n de CreMan. La idea principal de nuestros servicios es satisfacer al cliente de forma r\u00e1pida, flexible y precisa con un reducido grupo de profesionales motivados. Intentamos trabajar manteniendo una buena comunicaci\u00f3n con los clientes, cumpliendo con los acuerdos, con una estructura de remuneraci\u00f3n sencilla y clara y, sobre todo, respetando los requisitos del cliente. Adem\u00e1s, nos tomamos como un reto personal la resoluci\u00f3n de cuestiones complejas que pueden ser objeto de controversia.<\/p>\n<\/div><\/section><\/div>\n<style type=\"text\/css\" data-created_by=\"avia_inline_auto\" id=\"style-css-av-2yach-f0f7d9ac89c25e7bb2e343871ab11aae\">\n.flex_column.av-2yach-f0f7d9ac89c25e7bb2e343871ab11aae{\nborder-radius:0px 0px 0px 0px;\npadding:0px 0px 0px 0px;\n}\n<\/style>\n<div  class='flex_column av-2yach-f0f7d9ac89c25e7bb2e343871ab11aae av_one_half  avia-builder-el-6  el_after_av_one_half  avia-builder-el-last  flex_column_div av-animated-generic right-to-left av-zero-column-padding  '     ><p><section  class='av_textblock_section av-k8h1m6y9-f4765cdba2ecd4bcff6977d68e417f57 '   itemscope=\"itemscope\" itemtype=\"https:\/\/schema.org\/CreativeWork\" ><div class='avia_textblock'  itemprop=\"text\" ><p>Nuestros clientes van desde empresas medianas hasta multinacionales que cotizan en bolsa. Se les asignan administradores de cuenta fijos que se hacen responsables de resolver los expedientes que quedan pendientes. Seguimos siendo su punto de contacto principal incluso durante los procedimientos legales, y podr\u00e1 seguir el estado de sus expedientes en l\u00ednea a tiempo real.<\/p>\n<p>Nuestro objetivo es trabajar codo con codo junto a usted para poder mejorar sus actividades de gesti\u00f3n de cr\u00e9dito. CreMan tambi\u00e9n aspira a ser el mejor proveedor de servicios de nuestra industria. \u00a1Para poder conseguirlo lo hacemos de la mejor manera posible d\u00eda a d\u00eda! Nos gustar\u00eda poder explic\u00e1rselo en una conversaci\u00f3n privada. Si hemos despertado su inter\u00e9s, siempre puede ponerse en contacto con nuestra oficina en cualquier momento llamando al 035 &#8211; 539 55 66 o enviando su consulta por correo electr\u00f3nico.<\/p>\n<\/div><\/section><br \/>\n<div  class='avia-button-wrap av-k8ha5tmr-407a6a1b340f259fc019321374099835-wrap avia-button-left  avia-builder-el-8  el_after_av_textblock  avia-builder-el-last '><a href='mailto:info@creman.nl'  class='avia-button av-k8ha5tmr-407a6a1b340f259fc019321374099835 av-link-btn avia-icon_select-no avia-size-medium avia-position-left avia-color-dark'   aria-label=\"Env\u00edenos un correo electr\u00f3nico\"><span class='avia_iconbox_title' >Env\u00edenos un correo electr\u00f3nico<\/span><\/a><\/div><\/p><\/div>\n\n","protected":false},"excerpt":{"rendered":"","protected":false},"author":5,"featured_media":0,"parent":0,"menu_order":0,"comment_status":"closed","ping_status":"closed","template":"","meta":{"_improvement_type_select":"improve_an_existing","_thumb_yes_seoaic":false,"_frame_yes_seoaic":false,"seoaic_generate_description":"","seoaic_improve_instructions_prompt":"","seoaic_rollback_content_improvement":"","seoaic_idea_thumbnail_generator":"","thumbnail_generated":false,"thumbnail_generate_prompt":"","seoaic_article_description":"","footnotes":""},"class_list":["post-5086","page","type-page","status-publish","hentry"],"yoast_head":"<!-- This site is optimized with the Yoast SEO plugin v27.5 - https:\/\/yoast.com\/product\/yoast-seo-wordpress\/ -->\n<title>Somos creman - CREMAN | CREDIT MANAGEMENT &amp; INCASSO<\/title>\n<meta name=\"robots\" content=\"index, follow, max-snippet:-1, max-image-preview:large, max-video-preview:-1\" \/>\n<link rel=\"canonical\" href=\"https:\/\/creman.com\/es\/somos-creman\/\" \/>\n<meta property=\"og:locale\" content=\"es_ES\" \/>\n<meta property=\"og:type\" content=\"article\" \/>\n<meta property=\"og:title\" content=\"Somos creman - CREMAN | CREDIT MANAGEMENT &amp; INCASSO\" \/>\n<meta property=\"og:url\" content=\"https:\/\/creman.com\/es\/somos-creman\/\" \/>\n<meta property=\"og:site_name\" content=\"CREMAN | CREDIT MANAGEMENT &amp; INCASSO\" \/>\n<meta property=\"article:modified_time\" content=\"2021-01-18T11:29:31+00:00\" \/>\n<meta name=\"twitter:card\" content=\"summary_large_image\" \/>\n<meta name=\"twitter:label1\" content=\"Tiempo de lectura\" \/>\n\t<meta name=\"twitter:data1\" content=\"5 minutos\" \/>\n<script type=\"application\/ld+json\" class=\"yoast-schema-graph\">{\"@context\":\"https:\\\/\\\/schema.org\",\"@graph\":[{\"@type\":\"WebPage\",\"@id\":\"https:\\\/\\\/creman.com\\\/es\\\/somos-creman\\\/\",\"url\":\"https:\\\/\\\/creman.com\\\/es\\\/somos-creman\\\/\",\"name\":\"Somos creman - CREMAN | CREDIT MANAGEMENT &amp; INCASSO\",\"isPartOf\":{\"@id\":\"https:\\\/\\\/creman.com\\\/es\\\/#website\"},\"datePublished\":\"2021-01-14T11:00:35+00:00\",\"dateModified\":\"2021-01-18T11:29:31+00:00\",\"breadcrumb\":{\"@id\":\"https:\\\/\\\/creman.com\\\/es\\\/somos-creman\\\/#breadcrumb\"},\"inLanguage\":\"es\",\"potentialAction\":[{\"@type\":\"ReadAction\",\"target\":[\"https:\\\/\\\/creman.com\\\/es\\\/somos-creman\\\/\"]}]},{\"@type\":\"BreadcrumbList\",\"@id\":\"https:\\\/\\\/creman.com\\\/es\\\/somos-creman\\\/#breadcrumb\",\"itemListElement\":[{\"@type\":\"ListItem\",\"position\":1,\"name\":\"Home\",\"item\":\"https:\\\/\\\/creman.com\\\/es\\\/\"},{\"@type\":\"ListItem\",\"position\":2,\"name\":\"Somos creman\"}]},{\"@type\":\"WebSite\",\"@id\":\"https:\\\/\\\/creman.com\\\/es\\\/#website\",\"url\":\"https:\\\/\\\/creman.com\\\/es\\\/\",\"name\":\"CREMAN | CREDIT MANAGEMENT &amp; INCASSO\",\"description\":\"Incasso, jurridische diensten, debiteurenbeheer\",\"publisher\":{\"@id\":\"https:\\\/\\\/creman.com\\\/es\\\/#organization\"},\"potentialAction\":[{\"@type\":\"SearchAction\",\"target\":{\"@type\":\"EntryPoint\",\"urlTemplate\":\"https:\\\/\\\/creman.com\\\/es\\\/?s={search_term_string}\"},\"query-input\":{\"@type\":\"PropertyValueSpecification\",\"valueRequired\":true,\"valueName\":\"search_term_string\"}}],\"inLanguage\":\"es\"},{\"@type\":\"Organization\",\"@id\":\"https:\\\/\\\/creman.com\\\/es\\\/#organization\",\"name\":\"CreMan B.V.\",\"url\":\"https:\\\/\\\/creman.com\\\/es\\\/\",\"logo\":{\"@type\":\"ImageObject\",\"inLanguage\":\"es\",\"@id\":\"https:\\\/\\\/creman.com\\\/es\\\/#\\\/schema\\\/logo\\\/image\\\/\",\"url\":\"https:\\\/\\\/creman.com\\\/wp-content\\\/uploads\\\/2020\\\/11\\\/CreMan-Logo.png\",\"contentUrl\":\"https:\\\/\\\/creman.com\\\/wp-content\\\/uploads\\\/2020\\\/11\\\/CreMan-Logo.png\",\"width\":300,\"height\":43,\"caption\":\"CreMan B.V.\"},\"image\":{\"@id\":\"https:\\\/\\\/creman.com\\\/es\\\/#\\\/schema\\\/logo\\\/image\\\/\"},\"sameAs\":[\"https:\\\/\\\/www.linkedin.com\\\/company\\\/creman-debt-collection-agency\\\/\"]}]}<\/script>\n<!-- \/ Yoast SEO plugin. -->","yoast_head_json":{"title":"Somos creman - CREMAN | CREDIT MANAGEMENT &amp; INCASSO","robots":{"index":"index","follow":"follow","max-snippet":"max-snippet:-1","max-image-preview":"max-image-preview:large","max-video-preview":"max-video-preview:-1"},"canonical":"https:\/\/creman.com\/es\/somos-creman\/","og_locale":"es_ES","og_type":"article","og_title":"Somos creman - CREMAN | CREDIT MANAGEMENT &amp; INCASSO","og_url":"https:\/\/creman.com\/es\/somos-creman\/","og_site_name":"CREMAN | CREDIT MANAGEMENT &amp; INCASSO","article_modified_time":"2021-01-18T11:29:31+00:00","twitter_card":"summary_large_image","twitter_misc":{"Tiempo de lectura":"5 minutos"},"schema":{"@context":"https:\/\/schema.org","@graph":[{"@type":"WebPage","@id":"https:\/\/creman.com\/es\/somos-creman\/","url":"https:\/\/creman.com\/es\/somos-creman\/","name":"Somos creman - CREMAN | CREDIT MANAGEMENT &amp; INCASSO","isPartOf":{"@id":"https:\/\/creman.com\/es\/#website"},"datePublished":"2021-01-14T11:00:35+00:00","dateModified":"2021-01-18T11:29:31+00:00","breadcrumb":{"@id":"https:\/\/creman.com\/es\/somos-creman\/#breadcrumb"},"inLanguage":"es","potentialAction":[{"@type":"ReadAction","target":["https:\/\/creman.com\/es\/somos-creman\/"]}]},{"@type":"BreadcrumbList","@id":"https:\/\/creman.com\/es\/somos-creman\/#breadcrumb","itemListElement":[{"@type":"ListItem","position":1,"name":"Home","item":"https:\/\/creman.com\/es\/"},{"@type":"ListItem","position":2,"name":"Somos creman"}]},{"@type":"WebSite","@id":"https:\/\/creman.com\/es\/#website","url":"https:\/\/creman.com\/es\/","name":"CREMAN | CREDIT MANAGEMENT &amp; INCASSO","description":"Incasso, jurridische diensten, debiteurenbeheer","publisher":{"@id":"https:\/\/creman.com\/es\/#organization"},"potentialAction":[{"@type":"SearchAction","target":{"@type":"EntryPoint","urlTemplate":"https:\/\/creman.com\/es\/?s={search_term_string}"},"query-input":{"@type":"PropertyValueSpecification","valueRequired":true,"valueName":"search_term_string"}}],"inLanguage":"es"},{"@type":"Organization","@id":"https:\/\/creman.com\/es\/#organization","name":"CreMan B.V.","url":"https:\/\/creman.com\/es\/","logo":{"@type":"ImageObject","inLanguage":"es","@id":"https:\/\/creman.com\/es\/#\/schema\/logo\/image\/","url":"https:\/\/creman.com\/wp-content\/uploads\/2020\/11\/CreMan-Logo.png","contentUrl":"https:\/\/creman.com\/wp-content\/uploads\/2020\/11\/CreMan-Logo.png","width":300,"height":43,"caption":"CreMan B.V."},"image":{"@id":"https:\/\/creman.com\/es\/#\/schema\/logo\/image\/"},"sameAs":["https:\/\/www.linkedin.com\/company\/creman-debt-collection-agency\/"]}]}},"_links":{"self":[{"href":"https:\/\/creman.com\/es\/wp-json\/wp\/v2\/pages\/5086","targetHints":{"allow":["GET"]}}],"collection":[{"href":"https:\/\/creman.com\/es\/wp-json\/wp\/v2\/pages"}],"about":[{"href":"https:\/\/creman.com\/es\/wp-json\/wp\/v2\/types\/page"}],"author":[{"embeddable":true,"href":"https:\/\/creman.com\/es\/wp-json\/wp\/v2\/users\/5"}],"replies":[{"embeddable":true,"href":"https:\/\/creman.com\/es\/wp-json\/wp\/v2\/comments?post=5086"}],"version-history":[{"count":5,"href":"https:\/\/creman.com\/es\/wp-json\/wp\/v2\/pages\/5086\/revisions"}],"predecessor-version":[{"id":5275,"href":"https:\/\/creman.com\/es\/wp-json\/wp\/v2\/pages\/5086\/revisions\/5275"}],"wp:attachment":[{"href":"https:\/\/creman.com\/es\/wp-json\/wp\/v2\/media?parent=5086"}],"curies":[{"name":"wp","href":"https:\/\/api.w.org\/{rel}","templated":true}]}}