{"id":4753,"date":"2021-01-07T12:34:29","date_gmt":"2021-01-07T11:34:29","guid":{"rendered":"https:\/\/creman.com\/recouvrement-national\/"},"modified":"2021-01-18T11:52:48","modified_gmt":"2021-01-18T10:52:48","slug":"recouvrement-national","status":"publish","type":"page","link":"https:\/\/creman.com\/fr\/recouvrement-national\/","title":{"rendered":"Recouvrement national"},"content":{"rendered":"\n<style type=\"text\/css\" data-created_by=\"avia_inline_auto\" id=\"style-css-av-k8g4eg40-c09313523f2159d2fe0af08bc0a6cbb7\">\n.avia-section.av-k8g4eg40-c09313523f2159d2fe0af08bc0a6cbb7 .av-section-color-overlay{\nopacity:0.5;\nbackground-color:#000000;\n}\n<\/style>\n<div id='av_section_1'  class='avia-section av-k8g4eg40-c09313523f2159d2fe0af08bc0a6cbb7 main_color avia-section-default avia-no-border-styling  avia-builder-el-0  el_before_av_section  avia-builder-el-first  avia-bg-style-parallax av-section-color-overlay-active av-minimum-height av-minimum-height-custom av-height-custom  container_wrap fullsize'   data-av_minimum_height_px='350'><div class=\"av-section-color-overlay-wrap\"><div class=\"av-section-color-overlay\"><\/div><div class='container av-section-cont-open' style='height:350px'><main  role=\"main\" itemprop=\"mainContentOfPage\"  class='template-page content  av-content-full alpha units'><div class='post-entry post-entry-type-page post-entry-4753'><div class='entry-content-wrapper clearfix'>\n\n<style type=\"text\/css\" data-created_by=\"avia_inline_auto\" id=\"style-css-av-gjgos-c22fc7c503a99630f5fdfb36e1a90600\">\n.flex_column.av-gjgos-c22fc7c503a99630f5fdfb36e1a90600{\nborder-radius:0px 0px 0px 0px;\npadding:0px 0px 0px 0px;\n}\n<\/style>\n<div  class='flex_column av-gjgos-c22fc7c503a99630f5fdfb36e1a90600 av_one_full  avia-builder-el-1  avia-builder-el-no-sibling  first flex_column_div av-zero-column-padding  '     ><style type=\"text\/css\" data-created_by=\"avia_inline_auto\" id=\"style-css-av-k8g4eo2d-9bbeb14c3bb6eb0b66dd2532d08be103\">\n#top .av_textblock_section.av-k8g4eo2d-9bbeb14c3bb6eb0b66dd2532d08be103 .avia_textblock{\ncolor:#ffffff;\n}\n<\/style>\n<section  class='av_textblock_section av-k8g4eo2d-9bbeb14c3bb6eb0b66dd2532d08be103 '   itemscope=\"itemscope\" itemtype=\"https:\/\/schema.org\/CreativeWork\" ><div class='avia_textblock av_inherit_color'  itemprop=\"text\" ><h1 class=\"uppercase\" style=\"text-align: center;\"><strong>RECOUVREMENT NATIONAL<\/strong><\/h1>\n<\/div><\/section><\/div>\n\n<\/div><\/div><\/main><!-- close content main element --><\/div><\/div><\/div><div id='av_section_2'  class='avia-section av-dw0qc-fa154aa0f89278495f586afde440b2a0 main_color avia-section-default avia-no-border-styling  avia-builder-el-3  el_after_av_section  avia-builder-el-last  avia-bg-style-scroll container_wrap fullsize'  ><div class='container av-section-cont-open' ><div class='template-page content  av-content-full alpha units'><div class='post-entry post-entry-type-page post-entry-4753'><div class='entry-content-wrapper clearfix'>\n<div class='flex_column_table av-k8g4fm8b-724d985c78762d8daf07467a48e6b538 sc-av_one_third av-equal-height-column-flextable'>\n<style type=\"text\/css\" data-created_by=\"avia_inline_auto\" id=\"style-css-av-k8g4fm8b-724d985c78762d8daf07467a48e6b538\">\n.flex_column.av-k8g4fm8b-724d985c78762d8daf07467a48e6b538{\nborder-radius:0px 0px 0px 0px;\npadding:0px 0px 0px 0px;\n}\n<\/style>\n<div  class='flex_column av-k8g4fm8b-724d985c78762d8daf07467a48e6b538 av_one_third  avia-builder-el-4  el_before_av_two_third  avia-builder-el-first  first no_margin flex_column_table_cell av-equal-height-column av-align-middle av-zero-column-padding  '     ><section  class='av_textblock_section av-k8g4fgtj-b54f48856c94f4d7da769c49e72ef0c0 '   itemscope=\"itemscope\" itemtype=\"https:\/\/schema.org\/CreativeWork\" ><div class='avia_textblock'  itemprop=\"text\" ><h1>NO CURE,<br \/>\nNO PAY<\/h1>\n<\/div><\/section><\/div>\n<style type=\"text\/css\" data-created_by=\"avia_inline_auto\" id=\"style-css-av-a83i4-aa1e7ce3a2bb70d39207ef30c7f0e685\">\n.flex_column.av-a83i4-aa1e7ce3a2bb70d39207ef30c7f0e685{\nborder-radius:0px 0px 0px 0px;\npadding:0px 0px 0px 0px;\n}\n<\/style>\n<div  class='flex_column av-a83i4-aa1e7ce3a2bb70d39207ef30c7f0e685 av_two_third  avia-builder-el-6  el_after_av_one_third  avia-builder-el-last  no_margin flex_column_table_cell av-equal-height-column av-align-middle av-zero-column-padding  '     ><p><section  class='av_textblock_section av-bglcs-6df4db4de7224f8c25ffc7fdc112b527 '   itemscope=\"itemscope\" itemtype=\"https:\/\/schema.org\/CreativeWork\" ><div class='avia_textblock'  itemprop=\"text\" ><p>CreMan propose des solutions sur mesure pour chaque mandat de recouvrement, et essaiera toujours d&rsquo;\u00e9viter la voie judiciaire. En tant que partenaire exp\u00e9riment\u00e9, avec des charg\u00e9s de recouvrement hautement qualifi\u00e9s, nous d\u00e9terminons la meilleure approche de recouvrement. Nous adaptons nos tactiques tout en pr\u00e9servant votre relation client, votre image et la situation de vos d\u00e9biteurs.<\/p>\n<p>Vous pouvez nous soumettre un nouveau mandat tr\u00e8s facilement via notre site web et nous engageons la proc\u00e9dure end\u00e9ans un jour ouvr\u00e9.<\/p>\n<p>CreMan garantit le suivant:<\/p>\n<ul>\n<li>Approche rapide, fiable et ax\u00e9e sur les r\u00e9sultats;<\/li>\n<li>D\u00e9lai de traitement court;<\/li>\n<li>Transparence dans nos m\u00e9thodes et nos tarifs;<\/li>\n<li>Acc\u00e8s \u00e0 vos dossiers 24\/7 sur le site web;<\/li>\n<li>Lignes de communication directes et toujours le m\u00eame interlocuteur;<\/li>\n<\/ul>\n<p>Vous recherchez des informations plus d\u00e9taill\u00e9es sur notre m\u00e9thode et nos conditions de travail ?\u00a0Ou souhaitez-vous des conseils sans engagement ? Posez-nous votre question ! Nous vous contacterons dans un d\u00e9lai d&rsquo;un jour ouvr\u00e9.<\/p>\n<\/div><\/section><br \/>\n<div  class='avia-button-wrap av-k8g4gg7w-9b520218677c10ef10c0ff04477f6009-wrap avia-button-left  avia-builder-el-8  el_after_av_textblock  avia-builder-el-last '><a href='https:\/\/creman.com\/wp-content\/uploads\/2020\/11\/CreMan-Information.pdf'  class='avia-button av-k8g4gg7w-9b520218677c10ef10c0ff04477f6009 av-link-btn avia-icon_select-no avia-size-medium avia-position-left avia-color-theme-color'  target=\"_blank\"  rel=\"noopener noreferrer\"  aria-label=\"Liste des tarifs\"><span class='avia_iconbox_title' >Liste des tarifs<\/span><\/a><\/div><\/p><\/div><\/div><!--close column table wrapper. Autoclose: 1 -->\n","protected":false},"excerpt":{"rendered":"","protected":false},"author":5,"featured_media":0,"parent":0,"menu_order":0,"comment_status":"closed","ping_status":"closed","template":"","meta":{"_improvement_type_select":"improve_an_existing","_thumb_yes_seoaic":false,"_frame_yes_seoaic":false,"seoaic_generate_description":"","seoaic_improve_instructions_prompt":"","seoaic_rollback_content_improvement":"","seoaic_idea_thumbnail_generator":"","thumbnail_generated":false,"thumbnail_generate_prompt":"","seoaic_article_description":"","footnotes":""},"class_list":["post-4753","page","type-page","status-publish","hentry"],"yoast_head":"<!-- This site is optimized with the Yoast SEO plugin v27.5 - https:\/\/yoast.com\/product\/yoast-seo-wordpress\/ -->\n<title>Recouvrement national - CREMAN | CREDIT MANAGEMENT &amp; INCASSO<\/title>\n<meta name=\"robots\" content=\"index, follow, max-snippet:-1, max-image-preview:large, max-video-preview:-1\" \/>\n<link rel=\"canonical\" href=\"https:\/\/creman.com\/fr\/recouvrement-national\/\" \/>\n<meta property=\"og:locale\" content=\"fr_FR\" \/>\n<meta property=\"og:type\" content=\"article\" \/>\n<meta property=\"og:title\" content=\"Recouvrement national - CREMAN | CREDIT MANAGEMENT &amp; INCASSO\" \/>\n<meta property=\"og:url\" content=\"https:\/\/creman.com\/fr\/recouvrement-national\/\" \/>\n<meta property=\"og:site_name\" content=\"CREMAN | CREDIT MANAGEMENT &amp; INCASSO\" \/>\n<meta property=\"article:modified_time\" content=\"2021-01-18T10:52:48+00:00\" \/>\n<meta name=\"twitter:card\" content=\"summary_large_image\" \/>\n<meta name=\"twitter:label1\" content=\"Dur\u00e9e de lecture estim\u00e9e\" \/>\n\t<meta name=\"twitter:data1\" content=\"5 minutes\" \/>\n<script type=\"application\/ld+json\" class=\"yoast-schema-graph\">{\"@context\":\"https:\\\/\\\/schema.org\",\"@graph\":[{\"@type\":\"WebPage\",\"@id\":\"https:\\\/\\\/creman.com\\\/fr\\\/recouvrement-national\\\/\",\"url\":\"https:\\\/\\\/creman.com\\\/fr\\\/recouvrement-national\\\/\",\"name\":\"Recouvrement national - CREMAN | CREDIT MANAGEMENT &amp; INCASSO\",\"isPartOf\":{\"@id\":\"https:\\\/\\\/creman.com\\\/fr\\\/#website\"},\"datePublished\":\"2021-01-07T11:34:29+00:00\",\"dateModified\":\"2021-01-18T10:52:48+00:00\",\"breadcrumb\":{\"@id\":\"https:\\\/\\\/creman.com\\\/fr\\\/recouvrement-national\\\/#breadcrumb\"},\"inLanguage\":\"fr-FR\",\"potentialAction\":[{\"@type\":\"ReadAction\",\"target\":[\"https:\\\/\\\/creman.com\\\/fr\\\/recouvrement-national\\\/\"]}]},{\"@type\":\"BreadcrumbList\",\"@id\":\"https:\\\/\\\/creman.com\\\/fr\\\/recouvrement-national\\\/#breadcrumb\",\"itemListElement\":[{\"@type\":\"ListItem\",\"position\":1,\"name\":\"Home\",\"item\":\"https:\\\/\\\/creman.com\\\/fr\\\/\"},{\"@type\":\"ListItem\",\"position\":2,\"name\":\"Recouvrement national\"}]},{\"@type\":\"WebSite\",\"@id\":\"https:\\\/\\\/creman.com\\\/fr\\\/#website\",\"url\":\"https:\\\/\\\/creman.com\\\/fr\\\/\",\"name\":\"CREMAN | CREDIT MANAGEMENT &amp; INCASSO\",\"description\":\"Incasso, jurridische diensten, debiteurenbeheer\",\"publisher\":{\"@id\":\"https:\\\/\\\/creman.com\\\/fr\\\/#organization\"},\"potentialAction\":[{\"@type\":\"SearchAction\",\"target\":{\"@type\":\"EntryPoint\",\"urlTemplate\":\"https:\\\/\\\/creman.com\\\/fr\\\/?s={search_term_string}\"},\"query-input\":{\"@type\":\"PropertyValueSpecification\",\"valueRequired\":true,\"valueName\":\"search_term_string\"}}],\"inLanguage\":\"fr-FR\"},{\"@type\":\"Organization\",\"@id\":\"https:\\\/\\\/creman.com\\\/fr\\\/#organization\",\"name\":\"CreMan B.V.\",\"url\":\"https:\\\/\\\/creman.com\\\/fr\\\/\",\"logo\":{\"@type\":\"ImageObject\",\"inLanguage\":\"fr-FR\",\"@id\":\"https:\\\/\\\/creman.com\\\/fr\\\/#\\\/schema\\\/logo\\\/image\\\/\",\"url\":\"https:\\\/\\\/creman.com\\\/wp-content\\\/uploads\\\/2020\\\/11\\\/CreMan-Logo.png\",\"contentUrl\":\"https:\\\/\\\/creman.com\\\/wp-content\\\/uploads\\\/2020\\\/11\\\/CreMan-Logo.png\",\"width\":300,\"height\":43,\"caption\":\"CreMan B.V.\"},\"image\":{\"@id\":\"https:\\\/\\\/creman.com\\\/fr\\\/#\\\/schema\\\/logo\\\/image\\\/\"},\"sameAs\":[\"https:\\\/\\\/www.linkedin.com\\\/company\\\/creman-debt-collection-agency\\\/\"]}]}<\/script>\n<!-- \/ Yoast SEO plugin. -->","yoast_head_json":{"title":"Recouvrement national - CREMAN | CREDIT MANAGEMENT &amp; INCASSO","robots":{"index":"index","follow":"follow","max-snippet":"max-snippet:-1","max-image-preview":"max-image-preview:large","max-video-preview":"max-video-preview:-1"},"canonical":"https:\/\/creman.com\/fr\/recouvrement-national\/","og_locale":"fr_FR","og_type":"article","og_title":"Recouvrement national - CREMAN | CREDIT MANAGEMENT &amp; INCASSO","og_url":"https:\/\/creman.com\/fr\/recouvrement-national\/","og_site_name":"CREMAN | CREDIT MANAGEMENT &amp; INCASSO","article_modified_time":"2021-01-18T10:52:48+00:00","twitter_card":"summary_large_image","twitter_misc":{"Dur\u00e9e de lecture estim\u00e9e":"5 minutes"},"schema":{"@context":"https:\/\/schema.org","@graph":[{"@type":"WebPage","@id":"https:\/\/creman.com\/fr\/recouvrement-national\/","url":"https:\/\/creman.com\/fr\/recouvrement-national\/","name":"Recouvrement national - CREMAN | CREDIT MANAGEMENT &amp; INCASSO","isPartOf":{"@id":"https:\/\/creman.com\/fr\/#website"},"datePublished":"2021-01-07T11:34:29+00:00","dateModified":"2021-01-18T10:52:48+00:00","breadcrumb":{"@id":"https:\/\/creman.com\/fr\/recouvrement-national\/#breadcrumb"},"inLanguage":"fr-FR","potentialAction":[{"@type":"ReadAction","target":["https:\/\/creman.com\/fr\/recouvrement-national\/"]}]},{"@type":"BreadcrumbList","@id":"https:\/\/creman.com\/fr\/recouvrement-national\/#breadcrumb","itemListElement":[{"@type":"ListItem","position":1,"name":"Home","item":"https:\/\/creman.com\/fr\/"},{"@type":"ListItem","position":2,"name":"Recouvrement national"}]},{"@type":"WebSite","@id":"https:\/\/creman.com\/fr\/#website","url":"https:\/\/creman.com\/fr\/","name":"CREMAN | CREDIT MANAGEMENT &amp; INCASSO","description":"Incasso, jurridische diensten, debiteurenbeheer","publisher":{"@id":"https:\/\/creman.com\/fr\/#organization"},"potentialAction":[{"@type":"SearchAction","target":{"@type":"EntryPoint","urlTemplate":"https:\/\/creman.com\/fr\/?s={search_term_string}"},"query-input":{"@type":"PropertyValueSpecification","valueRequired":true,"valueName":"search_term_string"}}],"inLanguage":"fr-FR"},{"@type":"Organization","@id":"https:\/\/creman.com\/fr\/#organization","name":"CreMan B.V.","url":"https:\/\/creman.com\/fr\/","logo":{"@type":"ImageObject","inLanguage":"fr-FR","@id":"https:\/\/creman.com\/fr\/#\/schema\/logo\/image\/","url":"https:\/\/creman.com\/wp-content\/uploads\/2020\/11\/CreMan-Logo.png","contentUrl":"https:\/\/creman.com\/wp-content\/uploads\/2020\/11\/CreMan-Logo.png","width":300,"height":43,"caption":"CreMan B.V."},"image":{"@id":"https:\/\/creman.com\/fr\/#\/schema\/logo\/image\/"},"sameAs":["https:\/\/www.linkedin.com\/company\/creman-debt-collection-agency\/"]}]}},"_links":{"self":[{"href":"https:\/\/creman.com\/fr\/wp-json\/wp\/v2\/pages\/4753","targetHints":{"allow":["GET"]}}],"collection":[{"href":"https:\/\/creman.com\/fr\/wp-json\/wp\/v2\/pages"}],"about":[{"href":"https:\/\/creman.com\/fr\/wp-json\/wp\/v2\/types\/page"}],"author":[{"embeddable":true,"href":"https:\/\/creman.com\/fr\/wp-json\/wp\/v2\/users\/5"}],"replies":[{"embeddable":true,"href":"https:\/\/creman.com\/fr\/wp-json\/wp\/v2\/comments?post=4753"}],"version-history":[{"count":7,"href":"https:\/\/creman.com\/fr\/wp-json\/wp\/v2\/pages\/4753\/revisions"}],"predecessor-version":[{"id":4759,"href":"https:\/\/creman.com\/fr\/wp-json\/wp\/v2\/pages\/4753\/revisions\/4759"}],"wp:attachment":[{"href":"https:\/\/creman.com\/fr\/wp-json\/wp\/v2\/media?parent=4753"}],"curies":[{"name":"wp","href":"https:\/\/api.w.org\/{rel}","templated":true}]}}