{"id":4860,"date":"2021-01-11T13:16:24","date_gmt":"2021-01-11T12:16:24","guid":{"rendered":"https:\/\/creman.com\/procedures-judiciaires\/"},"modified":"2021-01-11T13:16:24","modified_gmt":"2021-01-11T12:16:24","slug":"procedures-judiciaires","status":"publish","type":"page","link":"https:\/\/creman.com\/fr\/procedures-judiciaires\/","title":{"rendered":"Proc\u00e9dures Judiciaires"},"content":{"rendered":"\n<style type=\"text\/css\" data-created_by=\"avia_inline_auto\" id=\"style-css-av-k8g4eg40-342951ddb05ba86fb05c65669789d6a6\">\n.avia-section.av-k8g4eg40-342951ddb05ba86fb05c65669789d6a6 .av-section-color-overlay{\nopacity:0.5;\nbackground-color:#000000;\n}\n<\/style>\n<div id='av_section_1'  class='avia-section av-k8g4eg40-342951ddb05ba86fb05c65669789d6a6 main_color avia-section-default avia-no-border-styling  avia-builder-el-0  el_before_av_section  avia-builder-el-first  avia-bg-style-parallax av-section-color-overlay-active av-minimum-height av-minimum-height-custom av-height-custom  container_wrap fullsize'   data-av_minimum_height_px='350'><div class=\"av-section-color-overlay-wrap\"><div class=\"av-section-color-overlay\"><\/div><div class='container av-section-cont-open' style='height:350px'><main  role=\"main\" itemprop=\"mainContentOfPage\"  class='template-page content  av-content-full alpha units'><div class='post-entry post-entry-type-page post-entry-4860'><div class='entry-content-wrapper clearfix'>\n\n<style type=\"text\/css\" data-created_by=\"avia_inline_auto\" id=\"style-css-av-gjgos-c22fc7c503a99630f5fdfb36e1a90600\">\n.flex_column.av-gjgos-c22fc7c503a99630f5fdfb36e1a90600{\nborder-radius:0px 0px 0px 0px;\npadding:0px 0px 0px 0px;\n}\n<\/style>\n<div  class='flex_column av-gjgos-c22fc7c503a99630f5fdfb36e1a90600 av_one_full  avia-builder-el-1  avia-builder-el-no-sibling  first flex_column_div av-zero-column-padding  '     ><style type=\"text\/css\" data-created_by=\"avia_inline_auto\" id=\"style-css-av-k8g4eo2d-9bbeb14c3bb6eb0b66dd2532d08be103\">\n#top .av_textblock_section.av-k8g4eo2d-9bbeb14c3bb6eb0b66dd2532d08be103 .avia_textblock{\ncolor:#ffffff;\n}\n<\/style>\n<section  class='av_textblock_section av-k8g4eo2d-9bbeb14c3bb6eb0b66dd2532d08be103 '   itemscope=\"itemscope\" itemtype=\"https:\/\/schema.org\/CreativeWork\" ><div class='avia_textblock av_inherit_color'  itemprop=\"text\" ><h1 class=\"uppercase\" style=\"text-align: center;\"><strong>PROC\u00c9DURES JUDICIAIRES<\/strong><\/h1>\n<\/div><\/section><\/div>\n\n<\/div><\/div><\/main><!-- close content main element --><\/div><\/div><\/div><div id='av_section_2'  class='avia-section av-lbc6t-dbe92a595feca5fb695d3486a7e60112 main_color avia-section-default avia-no-border-styling  avia-builder-el-3  el_after_av_section  avia-builder-el-last  avia-bg-style-scroll container_wrap fullsize'  ><div class='container av-section-cont-open' ><div class='template-page content  av-content-full alpha units'><div class='post-entry post-entry-type-page post-entry-4860'><div class='entry-content-wrapper clearfix'>\n\n<style type=\"text\/css\" data-created_by=\"avia_inline_auto\" id=\"style-css-av-9i7el-eec1f4db75b1e246633dd965cb0d54b9\">\n.flex_column.av-9i7el-eec1f4db75b1e246633dd965cb0d54b9{\nborder-radius:0px 0px 0px 0px;\npadding:0px 0px 0px 0px;\n}\n<\/style>\n<div  class='flex_column av-9i7el-eec1f4db75b1e246633dd965cb0d54b9 av_three_fourth  avia-builder-el-4  avia-builder-el-no-sibling  first flex_column_div av-zero-column-padding  '     ><section  class='av_textblock_section av-k8h1469m-b3046552b155139be92f0bf914179598 '   itemscope=\"itemscope\" itemtype=\"https:\/\/schema.org\/CreativeWork\" ><div class='avia_textblock'  itemprop=\"text\" ><p>Si aucun paiement n&rsquo;a \u00e9t\u00e9 effectu\u00e9, m\u00eame apr\u00e8s ach\u00e8vement des diff\u00e9rentes phases, la cr\u00e9ance est transmise au service juridique de CreMan, apr\u00e8s votre accord et sur nos conseils. Les juristes de CreMan se chargent ensuite de l&rsquo;ensemble de la proc\u00e9dure judiciaire. Nous conduisons en interne l&rsquo;ensemble de toute proc\u00e9dure judiciaire pour laquelle le tribunal d\u2019arrondissement est comp\u00e9tent.<\/p>\n<p>Nous vous conseillons toujours de rechercher d&rsquo;abord les possibilit\u00e9s de r\u00e9cup\u00e9rer la cr\u00e9ance, pour d\u00e9terminer s&rsquo;il vaut la peine d&rsquo;entamer une proc\u00e9dure judiciaire.<\/p>\n<p>Vous recevrez une proposition de notre part avant toute proc\u00e9dure. Cette m\u00e9thode garantit que vous ne serez jamais d\u00e9sagr\u00e9ablement surpris en termes de frais. Nous travaillons avec notre propre huissier.<\/p>\n<p>Nous suivons le dossier \u00e9galement de pr\u00e8s pendant l&rsquo;ex\u00e9cution du jugement, en donnant, entre autres, des instructions claires \u00e0 notre huissier. Apr\u00e8s tout, il s&rsquo;agit de votre argent et de votre client ; tout d\u00e9biteur requiert une approche personnalis\u00e9e.<\/p>\n<p>Vous souhaitez en savoir plus sur les proc\u00e9dures de recouvrement en contentieux ? Contactez-nous, nous serons heureux de vous offrir des conseils gratuits.<\/p>\n<\/div><\/section><br \/>\n<div  class='avia-button-wrap av-k8h14zhy-c31d34ef1f1db3ad741d9230dc41b814-wrap avia-button-left  avia-builder-el-6  el_after_av_textblock  avia-builder-el-last '><a href='https:\/\/creman.com\/contact-2\/'  class='avia-button av-k8h14zhy-c31d34ef1f1db3ad741d9230dc41b814 av-link-btn avia-icon_select-no avia-size-medium avia-position-left avia-color-theme-color'   aria-label=\"CONTACT\"><span class='avia_iconbox_title' >CONTACT<\/span><\/a><\/div><\/p><\/div>\n","protected":false},"excerpt":{"rendered":"","protected":false},"author":5,"featured_media":0,"parent":0,"menu_order":0,"comment_status":"closed","ping_status":"closed","template":"","meta":{"_improvement_type_select":"improve_an_existing","_thumb_yes_seoaic":false,"_frame_yes_seoaic":false,"seoaic_generate_description":"","seoaic_improve_instructions_prompt":"","seoaic_rollback_content_improvement":"","seoaic_idea_thumbnail_generator":"","thumbnail_generated":false,"thumbnail_generate_prompt":"","seoaic_article_description":"","footnotes":""},"class_list":["post-4860","page","type-page","status-publish","hentry"],"yoast_head":"<!-- This site is optimized with the Yoast SEO plugin v27.5 - https:\/\/yoast.com\/product\/yoast-seo-wordpress\/ -->\n<title>Proc\u00e9dures Judiciaires - CREMAN | CREDIT MANAGEMENT &amp; INCASSO<\/title>\n<meta name=\"robots\" content=\"index, follow, max-snippet:-1, max-image-preview:large, max-video-preview:-1\" \/>\n<link rel=\"canonical\" href=\"https:\/\/creman.com\/fr\/procedures-judiciaires\/\" \/>\n<meta property=\"og:locale\" content=\"fr_FR\" \/>\n<meta property=\"og:type\" content=\"article\" \/>\n<meta property=\"og:title\" content=\"Proc\u00e9dures Judiciaires - CREMAN | CREDIT MANAGEMENT &amp; INCASSO\" \/>\n<meta property=\"og:url\" content=\"https:\/\/creman.com\/fr\/procedures-judiciaires\/\" \/>\n<meta property=\"og:site_name\" content=\"CREMAN | CREDIT MANAGEMENT &amp; INCASSO\" \/>\n<meta name=\"twitter:card\" content=\"summary_large_image\" \/>\n<meta name=\"twitter:label1\" content=\"Dur\u00e9e de lecture estim\u00e9e\" \/>\n\t<meta name=\"twitter:data1\" content=\"4 minutes\" \/>\n<script type=\"application\/ld+json\" class=\"yoast-schema-graph\">{\"@context\":\"https:\\\/\\\/schema.org\",\"@graph\":[{\"@type\":\"WebPage\",\"@id\":\"https:\\\/\\\/creman.com\\\/fr\\\/procedures-judiciaires\\\/\",\"url\":\"https:\\\/\\\/creman.com\\\/fr\\\/procedures-judiciaires\\\/\",\"name\":\"Proc\u00e9dures Judiciaires - CREMAN | CREDIT MANAGEMENT &amp; INCASSO\",\"isPartOf\":{\"@id\":\"https:\\\/\\\/creman.com\\\/fr\\\/#website\"},\"datePublished\":\"2021-01-11T12:16:24+00:00\",\"breadcrumb\":{\"@id\":\"https:\\\/\\\/creman.com\\\/fr\\\/procedures-judiciaires\\\/#breadcrumb\"},\"inLanguage\":\"fr-FR\",\"potentialAction\":[{\"@type\":\"ReadAction\",\"target\":[\"https:\\\/\\\/creman.com\\\/fr\\\/procedures-judiciaires\\\/\"]}]},{\"@type\":\"BreadcrumbList\",\"@id\":\"https:\\\/\\\/creman.com\\\/fr\\\/procedures-judiciaires\\\/#breadcrumb\",\"itemListElement\":[{\"@type\":\"ListItem\",\"position\":1,\"name\":\"Home\",\"item\":\"https:\\\/\\\/creman.com\\\/fr\\\/\"},{\"@type\":\"ListItem\",\"position\":2,\"name\":\"Proc\u00e9dures Judiciaires\"}]},{\"@type\":\"WebSite\",\"@id\":\"https:\\\/\\\/creman.com\\\/fr\\\/#website\",\"url\":\"https:\\\/\\\/creman.com\\\/fr\\\/\",\"name\":\"CREMAN | CREDIT MANAGEMENT &amp; INCASSO\",\"description\":\"Incasso, jurridische diensten, debiteurenbeheer\",\"publisher\":{\"@id\":\"https:\\\/\\\/creman.com\\\/fr\\\/#organization\"},\"potentialAction\":[{\"@type\":\"SearchAction\",\"target\":{\"@type\":\"EntryPoint\",\"urlTemplate\":\"https:\\\/\\\/creman.com\\\/fr\\\/?s={search_term_string}\"},\"query-input\":{\"@type\":\"PropertyValueSpecification\",\"valueRequired\":true,\"valueName\":\"search_term_string\"}}],\"inLanguage\":\"fr-FR\"},{\"@type\":\"Organization\",\"@id\":\"https:\\\/\\\/creman.com\\\/fr\\\/#organization\",\"name\":\"CreMan B.V.\",\"url\":\"https:\\\/\\\/creman.com\\\/fr\\\/\",\"logo\":{\"@type\":\"ImageObject\",\"inLanguage\":\"fr-FR\",\"@id\":\"https:\\\/\\\/creman.com\\\/fr\\\/#\\\/schema\\\/logo\\\/image\\\/\",\"url\":\"https:\\\/\\\/creman.com\\\/wp-content\\\/uploads\\\/2020\\\/11\\\/CreMan-Logo.png\",\"contentUrl\":\"https:\\\/\\\/creman.com\\\/wp-content\\\/uploads\\\/2020\\\/11\\\/CreMan-Logo.png\",\"width\":300,\"height\":43,\"caption\":\"CreMan B.V.\"},\"image\":{\"@id\":\"https:\\\/\\\/creman.com\\\/fr\\\/#\\\/schema\\\/logo\\\/image\\\/\"},\"sameAs\":[\"https:\\\/\\\/www.linkedin.com\\\/company\\\/creman-debt-collection-agency\\\/\"]}]}<\/script>\n<!-- \/ Yoast SEO plugin. -->","yoast_head_json":{"title":"Proc\u00e9dures Judiciaires - CREMAN | CREDIT MANAGEMENT &amp; INCASSO","robots":{"index":"index","follow":"follow","max-snippet":"max-snippet:-1","max-image-preview":"max-image-preview:large","max-video-preview":"max-video-preview:-1"},"canonical":"https:\/\/creman.com\/fr\/procedures-judiciaires\/","og_locale":"fr_FR","og_type":"article","og_title":"Proc\u00e9dures Judiciaires - CREMAN | CREDIT MANAGEMENT &amp; INCASSO","og_url":"https:\/\/creman.com\/fr\/procedures-judiciaires\/","og_site_name":"CREMAN | CREDIT MANAGEMENT &amp; INCASSO","twitter_card":"summary_large_image","twitter_misc":{"Dur\u00e9e de lecture estim\u00e9e":"4 minutes"},"schema":{"@context":"https:\/\/schema.org","@graph":[{"@type":"WebPage","@id":"https:\/\/creman.com\/fr\/procedures-judiciaires\/","url":"https:\/\/creman.com\/fr\/procedures-judiciaires\/","name":"Proc\u00e9dures Judiciaires - CREMAN | CREDIT MANAGEMENT &amp; INCASSO","isPartOf":{"@id":"https:\/\/creman.com\/fr\/#website"},"datePublished":"2021-01-11T12:16:24+00:00","breadcrumb":{"@id":"https:\/\/creman.com\/fr\/procedures-judiciaires\/#breadcrumb"},"inLanguage":"fr-FR","potentialAction":[{"@type":"ReadAction","target":["https:\/\/creman.com\/fr\/procedures-judiciaires\/"]}]},{"@type":"BreadcrumbList","@id":"https:\/\/creman.com\/fr\/procedures-judiciaires\/#breadcrumb","itemListElement":[{"@type":"ListItem","position":1,"name":"Home","item":"https:\/\/creman.com\/fr\/"},{"@type":"ListItem","position":2,"name":"Proc\u00e9dures Judiciaires"}]},{"@type":"WebSite","@id":"https:\/\/creman.com\/fr\/#website","url":"https:\/\/creman.com\/fr\/","name":"CREMAN | CREDIT MANAGEMENT &amp; INCASSO","description":"Incasso, jurridische diensten, debiteurenbeheer","publisher":{"@id":"https:\/\/creman.com\/fr\/#organization"},"potentialAction":[{"@type":"SearchAction","target":{"@type":"EntryPoint","urlTemplate":"https:\/\/creman.com\/fr\/?s={search_term_string}"},"query-input":{"@type":"PropertyValueSpecification","valueRequired":true,"valueName":"search_term_string"}}],"inLanguage":"fr-FR"},{"@type":"Organization","@id":"https:\/\/creman.com\/fr\/#organization","name":"CreMan B.V.","url":"https:\/\/creman.com\/fr\/","logo":{"@type":"ImageObject","inLanguage":"fr-FR","@id":"https:\/\/creman.com\/fr\/#\/schema\/logo\/image\/","url":"https:\/\/creman.com\/wp-content\/uploads\/2020\/11\/CreMan-Logo.png","contentUrl":"https:\/\/creman.com\/wp-content\/uploads\/2020\/11\/CreMan-Logo.png","width":300,"height":43,"caption":"CreMan B.V."},"image":{"@id":"https:\/\/creman.com\/fr\/#\/schema\/logo\/image\/"},"sameAs":["https:\/\/www.linkedin.com\/company\/creman-debt-collection-agency\/"]}]}},"_links":{"self":[{"href":"https:\/\/creman.com\/fr\/wp-json\/wp\/v2\/pages\/4860","targetHints":{"allow":["GET"]}}],"collection":[{"href":"https:\/\/creman.com\/fr\/wp-json\/wp\/v2\/pages"}],"about":[{"href":"https:\/\/creman.com\/fr\/wp-json\/wp\/v2\/types\/page"}],"author":[{"embeddable":true,"href":"https:\/\/creman.com\/fr\/wp-json\/wp\/v2\/users\/5"}],"replies":[{"embeddable":true,"href":"https:\/\/creman.com\/fr\/wp-json\/wp\/v2\/comments?post=4860"}],"version-history":[{"count":1,"href":"https:\/\/creman.com\/fr\/wp-json\/wp\/v2\/pages\/4860\/revisions"}],"predecessor-version":[{"id":4861,"href":"https:\/\/creman.com\/fr\/wp-json\/wp\/v2\/pages\/4860\/revisions\/4861"}],"wp:attachment":[{"href":"https:\/\/creman.com\/fr\/wp-json\/wp\/v2\/media?parent=4860"}],"curies":[{"name":"wp","href":"https:\/\/api.w.org\/{rel}","templated":true}]}}