{"id":4866,"date":"2021-01-11T13:24:48","date_gmt":"2021-01-11T12:24:48","guid":{"rendered":"https:\/\/creman.com\/externalisation-gestion-de-creances\/"},"modified":"2021-01-11T14:52:36","modified_gmt":"2021-01-11T13:52:36","slug":"externalisation-gestion-de-creances","status":"publish","type":"page","link":"https:\/\/creman.com\/fr\/externalisation-gestion-de-creances","title":{"rendered":"Externalisation gestion de cr\u00e9ances"},"content":{"rendered":"\n<style type=\"text\/css\" data-created_by=\"avia_inline_auto\" id=\"style-css-av-k8g4eg40-67f709aa3011fbe7c214dfbee2ad541b\">\n.avia-section.av-k8g4eg40-67f709aa3011fbe7c214dfbee2ad541b .av-parallax .av-parallax-inner{\nbackground-repeat:no-repeat;\nbackground-image:url(https:\/\/creman.com\/wp-content\/uploads\/2020\/07\/alice-pasqual-Olki5QpHxts-unsplash.klein_.jpg);\nbackground-position:50% 0%;\nbackground-attachment:scroll;\n}\n.avia-section.av-k8g4eg40-67f709aa3011fbe7c214dfbee2ad541b .av-section-color-overlay{\nopacity:0.5;\nbackground-color:#000000;\n}\n<\/style>\n<div id='av_section_1'  class='avia-section av-k8g4eg40-67f709aa3011fbe7c214dfbee2ad541b main_color avia-section-default avia-no-border-styling  avia-builder-el-0  el_before_av_section  avia-builder-el-first  avia-full-stretch av-parallax-section avia-bg-style-parallax av-section-color-overlay-active av-minimum-height av-minimum-height-custom av-height-custom  container_wrap fullsize'  data-section-bg-repeat='stretch' data-av_minimum_height_px='350'><div class='av-parallax' data-avia-parallax-ratio='0.3' ><div class='av-parallax-inner main_color avia-full-stretch'><\/div><\/div><div class=\"av-section-color-overlay-wrap\"><div class=\"av-section-color-overlay\"><\/div><div class='container av-section-cont-open' style='height:350px'><main  role=\"main\" itemprop=\"mainContentOfPage\"  class='template-page content  av-content-full alpha units'><div class='post-entry post-entry-type-page post-entry-4866'><div class='entry-content-wrapper clearfix'>\r\n\n<style type=\"text\/css\" data-created_by=\"avia_inline_auto\" id=\"style-css-av-gjgos-c22fc7c503a99630f5fdfb36e1a90600\">\n.flex_column.av-gjgos-c22fc7c503a99630f5fdfb36e1a90600{\nborder-radius:0px 0px 0px 0px;\npadding:0px 0px 0px 0px;\n}\n<\/style>\n<div  class='flex_column av-gjgos-c22fc7c503a99630f5fdfb36e1a90600 av_one_full  avia-builder-el-1  avia-builder-el-no-sibling  first flex_column_div av-zero-column-padding  '     ><style type=\"text\/css\" data-created_by=\"avia_inline_auto\" id=\"style-css-av-k8g4eo2d-9bbeb14c3bb6eb0b66dd2532d08be103\">\n#top .av_textblock_section.av-k8g4eo2d-9bbeb14c3bb6eb0b66dd2532d08be103 .avia_textblock{\ncolor:#ffffff;\n}\n<\/style>\n<section  class='av_textblock_section av-k8g4eo2d-9bbeb14c3bb6eb0b66dd2532d08be103 '   itemscope=\"itemscope\" itemtype=\"https:\/\/schema.org\/CreativeWork\" ><div class='avia_textblock av_inherit_color'  itemprop=\"text\" ><h1 class=\"uppercase\" style=\"text-align: center;\"><strong>EXTERNALISATION GESTION DE CR\u00c9ANCES<\/strong><\/h1>\n<\/div><\/section><\/div>\r\n\r\n\r\n<\/div><\/div><\/main><!-- close content main element --><\/div><\/div><\/div><div id='av_section_2'  class='avia-section av-hbrzb-578e3d5845280f08b09f126a41696964 main_color avia-section-default avia-no-border-styling  avia-builder-el-3  el_after_av_section  avia-builder-el-last  avia-bg-style-scroll container_wrap fullsize'  ><div class='container av-section-cont-open' ><div class='template-page content  av-content-full alpha units'><div class='post-entry post-entry-type-page post-entry-4866'><div class='entry-content-wrapper clearfix'>\r\n\r\n<div class='flex_column_table av-k8h9yo4z-61779d95d1d1a45d10491defd22a3cea sc-av_one_half av-equal-height-column-flextable'>\n<style type=\"text\/css\" data-created_by=\"avia_inline_auto\" id=\"style-css-av-k8h9yo4z-61779d95d1d1a45d10491defd22a3cea\">\n.flex_column.av-k8h9yo4z-61779d95d1d1a45d10491defd22a3cea{\nborder-radius:0px 0px 0px 0px;\npadding:0px 0px 0px 0px;\n}\n<\/style>\n<div  class='flex_column av-k8h9yo4z-61779d95d1d1a45d10491defd22a3cea av_one_half  avia-builder-el-4  el_before_av_one_half  avia-builder-el-first  first no_margin flex_column_table_cell av-equal-height-column av-align-middle av-zero-column-padding  '     ><section  class='av_textblock_section av-k8h9xqhx-a9ab492f0e17baea55da9d46c2b69404 '   itemscope=\"itemscope\" itemtype=\"https:\/\/schema.org\/CreativeWork\" ><div class='avia_textblock'  itemprop=\"text\" ><p>Nous vous conseillons de ne pas attendre qu&rsquo;il soit vraiment trop tard pour recouvrer les factures, mais de veiller de fa\u00e7on bien planifi\u00e9e \u00e0 ce que les encours de factures soient pay\u00e9s \u00e0 temps.<\/p>\n<p>Donnez \u00e0 votre client une derni\u00e8re chance de payer sans frais suppl\u00e9mentaires !<\/p>\n<p>Chaque entreprise aborde ses d\u00e9biteurs \u00e0 sa mani\u00e8re. C&rsquo;est pourquoi nous pr\u00e9parons un plan d&rsquo;action avec vous \u00e0 l&rsquo;avance, dans lequel tous vos souhaits sont pris en compte.<\/p>\n<p style=\"text-align: left;\"><b>Les avantages de la gestion de cr\u00e9ances:<\/b><\/p>\n<ul style=\"text-align: left;\">\n<li style=\"text-align: left;\">Gain de temps;<\/li>\n<li style=\"text-align: left;\">Meilleure position de liquidit\u00e9 de votre entreprise;<\/li>\n<li style=\"text-align: left;\">Forte r\u00e9duction du d\u00e9lai de paiement moyen;<\/li>\n<li style=\"text-align: left;\">Moins de frais administratifs et de frais postaux;<\/li>\n<\/ul>\n<p>Apr\u00e8s que vous ayez soumis vos impay\u00e9s, nous envoyons des relances, sommations ou, si n\u00e9cessaire, une injonction \u00e0 vos d\u00e9biteurs. Si vous le souhaitez, nous contactons \u00e9galement vos d\u00e9biteurs par t\u00e9l\u00e9phone.<\/p>\n<p>Si n\u00e9cessaire, la proc\u00e9dure de relance peut passer sans rupture \u00e0 la proc\u00e9dure de recouvrement, ce qui permet encore de gagner beaucoup de temps. Bien entendu, nous convenons d\u2019accords clairs \u00e0 ce sujet \u00e0 l&rsquo;avance.<\/p>\n<p>Vous pouvez demander directement un devis pour la gestion de cr\u00e9ances ci-dessous et nous vous contacterons alors dans les plus brefs d\u00e9lais. Bien s\u00fbr, vous pouvez \u00e9galement nous appeler ou nous envoyer un e-mail pour plus d&rsquo;informations.<\/p>\n<p>Vous pr\u00e9f\u00e9rez g\u00e9rer vos cr\u00e9ances vous-m\u00eame, mais vous \u00eates plut\u00f4t int\u00e9ress\u00e9 par un logiciel pour la gestion de cr\u00e9ances ? Alors cliquez sur le bouton ci-dessous.<\/p>\n<\/div><\/section>\n<div  class='avia-button-wrap av-k8h9zpc5-b790e8bae010c79f9a3bb97247d1b055-wrap avia-button-left  avia-builder-el-6  el_after_av_textblock  avia-builder-el-last '><a href='https:\/\/creman.com\/fr\/logiciel-pour-la-gestion-de-creances-2'  class='avia-button av-k8h9zpc5-b790e8bae010c79f9a3bb97247d1b055 av-link-btn avia-icon_select-no avia-size-medium avia-position-left avia-color-theme-color-highlight'   aria-label=\"Cliquez ici pour le logiciel\"><span class='avia_iconbox_title' >Cliquez ici pour le logiciel<\/span><\/a><\/div><\/div>\n<style type=\"text\/css\" data-created_by=\"avia_inline_auto\" id=\"style-css-av-b8krz-2271081f14e59628e3e151343a66652c\">\n.flex_column.av-b8krz-2271081f14e59628e3e151343a66652c{\nborder-radius:0px 0px 0px 0px;\npadding:0px 0px 0px 0px;\n}\n<\/style>\n<div  class='flex_column av-b8krz-2271081f14e59628e3e151343a66652c av_one_half  avia-builder-el-7  el_after_av_one_half  avia-builder-el-last  no_margin flex_column_table_cell av-equal-height-column av-align-middle av-zero-column-padding  '     ><section  class='av_textblock_section av-k8h9xqhx-a9ab492f0e17baea55da9d46c2b69404 '   itemscope=\"itemscope\" itemtype=\"https:\/\/schema.org\/CreativeWork\" ><div class='avia_textblock'  itemprop=\"text\" ><h2 style=\"text-align: center;\">Voulez-vous des conseils \u00e0 propos de votre gestion de cr\u00e9ances?<\/h2>\n<p><!-- \/wp:post-content --><\/p>\n<\/div><\/section>\n<div  class='avia-button-wrap av-k8h9zpc5-75272700f6d691071a58115d2b6a61d7-wrap avia-button-center  avia-builder-el-9  el_after_av_textblock  avia-builder-el-last '><a href='https:\/\/creman.com\/contact'  class='avia-button av-k8h9zpc5-75272700f6d691071a58115d2b6a61d7 av-link-btn avia-icon_select-no avia-size-medium avia-position-center avia-color-theme-color-highlight'   aria-label=\"Nous serons heureux de vous aider.\"><span class='avia_iconbox_title' >Nous serons heureux de vous aider.<\/span><\/a><\/div><\/div><\/div><!--close column table wrapper. Autoclose: 1 --><!-- \/wp:freeform -->","protected":false},"excerpt":{"rendered":"","protected":false},"author":5,"featured_media":0,"parent":0,"menu_order":0,"comment_status":"closed","ping_status":"closed","template":"","meta":{"_improvement_type_select":"improve_an_existing","_thumb_yes_seoaic":false,"_frame_yes_seoaic":false,"seoaic_generate_description":"","seoaic_improve_instructions_prompt":"","seoaic_rollback_content_improvement":"","seoaic_idea_thumbnail_generator":"","thumbnail_generated":false,"thumbnail_generate_prompt":"","seoaic_article_description":"","footnotes":""},"class_list":["post-4866","page","type-page","status-publish","hentry"],"yoast_head":"<!-- This site is optimized with the Yoast SEO plugin v27.3 - https:\/\/yoast.com\/product\/yoast-seo-wordpress\/ -->\n<title>Externalisation gestion de cr\u00e9ances - CREMAN | CREDIT MANAGEMENT &amp; INCASSO<\/title>\n<meta name=\"robots\" content=\"index, follow, max-snippet:-1, max-image-preview:large, max-video-preview:-1\" \/>\n<link rel=\"canonical\" href=\"https:\/\/creman.com\/fr\/externalisation-gestion-de-creances\" \/>\n<meta property=\"og:locale\" content=\"fr_FR\" \/>\n<meta property=\"og:type\" content=\"article\" \/>\n<meta property=\"og:title\" content=\"Externalisation gestion de cr\u00e9ances - CREMAN | CREDIT MANAGEMENT &amp; INCASSO\" \/>\n<meta property=\"og:url\" content=\"https:\/\/creman.com\/fr\/externalisation-gestion-de-creances\" \/>\n<meta property=\"og:site_name\" content=\"CREMAN | CREDIT MANAGEMENT &amp; INCASSO\" \/>\n<meta property=\"article:modified_time\" content=\"2021-01-11T13:52:36+00:00\" \/>\n<meta name=\"twitter:card\" content=\"summary_large_image\" \/>\n<meta name=\"twitter:label1\" content=\"Dur\u00e9e de lecture estim\u00e9e\" \/>\n\t<meta name=\"twitter:data1\" content=\"6 minutes\" \/>\n<script type=\"application\/ld+json\" class=\"yoast-schema-graph\">{\"@context\":\"https:\\\/\\\/schema.org\",\"@graph\":[{\"@type\":\"WebPage\",\"@id\":\"https:\\\/\\\/creman.com\\\/fr\\\/externalisation-gestion-de-creances\",\"url\":\"https:\\\/\\\/creman.com\\\/fr\\\/externalisation-gestion-de-creances\",\"name\":\"Externalisation gestion de cr\u00e9ances - CREMAN | CREDIT MANAGEMENT &amp; INCASSO\",\"isPartOf\":{\"@id\":\"https:\\\/\\\/creman.com\\\/fr#website\"},\"datePublished\":\"2021-01-11T12:24:48+00:00\",\"dateModified\":\"2021-01-11T13:52:36+00:00\",\"breadcrumb\":{\"@id\":\"https:\\\/\\\/creman.com\\\/fr\\\/externalisation-gestion-de-creances#breadcrumb\"},\"inLanguage\":\"fr-FR\",\"potentialAction\":[{\"@type\":\"ReadAction\",\"target\":[\"https:\\\/\\\/creman.com\\\/fr\\\/externalisation-gestion-de-creances\"]}]},{\"@type\":\"BreadcrumbList\",\"@id\":\"https:\\\/\\\/creman.com\\\/fr\\\/externalisation-gestion-de-creances#breadcrumb\",\"itemListElement\":[{\"@type\":\"ListItem\",\"position\":1,\"name\":\"Home\",\"item\":\"https:\\\/\\\/creman.com\\\/fr\"},{\"@type\":\"ListItem\",\"position\":2,\"name\":\"Externalisation gestion de cr\u00e9ances\"}]},{\"@type\":\"WebSite\",\"@id\":\"https:\\\/\\\/creman.com\\\/fr#website\",\"url\":\"https:\\\/\\\/creman.com\\\/fr\",\"name\":\"CREMAN | CREDIT MANAGEMENT &amp; INCASSO\",\"description\":\"Incasso, jurridische diensten, debiteurenbeheer\",\"publisher\":{\"@id\":\"https:\\\/\\\/creman.com\\\/fr#organization\"},\"potentialAction\":[{\"@type\":\"SearchAction\",\"target\":{\"@type\":\"EntryPoint\",\"urlTemplate\":\"https:\\\/\\\/creman.com\\\/fr?s={search_term_string}\"},\"query-input\":{\"@type\":\"PropertyValueSpecification\",\"valueRequired\":true,\"valueName\":\"search_term_string\"}}],\"inLanguage\":\"fr-FR\"},{\"@type\":\"Organization\",\"@id\":\"https:\\\/\\\/creman.com\\\/fr#organization\",\"name\":\"CreMan B.V.\",\"url\":\"https:\\\/\\\/creman.com\\\/fr\",\"logo\":{\"@type\":\"ImageObject\",\"inLanguage\":\"fr-FR\",\"@id\":\"https:\\\/\\\/creman.com\\\/fr#\\\/schema\\\/logo\\\/image\\\/\",\"url\":\"https:\\\/\\\/creman.com\\\/wp-content\\\/uploads\\\/2020\\\/11\\\/CreMan-Logo.png\",\"contentUrl\":\"https:\\\/\\\/creman.com\\\/wp-content\\\/uploads\\\/2020\\\/11\\\/CreMan-Logo.png\",\"width\":300,\"height\":43,\"caption\":\"CreMan B.V.\"},\"image\":{\"@id\":\"https:\\\/\\\/creman.com\\\/fr#\\\/schema\\\/logo\\\/image\\\/\"},\"sameAs\":[\"https:\\\/\\\/www.linkedin.com\\\/company\\\/creman-debt-collection-agency\\\/\"]}]}<\/script>\n<!-- \/ Yoast SEO plugin. -->","yoast_head_json":{"title":"Externalisation gestion de cr\u00e9ances - CREMAN | CREDIT MANAGEMENT &amp; INCASSO","robots":{"index":"index","follow":"follow","max-snippet":"max-snippet:-1","max-image-preview":"max-image-preview:large","max-video-preview":"max-video-preview:-1"},"canonical":"https:\/\/creman.com\/fr\/externalisation-gestion-de-creances","og_locale":"fr_FR","og_type":"article","og_title":"Externalisation gestion de cr\u00e9ances - CREMAN | CREDIT MANAGEMENT &amp; INCASSO","og_url":"https:\/\/creman.com\/fr\/externalisation-gestion-de-creances","og_site_name":"CREMAN | CREDIT MANAGEMENT &amp; INCASSO","article_modified_time":"2021-01-11T13:52:36+00:00","twitter_card":"summary_large_image","twitter_misc":{"Dur\u00e9e de lecture estim\u00e9e":"6 minutes"},"schema":{"@context":"https:\/\/schema.org","@graph":[{"@type":"WebPage","@id":"https:\/\/creman.com\/fr\/externalisation-gestion-de-creances","url":"https:\/\/creman.com\/fr\/externalisation-gestion-de-creances","name":"Externalisation gestion de cr\u00e9ances - CREMAN | CREDIT MANAGEMENT &amp; INCASSO","isPartOf":{"@id":"https:\/\/creman.com\/fr#website"},"datePublished":"2021-01-11T12:24:48+00:00","dateModified":"2021-01-11T13:52:36+00:00","breadcrumb":{"@id":"https:\/\/creman.com\/fr\/externalisation-gestion-de-creances#breadcrumb"},"inLanguage":"fr-FR","potentialAction":[{"@type":"ReadAction","target":["https:\/\/creman.com\/fr\/externalisation-gestion-de-creances"]}]},{"@type":"BreadcrumbList","@id":"https:\/\/creman.com\/fr\/externalisation-gestion-de-creances#breadcrumb","itemListElement":[{"@type":"ListItem","position":1,"name":"Home","item":"https:\/\/creman.com\/fr"},{"@type":"ListItem","position":2,"name":"Externalisation gestion de cr\u00e9ances"}]},{"@type":"WebSite","@id":"https:\/\/creman.com\/fr#website","url":"https:\/\/creman.com\/fr","name":"CREMAN | CREDIT MANAGEMENT &amp; INCASSO","description":"Incasso, jurridische diensten, debiteurenbeheer","publisher":{"@id":"https:\/\/creman.com\/fr#organization"},"potentialAction":[{"@type":"SearchAction","target":{"@type":"EntryPoint","urlTemplate":"https:\/\/creman.com\/fr?s={search_term_string}"},"query-input":{"@type":"PropertyValueSpecification","valueRequired":true,"valueName":"search_term_string"}}],"inLanguage":"fr-FR"},{"@type":"Organization","@id":"https:\/\/creman.com\/fr#organization","name":"CreMan B.V.","url":"https:\/\/creman.com\/fr","logo":{"@type":"ImageObject","inLanguage":"fr-FR","@id":"https:\/\/creman.com\/fr#\/schema\/logo\/image\/","url":"https:\/\/creman.com\/wp-content\/uploads\/2020\/11\/CreMan-Logo.png","contentUrl":"https:\/\/creman.com\/wp-content\/uploads\/2020\/11\/CreMan-Logo.png","width":300,"height":43,"caption":"CreMan B.V."},"image":{"@id":"https:\/\/creman.com\/fr#\/schema\/logo\/image\/"},"sameAs":["https:\/\/www.linkedin.com\/company\/creman-debt-collection-agency\/"]}]}},"_links":{"self":[{"href":"https:\/\/creman.com\/fr\/wp-json\/wp\/v2\/pages\/4866","targetHints":{"allow":["GET"]}}],"collection":[{"href":"https:\/\/creman.com\/fr\/wp-json\/wp\/v2\/pages"}],"about":[{"href":"https:\/\/creman.com\/fr\/wp-json\/wp\/v2\/types\/page"}],"author":[{"embeddable":true,"href":"https:\/\/creman.com\/fr\/wp-json\/wp\/v2\/users\/5"}],"replies":[{"embeddable":true,"href":"https:\/\/creman.com\/fr\/wp-json\/wp\/v2\/comments?post=4866"}],"version-history":[{"count":4,"href":"https:\/\/creman.com\/fr\/wp-json\/wp\/v2\/pages\/4866\/revisions"}],"predecessor-version":[{"id":4943,"href":"https:\/\/creman.com\/fr\/wp-json\/wp\/v2\/pages\/4866\/revisions\/4943"}],"wp:attachment":[{"href":"https:\/\/creman.com\/fr\/wp-json\/wp\/v2\/media?parent=4866"}],"curies":[{"name":"wp","href":"https:\/\/api.w.org\/{rel}","templated":true}]}}