{"id":4870,"date":"2021-01-11T13:30:08","date_gmt":"2021-01-11T12:30:08","guid":{"rendered":"https:\/\/creman.com\/logiciel-pour-la-gestion-de-creances\/"},"modified":"2026-02-26T10:04:55","modified_gmt":"2026-02-26T09:04:55","slug":"logiciel-pour-la-gestion-de-creances-2","status":"publish","type":"page","link":"https:\/\/creman.com\/fr\/logiciel-pour-la-gestion-de-creances-2\/","title":{"rendered":"Logiciel pour la gestion de cr\u00e9ances"},"content":{"rendered":"\n<style type=\"text\/css\" data-created_by=\"avia_inline_auto\" id=\"style-css-av-k8g4eg40-6ab2822f02fa0d8574262c1d7862c69e\">\n.avia-section.av-k8g4eg40-6ab2822f02fa0d8574262c1d7862c69e .av-section-color-overlay{\nopacity:0.5;\nbackground-color:#000000;\n}\n<\/style>\n<div id='av_section_1'  class='avia-section av-k8g4eg40-6ab2822f02fa0d8574262c1d7862c69e main_color avia-section-default avia-no-border-styling  avia-builder-el-0  el_before_av_one_full  avia-builder-el-first  avia-bg-style-parallax av-section-color-overlay-active av-minimum-height av-minimum-height-custom av-height-custom  container_wrap fullsize'   data-av_minimum_height_px='350'><div class=\"av-section-color-overlay-wrap\"><div class=\"av-section-color-overlay\"><\/div><div class='container av-section-cont-open' style='height:350px'><main  role=\"main\" itemprop=\"mainContentOfPage\"  class='template-page content  av-content-full alpha units'><div class='post-entry post-entry-type-page post-entry-4870'><div class='entry-content-wrapper clearfix'>\n\n<style type=\"text\/css\" data-created_by=\"avia_inline_auto\" id=\"style-css-av-gjgos-c22fc7c503a99630f5fdfb36e1a90600\">\n.flex_column.av-gjgos-c22fc7c503a99630f5fdfb36e1a90600{\nborder-radius:0px 0px 0px 0px;\npadding:0px 0px 0px 0px;\n}\n<\/style>\n<div  class='flex_column av-gjgos-c22fc7c503a99630f5fdfb36e1a90600 av_one_full  avia-builder-el-1  avia-builder-el-no-sibling  first flex_column_div av-zero-column-padding  '     ><style type=\"text\/css\" data-created_by=\"avia_inline_auto\" id=\"style-css-av-k8g4eo2d-9bbeb14c3bb6eb0b66dd2532d08be103\">\n#top .av_textblock_section.av-k8g4eo2d-9bbeb14c3bb6eb0b66dd2532d08be103 .avia_textblock{\ncolor:#ffffff;\n}\n<\/style>\n<section  class='av_textblock_section av-k8g4eo2d-9bbeb14c3bb6eb0b66dd2532d08be103 '   itemscope=\"itemscope\" itemtype=\"https:\/\/schema.org\/CreativeWork\" ><div class='avia_textblock av_inherit_color'  itemprop=\"text\" ><h1 class=\"uppercase\" style=\"text-align: center;\"><strong>CREDIT MANAGEMENT<br \/>\nSOFTWARE<\/strong><\/h1>\n<\/div><\/section><\/div>\n<\/div><\/div><\/main><!-- close content main element --><\/div><\/div><\/div><div id='after_section_1'  class='main_color av_default_container_wrap container_wrap fullsize'  ><div class='container av-section-cont-open' ><div class='template-page content  av-content-full alpha units'><div class='post-entry post-entry-type-page post-entry-4870'><div class='entry-content-wrapper clearfix'>\n<div  class='flex_column av-av_one_full-4236371e50272b4ec399280bbf76d6bf av_one_full  avia-builder-el-3  el_after_av_section  el_before_av_section  avia-builder-el-no-sibling  first flex_column_div  '     ><style type=\"text\/css\" data-created_by=\"avia_inline_auto\" id=\"style-css-av-mm386k0i-0541fff1ef2a78fb055f82b83eef349d\">\n#top .av_textblock_section.av-mm386k0i-0541fff1ef2a78fb055f82b83eef349d .avia_textblock{\npadding:0 0 0 0;\n}\n<\/style>\n<section  class='av_textblock_section av-mm386k0i-0541fff1ef2a78fb055f82b83eef349d '   itemscope=\"itemscope\" itemtype=\"https:\/\/schema.org\/CreativeWork\" ><div class='avia_textblock'  itemprop=\"text\" ><h2 data-start=\"0\" data-end=\"53\">Qu\u2019est-ce que <span class=\"hover:entity-accent entity-underline inline cursor-pointer align-baseline\"><span class=\"whitespace-normal\">DebCollect <\/span><\/span>?<\/h2>\n<p data-start=\"55\" data-end=\"374\">DebCollect est le logiciel de credit management en ligne sp\u00e9cialement con\u00e7u pour offrir aux organisations un contr\u00f4le total sur leurs d\u00e9biteurs et leurs processus de facturation. Il vise \u00e0 simplifier et \u00e0 am\u00e9liorer la gestion des cr\u00e9ances clients \u2014 qu\u2019il s\u2019agisse de workflows simples ou de profils d\u00e9biteurs complexes.<\/p>\n<p data-start=\"376\" data-end=\"691\">Avec DebCollect, vous pouvez :<br data-start=\"406\" data-end=\"409\" \/>\u2013 Envoyer automatiquement des rappels et des mises en demeure<br data-start=\"470\" data-end=\"473\" \/>\u2013 G\u00e9rer les processus d\u00e9biteurs de mani\u00e8re claire et structur\u00e9e<br data-start=\"536\" data-end=\"539\" \/>\u2013 Adapter facilement les lettres, profils et parcours via l\u2019interface<br data-start=\"608\" data-end=\"611\" \/>\u2013 L\u2019int\u00e9grer \u00e0 vos syst\u00e8mes existants tels que les logiciels comptables ou ERP<\/p>\n<p data-start=\"693\" data-end=\"907\">DebCollect fonctionne enti\u00e8rement en ligne, ce qui signifie que vous y avez acc\u00e8s partout via ordinateur, tablette ou smartphone. Le logiciel est certifi\u00e9 <strong>ISO 27001<\/strong>, garantissant une s\u00e9curit\u00e9 fiable de vos donn\u00e9es.<\/p>\n<\/div><\/section><\/div><\/div><\/div><\/div><!-- close content main div --><\/div><\/div><div id='av_section_2'  class='avia-section av-av_section-942aacc4cd0a2e643b3b893e07f9a647 main_color avia-section-small avia-no-border-styling  avia-builder-el-5  el_after_av_one_full  el_before_av_two_third  avia-bg-style-scroll container_wrap fullsize'  ><div class='container av-section-cont-open' ><div class='template-page content  av-content-full alpha units'><div class='post-entry post-entry-type-page post-entry-4870'><div class='entry-content-wrapper clearfix'>\n<section  class='av_textblock_section av-mm387e2b-779fdc6dbaf3cacab9afe597aa58f736 '   itemscope=\"itemscope\" itemtype=\"https:\/\/schema.org\/CreativeWork\" ><div class='avia_textblock'  itemprop=\"text\" ><h2 style=\"text-align: center;\" data-start=\"909\" data-end=\"940\">Comment fonctionne DebCollect ?<\/h2>\n<\/div><\/section>\n<div  class='flex_column av-av_one_third-4236371e50272b4ec399280bbf76d6bf av_one_third  avia-builder-el-7  el_after_av_textblock  el_before_av_one_third  first flex_column_div  column-top-margin'     ><section  class='av_textblock_section av-mm3881kq-aec8be9687e3007045a19e373ff93e15 '   itemscope=\"itemscope\" itemtype=\"https:\/\/schema.org\/CreativeWork\" ><div class='avia_textblock'  itemprop=\"text\" ><p style=\"text-align: center;\" data-start=\"942\" data-end=\"970\"><strong>Workflows personnalisables<\/strong><\/p>\n<\/div><\/section><br \/>\n\n<style type=\"text\/css\" data-created_by=\"avia_inline_auto\" id=\"style-css-av-av_image-6a531cf14f748cde7b07ef10edfdf561\">\n.avia-image-container.av-av_image-6a531cf14f748cde7b07ef10edfdf561 img.avia_image{\nbox-shadow:none;\n}\n.avia-image-container.av-av_image-6a531cf14f748cde7b07ef10edfdf561 .av-image-caption-overlay-center{\ncolor:#ffffff;\n}\n<\/style>\n<div  class='avia-image-container av-av_image-6a531cf14f748cde7b07ef10edfdf561 av-styling- avia-align-center  avia-builder-el-9  el_after_av_textblock  el_before_av_textblock '   itemprop=\"image\" itemscope=\"itemscope\" itemtype=\"https:\/\/schema.org\/ImageObject\" ><div class=\"avia-image-container-inner\"><div class=\"avia-image-overlay-wrap\"><img decoding=\"async\" fetchpriority=\"high\" class='wp-image-12100 avia-img-lazy-loading-not-12100 avia_image ' src=\"https:\/\/creman.com\/wp-content\/uploads\/2026\/02\/2.png\" alt='' title='2'  height=\"2100\" width=\"2100\"  itemprop=\"thumbnailUrl\" srcset=\"https:\/\/creman.com\/wp-content\/uploads\/2026\/02\/2.png 2100w, https:\/\/creman.com\/wp-content\/uploads\/2026\/02\/2-300x300.png 300w, https:\/\/creman.com\/wp-content\/uploads\/2026\/02\/2-1030x1030.png 1030w, https:\/\/creman.com\/wp-content\/uploads\/2026\/02\/2-80x80.png 80w, https:\/\/creman.com\/wp-content\/uploads\/2026\/02\/2-768x768.png 768w, https:\/\/creman.com\/wp-content\/uploads\/2026\/02\/2-1536x1536.png 1536w, https:\/\/creman.com\/wp-content\/uploads\/2026\/02\/2-2048x2048.png 2048w, https:\/\/creman.com\/wp-content\/uploads\/2026\/02\/2-36x36.png 36w, https:\/\/creman.com\/wp-content\/uploads\/2026\/02\/2-180x180.png 180w, https:\/\/creman.com\/wp-content\/uploads\/2026\/02\/2-1500x1500.png 1500w, https:\/\/creman.com\/wp-content\/uploads\/2026\/02\/2-705x705.png 705w\" sizes=\"(max-width: 2100px) 100vw, 2100px\" \/><\/div><\/div><\/div><br \/>\n<section  class='av_textblock_section av-mm38970u-4880d697d22a28cfbbe877ad4dbaa54c '   itemscope=\"itemscope\" itemtype=\"https:\/\/schema.org\/CreativeWork\" ><div class='avia_textblock'  itemprop=\"text\" ><p style=\"text-align: center;\">DebCollect prend en charge aussi bien des processus simples que des parcours complexes en plusieurs \u00e9tapes. Vous pouvez d\u00e9finir vous-m\u00eame le d\u00e9roulement d\u2019un workflow en ajoutant et en ex\u00e9cutant des actions sp\u00e9cifiques.<\/p>\n<\/div><\/section><\/p><\/div><div  class='flex_column av-av_one_third-d9d4235c4dc5477e29570d3b99e2b500 av_one_third  avia-builder-el-11  el_after_av_one_third  el_before_av_one_third  flex_column_div  column-top-margin'     ><section  class='av_textblock_section av-mm388dvb-23679616485389ce0791567379e4b8d1 '   itemscope=\"itemscope\" itemtype=\"https:\/\/schema.org\/CreativeWork\" ><div class='avia_textblock'  itemprop=\"text\" ><p style=\"text-align: center;\" data-start=\"1193\" data-end=\"1226\"><strong>Vue d\u2019ensemble &amp; automatisation<\/strong><\/p>\n<\/div><\/section><br \/>\n\n<style type=\"text\/css\" data-created_by=\"avia_inline_auto\" id=\"style-css-av-av_image-be09660854a12e846bf7a7d7f31e8424\">\n.avia-image-container.av-av_image-be09660854a12e846bf7a7d7f31e8424 img.avia_image{\nbox-shadow:none;\n}\n.avia-image-container.av-av_image-be09660854a12e846bf7a7d7f31e8424 .av-image-caption-overlay-center{\ncolor:#ffffff;\n}\n<\/style>\n<div  class='avia-image-container av-av_image-be09660854a12e846bf7a7d7f31e8424 av-styling- avia-align-center  avia-builder-el-13  el_after_av_textblock  el_before_av_textblock '   itemprop=\"image\" itemscope=\"itemscope\" itemtype=\"https:\/\/schema.org\/ImageObject\" ><div class=\"avia-image-container-inner\"><div class=\"avia-image-overlay-wrap\"><img decoding=\"async\" fetchpriority=\"high\" class='wp-image-12106 avia-img-lazy-loading-not-12106 avia_image ' src=\"https:\/\/creman.com\/wp-content\/uploads\/2026\/02\/3.png\" alt='' title='3'  height=\"2100\" width=\"2100\"  itemprop=\"thumbnailUrl\" srcset=\"https:\/\/creman.com\/wp-content\/uploads\/2026\/02\/3.png 2100w, https:\/\/creman.com\/wp-content\/uploads\/2026\/02\/3-300x300.png 300w, https:\/\/creman.com\/wp-content\/uploads\/2026\/02\/3-1030x1030.png 1030w, https:\/\/creman.com\/wp-content\/uploads\/2026\/02\/3-80x80.png 80w, https:\/\/creman.com\/wp-content\/uploads\/2026\/02\/3-768x768.png 768w, https:\/\/creman.com\/wp-content\/uploads\/2026\/02\/3-1536x1536.png 1536w, https:\/\/creman.com\/wp-content\/uploads\/2026\/02\/3-2048x2048.png 2048w, https:\/\/creman.com\/wp-content\/uploads\/2026\/02\/3-36x36.png 36w, https:\/\/creman.com\/wp-content\/uploads\/2026\/02\/3-180x180.png 180w, https:\/\/creman.com\/wp-content\/uploads\/2026\/02\/3-1500x1500.png 1500w, https:\/\/creman.com\/wp-content\/uploads\/2026\/02\/3-705x705.png 705w\" sizes=\"(max-width: 2100px) 100vw, 2100px\" \/><\/div><\/div><\/div><br \/>\n<section  class='av_textblock_section av-mm389glb-1e897927779dc9a2123e0a468c8ed64d '   itemscope=\"itemscope\" itemtype=\"https:\/\/schema.org\/CreativeWork\" ><div class='avia_textblock'  itemprop=\"text\" ><p style=\"text-align: center;\" data-start=\"1228\" data-end=\"1461\">Le tableau de bord vous permet de voir les \u00e9l\u00e9ments en cours et les \u00e9tapes d\u00e9j\u00e0 effectu\u00e9es ou \u00e0 r\u00e9aliser. Les rappels et mises en demeure sont envoy\u00e9s automatiquement en un seul clic, ce qui r\u00e9duit consid\u00e9rablement le travail manuel.<\/p>\n<\/div><\/section><\/p><\/div><div  class='flex_column av-av_one_third-d9d4235c4dc5477e29570d3b99e2b500 av_one_third  avia-builder-el-15  el_after_av_one_third  avia-builder-el-last  flex_column_div  column-top-margin'     ><section  class='av_textblock_section av-mm388p9i-dc62aae61b3474637ec555f38cc434df '   itemscope=\"itemscope\" itemtype=\"https:\/\/schema.org\/CreativeWork\" ><div class='avia_textblock'  itemprop=\"text\" ><p style=\"text-align: center;\" data-start=\"1463\" data-end=\"1499\"><strong>Int\u00e9gration avec d\u2019autres syst\u00e8mes<\/strong><\/p>\n<\/div><\/section><br \/>\n\n<style type=\"text\/css\" data-created_by=\"avia_inline_auto\" id=\"style-css-av-av_image-641e808e98688e32b57170cce2b18eae\">\n.avia-image-container.av-av_image-641e808e98688e32b57170cce2b18eae img.avia_image{\nbox-shadow:none;\n}\n.avia-image-container.av-av_image-641e808e98688e32b57170cce2b18eae .av-image-caption-overlay-center{\ncolor:#ffffff;\n}\n<\/style>\n<div  class='avia-image-container av-av_image-641e808e98688e32b57170cce2b18eae av-styling- avia-align-center  avia-builder-el-17  el_after_av_textblock  el_before_av_textblock '   itemprop=\"image\" itemscope=\"itemscope\" itemtype=\"https:\/\/schema.org\/ImageObject\" ><div class=\"avia-image-container-inner\"><div class=\"avia-image-overlay-wrap\"><img decoding=\"async\" fetchpriority=\"high\" class='wp-image-12119 avia-img-lazy-loading-not-12119 avia_image ' src=\"https:\/\/creman.com\/wp-content\/uploads\/2026\/02\/CMS-integratie.png\" alt='' title='CMS integratie'  height=\"2100\" width=\"2100\"  itemprop=\"thumbnailUrl\" srcset=\"https:\/\/creman.com\/wp-content\/uploads\/2026\/02\/CMS-integratie.png 2100w, https:\/\/creman.com\/wp-content\/uploads\/2026\/02\/CMS-integratie-300x300.png 300w, https:\/\/creman.com\/wp-content\/uploads\/2026\/02\/CMS-integratie-1030x1030.png 1030w, https:\/\/creman.com\/wp-content\/uploads\/2026\/02\/CMS-integratie-80x80.png 80w, https:\/\/creman.com\/wp-content\/uploads\/2026\/02\/CMS-integratie-768x768.png 768w, https:\/\/creman.com\/wp-content\/uploads\/2026\/02\/CMS-integratie-1536x1536.png 1536w, https:\/\/creman.com\/wp-content\/uploads\/2026\/02\/CMS-integratie-2048x2048.png 2048w, https:\/\/creman.com\/wp-content\/uploads\/2026\/02\/CMS-integratie-36x36.png 36w, https:\/\/creman.com\/wp-content\/uploads\/2026\/02\/CMS-integratie-180x180.png 180w, https:\/\/creman.com\/wp-content\/uploads\/2026\/02\/CMS-integratie-1500x1500.png 1500w, https:\/\/creman.com\/wp-content\/uploads\/2026\/02\/CMS-integratie-705x705.png 705w\" sizes=\"(max-width: 2100px) 100vw, 2100px\" \/><\/div><\/div><\/div><br \/>\n<section  class='av_textblock_section av-mm389qwk-0006f0cba75ebb8b4f42681b6c7c3222 '   itemscope=\"itemscope\" itemtype=\"https:\/\/schema.org\/CreativeWork\" ><div class='avia_textblock'  itemprop=\"text\" ><p style=\"text-align: center;\">La plateforme s\u2019int\u00e8gre avec presque tous les logiciels comptables ou syst\u00e8mes ERP, ce qui permet d\u2019encoder les donn\u00e9es une seule fois et de les synchroniser automatiquement.<\/p>\n<\/div><\/section><\/p><\/div><\/div><\/div><\/div><!-- close content main div --><\/div><\/div><div id='after_section_2'  class='main_color av_default_container_wrap container_wrap fullsize'  ><div class='container av-section-cont-open' ><div class='template-page content  av-content-full alpha units'><div class='post-entry post-entry-type-page post-entry-4870'><div class='entry-content-wrapper clearfix'><div  class='flex_column av-av_two_third-4236371e50272b4ec399280bbf76d6bf av_two_third  avia-builder-el-19  el_after_av_section  el_before_av_one_third  avia-builder-el-first  first flex_column_div  '     ><section  class='av_textblock_section av-mm38aqz6-9b7b7d852e800150d19009c0ca3c74fa '   itemscope=\"itemscope\" itemtype=\"https:\/\/schema.org\/CreativeWork\" ><div class='avia_textblock'  itemprop=\"text\" ><h2 data-start=\"1677\" data-end=\"1741\">Points cl\u00e9s \u00e0 consid\u00e9rer pour un logiciel de Credit Management<\/h2>\n<p data-start=\"1743\" data-end=\"1932\">Le bon logiciel de Credit Management (CMS) aide votre organisation et votre gestion des d\u00e9biteurs \u00e0 devenir plus efficaces, performantes et coh\u00e9rentes, tout en am\u00e9liorant le service client.<\/p>\n<p data-start=\"1934\" data-end=\"1956\">Principaux avantages :<\/p>\n<p data-start=\"1958\" data-end=\"2088\"><strong>Op\u00e9rationnel<\/strong> : Automatisation des t\u00e2ches quotidiennes telles que la communication digitale, les plans de paiement et les rapports.<\/p>\n<p data-start=\"2090\" data-end=\"2229\"><strong>Financier<\/strong> : Optimise le processus order-to-cash, am\u00e9liore la tr\u00e9sorerie, r\u00e9duit le DSO et diminue les co\u00fbts li\u00e9s \u00e0 la gestion des cr\u00e9ances.<\/p>\n<p data-start=\"2231\" data-end=\"2372\"><strong>Organisationnel<\/strong> : Fournit des proc\u00e9dures et des directives claires, favorisant la professionnalisation et la satisfaction des collaborateurs.<\/p>\n<p data-start=\"2374\" data-end=\"2529\"><strong>Commercial<\/strong> : Am\u00e9liore la gestion des informations et des clients, vous laissant plus de temps pour d\u00e9velopper des relations clients \u00e0 forte valeur ajout\u00e9e.<\/p>\n<\/div><\/section><\/div><div  class='flex_column av-av_one_third-d9d4235c4dc5477e29570d3b99e2b500 av_one_third  avia-builder-el-21  el_after_av_two_third  avia-builder-el-last  flex_column_div  '     ><section  class='av_textblock_section av-mm38b2pf-bb0f25fc9f5eba7277840dcba9885bd6 '   itemscope=\"itemscope\" itemtype=\"https:\/\/schema.org\/CreativeWork\" ><div class='avia_textblock'  itemprop=\"text\" ><h2 style=\"text-align: center;\">D\u00e9couvrez par vous-m\u00eame comment DebCollect optimise votre gestion des cr\u00e9ances clients !<\/h2>\n<\/div><\/section><br \/>\n<div  class='avia-button-wrap av-mm38bbw2-f0194787e07eb37e0d4bece0a28cb02f-wrap avia-button-center  avia-builder-el-23  el_after_av_textblock  avia-builder-el-last '><a href='https:\/\/creman.com\/contact\/'  class='avia-button av-mm38bbw2-f0194787e07eb37e0d4bece0a28cb02f av-link-btn avia-icon_select-no avia-size-medium avia-position-center avia-color-theme-color'  target=\"_blank\"  rel=\"noopener noreferrer\"  aria-label=\"Demandez une d\u00e9mo d\u00e8s aujourd\u2019hui.\"><span class='avia_iconbox_title' >Demandez une d\u00e9mo d\u00e8s aujourd\u2019hui.<\/span><\/a><\/div><\/p><\/div><\/p>\n","protected":false},"excerpt":{"rendered":"","protected":false},"author":5,"featured_media":0,"parent":0,"menu_order":0,"comment_status":"closed","ping_status":"closed","template":"","meta":{"_improvement_type_select":"improve_an_existing","_thumb_yes_seoaic":false,"_frame_yes_seoaic":false,"seoaic_generate_description":"","seoaic_improve_instructions_prompt":"","seoaic_rollback_content_improvement":"","seoaic_idea_thumbnail_generator":"","thumbnail_generated":false,"thumbnail_generate_prompt":"","seoaic_article_description":"","footnotes":""},"class_list":["post-4870","page","type-page","status-publish","hentry"],"yoast_head":"<!-- This site is optimized with the Yoast SEO plugin v27.5 - https:\/\/yoast.com\/product\/yoast-seo-wordpress\/ -->\n<title>Logiciel pour la gestion de cr\u00e9ances - CREMAN | CREDIT MANAGEMENT &amp; INCASSO<\/title>\n<meta name=\"robots\" content=\"index, follow, max-snippet:-1, max-image-preview:large, max-video-preview:-1\" \/>\n<link rel=\"canonical\" href=\"https:\/\/creman.com\/fr\/logiciel-pour-la-gestion-de-creances-2\/\" \/>\n<meta property=\"og:locale\" content=\"fr_FR\" \/>\n<meta property=\"og:type\" content=\"article\" \/>\n<meta property=\"og:title\" content=\"Logiciel pour la gestion de cr\u00e9ances - CREMAN | CREDIT MANAGEMENT &amp; INCASSO\" \/>\n<meta property=\"og:url\" content=\"https:\/\/creman.com\/fr\/logiciel-pour-la-gestion-de-creances-2\/\" \/>\n<meta property=\"og:site_name\" content=\"CREMAN | CREDIT MANAGEMENT &amp; INCASSO\" \/>\n<meta property=\"article:modified_time\" content=\"2026-02-26T09:04:55+00:00\" \/>\n<meta name=\"twitter:card\" content=\"summary_large_image\" \/>\n<meta name=\"twitter:label1\" content=\"Dur\u00e9e de lecture estim\u00e9e\" \/>\n\t<meta name=\"twitter:data1\" content=\"3 minutes\" \/>\n<script type=\"application\/ld+json\" class=\"yoast-schema-graph\">{\"@context\":\"https:\\\/\\\/schema.org\",\"@graph\":[{\"@type\":\"WebPage\",\"@id\":\"https:\\\/\\\/creman.com\\\/fr\\\/logiciel-pour-la-gestion-de-creances-2\\\/\",\"url\":\"https:\\\/\\\/creman.com\\\/fr\\\/logiciel-pour-la-gestion-de-creances-2\\\/\",\"name\":\"Logiciel pour la gestion de cr\u00e9ances - CREMAN | CREDIT MANAGEMENT &amp; INCASSO\",\"isPartOf\":{\"@id\":\"https:\\\/\\\/creman.com\\\/fr\\\/#website\"},\"datePublished\":\"2021-01-11T12:30:08+00:00\",\"dateModified\":\"2026-02-26T09:04:55+00:00\",\"breadcrumb\":{\"@id\":\"https:\\\/\\\/creman.com\\\/fr\\\/logiciel-pour-la-gestion-de-creances-2\\\/#breadcrumb\"},\"inLanguage\":\"fr-FR\",\"potentialAction\":[{\"@type\":\"ReadAction\",\"target\":[\"https:\\\/\\\/creman.com\\\/fr\\\/logiciel-pour-la-gestion-de-creances-2\\\/\"]}]},{\"@type\":\"BreadcrumbList\",\"@id\":\"https:\\\/\\\/creman.com\\\/fr\\\/logiciel-pour-la-gestion-de-creances-2\\\/#breadcrumb\",\"itemListElement\":[{\"@type\":\"ListItem\",\"position\":1,\"name\":\"Home\",\"item\":\"https:\\\/\\\/creman.com\\\/fr\\\/\"},{\"@type\":\"ListItem\",\"position\":2,\"name\":\"Logiciel pour la gestion de cr\u00e9ances\"}]},{\"@type\":\"WebSite\",\"@id\":\"https:\\\/\\\/creman.com\\\/fr\\\/#website\",\"url\":\"https:\\\/\\\/creman.com\\\/fr\\\/\",\"name\":\"CREMAN | CREDIT MANAGEMENT &amp; INCASSO\",\"description\":\"Incasso, jurridische diensten, debiteurenbeheer\",\"publisher\":{\"@id\":\"https:\\\/\\\/creman.com\\\/fr\\\/#organization\"},\"potentialAction\":[{\"@type\":\"SearchAction\",\"target\":{\"@type\":\"EntryPoint\",\"urlTemplate\":\"https:\\\/\\\/creman.com\\\/fr\\\/?s={search_term_string}\"},\"query-input\":{\"@type\":\"PropertyValueSpecification\",\"valueRequired\":true,\"valueName\":\"search_term_string\"}}],\"inLanguage\":\"fr-FR\"},{\"@type\":\"Organization\",\"@id\":\"https:\\\/\\\/creman.com\\\/fr\\\/#organization\",\"name\":\"CreMan B.V.\",\"url\":\"https:\\\/\\\/creman.com\\\/fr\\\/\",\"logo\":{\"@type\":\"ImageObject\",\"inLanguage\":\"fr-FR\",\"@id\":\"https:\\\/\\\/creman.com\\\/fr\\\/#\\\/schema\\\/logo\\\/image\\\/\",\"url\":\"https:\\\/\\\/creman.com\\\/wp-content\\\/uploads\\\/2020\\\/11\\\/CreMan-Logo.png\",\"contentUrl\":\"https:\\\/\\\/creman.com\\\/wp-content\\\/uploads\\\/2020\\\/11\\\/CreMan-Logo.png\",\"width\":300,\"height\":43,\"caption\":\"CreMan B.V.\"},\"image\":{\"@id\":\"https:\\\/\\\/creman.com\\\/fr\\\/#\\\/schema\\\/logo\\\/image\\\/\"},\"sameAs\":[\"https:\\\/\\\/www.linkedin.com\\\/company\\\/creman-debt-collection-agency\\\/\"]}]}<\/script>\n<!-- \/ Yoast SEO plugin. -->","yoast_head_json":{"title":"Logiciel pour la gestion de cr\u00e9ances - CREMAN | CREDIT MANAGEMENT &amp; INCASSO","robots":{"index":"index","follow":"follow","max-snippet":"max-snippet:-1","max-image-preview":"max-image-preview:large","max-video-preview":"max-video-preview:-1"},"canonical":"https:\/\/creman.com\/fr\/logiciel-pour-la-gestion-de-creances-2\/","og_locale":"fr_FR","og_type":"article","og_title":"Logiciel pour la gestion de cr\u00e9ances - CREMAN | CREDIT MANAGEMENT &amp; INCASSO","og_url":"https:\/\/creman.com\/fr\/logiciel-pour-la-gestion-de-creances-2\/","og_site_name":"CREMAN | CREDIT MANAGEMENT &amp; INCASSO","article_modified_time":"2026-02-26T09:04:55+00:00","twitter_card":"summary_large_image","twitter_misc":{"Dur\u00e9e de lecture estim\u00e9e":"3 minutes"},"schema":{"@context":"https:\/\/schema.org","@graph":[{"@type":"WebPage","@id":"https:\/\/creman.com\/fr\/logiciel-pour-la-gestion-de-creances-2\/","url":"https:\/\/creman.com\/fr\/logiciel-pour-la-gestion-de-creances-2\/","name":"Logiciel pour la gestion de cr\u00e9ances - CREMAN | CREDIT MANAGEMENT &amp; INCASSO","isPartOf":{"@id":"https:\/\/creman.com\/fr\/#website"},"datePublished":"2021-01-11T12:30:08+00:00","dateModified":"2026-02-26T09:04:55+00:00","breadcrumb":{"@id":"https:\/\/creman.com\/fr\/logiciel-pour-la-gestion-de-creances-2\/#breadcrumb"},"inLanguage":"fr-FR","potentialAction":[{"@type":"ReadAction","target":["https:\/\/creman.com\/fr\/logiciel-pour-la-gestion-de-creances-2\/"]}]},{"@type":"BreadcrumbList","@id":"https:\/\/creman.com\/fr\/logiciel-pour-la-gestion-de-creances-2\/#breadcrumb","itemListElement":[{"@type":"ListItem","position":1,"name":"Home","item":"https:\/\/creman.com\/fr\/"},{"@type":"ListItem","position":2,"name":"Logiciel pour la gestion de cr\u00e9ances"}]},{"@type":"WebSite","@id":"https:\/\/creman.com\/fr\/#website","url":"https:\/\/creman.com\/fr\/","name":"CREMAN | CREDIT MANAGEMENT &amp; INCASSO","description":"Incasso, jurridische diensten, debiteurenbeheer","publisher":{"@id":"https:\/\/creman.com\/fr\/#organization"},"potentialAction":[{"@type":"SearchAction","target":{"@type":"EntryPoint","urlTemplate":"https:\/\/creman.com\/fr\/?s={search_term_string}"},"query-input":{"@type":"PropertyValueSpecification","valueRequired":true,"valueName":"search_term_string"}}],"inLanguage":"fr-FR"},{"@type":"Organization","@id":"https:\/\/creman.com\/fr\/#organization","name":"CreMan B.V.","url":"https:\/\/creman.com\/fr\/","logo":{"@type":"ImageObject","inLanguage":"fr-FR","@id":"https:\/\/creman.com\/fr\/#\/schema\/logo\/image\/","url":"https:\/\/creman.com\/wp-content\/uploads\/2020\/11\/CreMan-Logo.png","contentUrl":"https:\/\/creman.com\/wp-content\/uploads\/2020\/11\/CreMan-Logo.png","width":300,"height":43,"caption":"CreMan B.V."},"image":{"@id":"https:\/\/creman.com\/fr\/#\/schema\/logo\/image\/"},"sameAs":["https:\/\/www.linkedin.com\/company\/creman-debt-collection-agency\/"]}]}},"_links":{"self":[{"href":"https:\/\/creman.com\/fr\/wp-json\/wp\/v2\/pages\/4870","targetHints":{"allow":["GET"]}}],"collection":[{"href":"https:\/\/creman.com\/fr\/wp-json\/wp\/v2\/pages"}],"about":[{"href":"https:\/\/creman.com\/fr\/wp-json\/wp\/v2\/types\/page"}],"author":[{"embeddable":true,"href":"https:\/\/creman.com\/fr\/wp-json\/wp\/v2\/users\/5"}],"replies":[{"embeddable":true,"href":"https:\/\/creman.com\/fr\/wp-json\/wp\/v2\/comments?post=4870"}],"version-history":[{"count":13,"href":"https:\/\/creman.com\/fr\/wp-json\/wp\/v2\/pages\/4870\/revisions"}],"predecessor-version":[{"id":12146,"href":"https:\/\/creman.com\/fr\/wp-json\/wp\/v2\/pages\/4870\/revisions\/12146"}],"wp:attachment":[{"href":"https:\/\/creman.com\/fr\/wp-json\/wp\/v2\/media?parent=4870"}],"curies":[{"name":"wp","href":"https:\/\/api.w.org\/{rel}","templated":true}]}}