{"id":4873,"date":"2021-01-11T13:32:32","date_gmt":"2021-01-11T12:32:32","guid":{"rendered":"https:\/\/creman.com\/evaluation-de-la-solvabilite\/"},"modified":"2021-01-13T11:12:28","modified_gmt":"2021-01-13T10:12:28","slug":"evaluation-de-la-solvabilite","status":"publish","type":"page","link":"https:\/\/creman.com\/fr\/evaluation-de-la-solvabilite\/","title":{"rendered":"\u00c9valuation de la solvabilit\u00e9"},"content":{"rendered":"\n<style type=\"text\/css\" data-created_by=\"avia_inline_auto\" id=\"style-css-av-k8g4eg40-fcd2b480299582a949bf49f688938cce\">\n.avia-section.av-k8g4eg40-fcd2b480299582a949bf49f688938cce .av-section-color-overlay{\nopacity:0.5;\nbackground-color:#000000;\n}\n<\/style>\n<div id='av_section_1'  class='avia-section av-k8g4eg40-fcd2b480299582a949bf49f688938cce main_color avia-section-default avia-no-border-styling  avia-builder-el-0  el_before_av_section  avia-builder-el-first  avia-bg-style-parallax av-section-color-overlay-active av-minimum-height av-minimum-height-custom av-height-custom  container_wrap fullsize'   data-av_minimum_height_px='350'><div class=\"av-section-color-overlay-wrap\"><div class=\"av-section-color-overlay\"><\/div><div class='container av-section-cont-open' style='height:350px'><main  role=\"main\" itemprop=\"mainContentOfPage\"  class='template-page content  av-content-full alpha units'><div class='post-entry post-entry-type-page post-entry-4873'><div class='entry-content-wrapper clearfix'>\n\n<style type=\"text\/css\" data-created_by=\"avia_inline_auto\" id=\"style-css-av-gjgos-c22fc7c503a99630f5fdfb36e1a90600\">\n.flex_column.av-gjgos-c22fc7c503a99630f5fdfb36e1a90600{\nborder-radius:0px 0px 0px 0px;\npadding:0px 0px 0px 0px;\n}\n<\/style>\n<div  class='flex_column av-gjgos-c22fc7c503a99630f5fdfb36e1a90600 av_one_full  avia-builder-el-1  avia-builder-el-no-sibling  first flex_column_div av-zero-column-padding  '     ><style type=\"text\/css\" data-created_by=\"avia_inline_auto\" id=\"style-css-av-k8g4eo2d-9bbeb14c3bb6eb0b66dd2532d08be103\">\n#top .av_textblock_section.av-k8g4eo2d-9bbeb14c3bb6eb0b66dd2532d08be103 .avia_textblock{\ncolor:#ffffff;\n}\n<\/style>\n<section  class='av_textblock_section av-k8g4eo2d-9bbeb14c3bb6eb0b66dd2532d08be103 '   itemscope=\"itemscope\" itemtype=\"https:\/\/schema.org\/CreativeWork\" ><div class='avia_textblock av_inherit_color'  itemprop=\"text\" ><h1 class=\"uppercase\" style=\"text-align: center;\"><strong>\u00c9VALUATION DE LA SOLVABILIT\u00c9<\/strong><\/h1>\n<\/div><\/section><\/div>\n\n<\/div><\/div><\/main><!-- close content main element --><\/div><\/div><\/div><div id='av_section_2'  class='avia-section av-t00u9-8a7585d2f75b7e69714f619f9ce08a48 main_color avia-section-default avia-no-border-styling  avia-builder-el-3  el_after_av_section  avia-builder-el-last  avia-bg-style-scroll container_wrap fullsize'  ><div class='container av-section-cont-open' ><div class='template-page content  av-content-full alpha units'><div class='post-entry post-entry-type-page post-entry-4873'><div class='entry-content-wrapper clearfix'>\n\n<style type=\"text\/css\" data-created_by=\"avia_inline_auto\" id=\"style-css-av-231cp-6dec8cd2e58b678480b151aec3d2bb92\">\n.flex_column.av-231cp-6dec8cd2e58b678480b151aec3d2bb92{\nborder-radius:0px 0px 0px 0px;\npadding:0px 0px 0px 0px;\n}\n<\/style>\n<div  class='flex_column av-231cp-6dec8cd2e58b678480b151aec3d2bb92 av_one_fifth  avia-builder-el-4  el_before_av_three_fifth  avia-builder-el-first  first flex_column_div av-zero-column-padding  '     ><\/div>\n<style type=\"text\/css\" data-created_by=\"avia_inline_auto\" id=\"style-css-av-ga3i1-b5afe751ba36fdbbef415d59efb31b70\">\n.flex_column.av-ga3i1-b5afe751ba36fdbbef415d59efb31b70{\nborder-radius:0px 0px 0px 0px;\npadding:0px 0px 0px 0px;\n}\n<\/style>\n<div  class='flex_column av-ga3i1-b5afe751ba36fdbbef415d59efb31b70 av_three_fifth  avia-builder-el-5  el_after_av_one_fifth  el_before_av_one_fifth  flex_column_div av-zero-column-padding  '     ><section  class='av_textblock_section av-b92ix-73c1c5291d23e40e44411cd10ba57615 '   itemscope=\"itemscope\" itemtype=\"https:\/\/schema.org\/CreativeWork\" ><div class='avia_textblock'  itemprop=\"text\" ><p>Gr\u00e2ce \u00e0 notre site web, vous pouvez demander un rapport de solvabilit\u00e9 sur vos clients existants ou potentiels. Plusieurs formats sont disponibles, allant d&rsquo;un simple \u00ab rapport de cote de solvabilit\u00e9 avec limite\u00bb \u00e0 un rapport de solvabilit\u00e9 complet.<\/p>\n<p>Vous pouvez demander les 3 types de rapport suivants :<\/p>\n<p><strong>Rapport de solvabilit\u00e9 en ligne<\/strong><\/p>\n<p>Avec un rapport de solvabilit\u00e9 en ligne, vous acc\u00e9dez directement \u00e0 notre base de donn\u00e9es d&rsquo;entreprises n\u00e9erlandaises.\u00a0<a href=\"https:\/\/creman.com\/wp-content\/uploads\/2019\/04\/groeninternational-online-kredietrapport.pdf\">Voir un exemple du rapport<\/a><\/p>\n<p><strong>Rapport de solvabilit\u00e9 en ligne Plus<\/strong><\/p>\n<p>Avec le rapport de solvabilit\u00e9 en ligne Plus, vous acc\u00e9dez directement \u00e0 notre base de donn\u00e9es d&rsquo;entreprises n\u00e9erlandaises, et nous vous proposons \u00e9galement un service de mise \u00e0 jour sur le registre du commerce. Ainsi, vous \u00eates au courant des derni\u00e8res modifications. Par exemple, le nom de la personne qui d\u00e9tient actuellement la procuration au sein de l&rsquo;entreprise. <a href=\"https:\/\/creman.com\/wp-content\/uploads\/2019\/04\/groeninternational-online-kredietrapport-plus.pdf\">Voir un exemple du rapport<\/a><\/p>\n<p><strong>Rapport de solvabilit\u00e9 d\u00e9taill\u00e9 &#8211; Pays-Bas<\/strong><\/p>\n<p>Avec un rapport de solvabilit\u00e9 d\u00e9taill\u00e9, vous limitez vos risques financiers au minimum gr\u00e2ce \u00e0 des informations \u00e0 jour sur vos relations. Les rapports de solvabilit\u00e9 d\u00e9taill\u00e9s ne proviennent pas directement de notre base de donn\u00e9es. Nos analystes m\u00e8nent des recherches personnellement, analysent les donn\u00e9es disponibles et fournissent des conseils. Ces conseils sont bas\u00e9s sur les comptes annuels, les exp\u00e9riences de paiement et les informations fonci\u00e8res les plus r\u00e9centes. <a href=\"https:\/\/creman.com\/wp-content\/uploads\/2019\/04\/groeninternational-Uitgebreid-kredietrapport.pdf\">Voir un exemple du rapport<\/a><\/p>\n<p><strong>Rapport de solvabilit\u00e9 international &#8211; en ligne et hors ligne.<\/strong><\/p>\n<p>Plus de 85 millions d&rsquo;entreprises sont enregistr\u00e9es et en ligne dans notre base de donn\u00e9es internationale. Les rapports sont en anglais avec des conseils de cr\u00e9dit judicieux. Quand votre entreprise n&rsquo;est pas disponible en ligne, nos analystes vous font parvenir le rapport par e-mail dans les plus brefs d\u00e9lais. Nous travaillons avec les partenaires les plus fiables de chaque pays, afin de vous garantir la meilleure qualit\u00e9.<\/p>\n<p>Pour plus d&rsquo;informations sur les tarifs et les options, veuillez contacter l&rsquo;un de nos charg\u00e9s de client\u00e8le au <strong>+31 35 539 55 66<\/strong> ou par e-mail.<\/p>\n<\/div><\/section><\/div>\n<style type=\"text\/css\" data-created_by=\"avia_inline_auto\" id=\"style-css-av-6u4ax-fea0684025378cd08936701b1749d659\">\n.flex_column.av-6u4ax-fea0684025378cd08936701b1749d659{\nborder-radius:0px 0px 0px 0px;\npadding:0px 0px 0px 0px;\n}\n<\/style>\n<div  class='flex_column av-6u4ax-fea0684025378cd08936701b1749d659 av_one_fifth  avia-builder-el-7  el_after_av_three_fifth  avia-builder-el-last  flex_column_div av-zero-column-padding  '     ><\/div>\n","protected":false},"excerpt":{"rendered":"","protected":false},"author":5,"featured_media":0,"parent":0,"menu_order":0,"comment_status":"closed","ping_status":"closed","template":"","meta":{"_improvement_type_select":"improve_an_existing","_thumb_yes_seoaic":false,"_frame_yes_seoaic":false,"seoaic_generate_description":"","seoaic_improve_instructions_prompt":"","seoaic_rollback_content_improvement":"","seoaic_idea_thumbnail_generator":"","thumbnail_generated":false,"thumbnail_generate_prompt":"","seoaic_article_description":"","footnotes":""},"class_list":["post-4873","page","type-page","status-publish","hentry"],"yoast_head":"<!-- This site is optimized with the Yoast SEO plugin v27.5 - https:\/\/yoast.com\/product\/yoast-seo-wordpress\/ -->\n<title>\u00c9valuation de la solvabilit\u00e9 - CREMAN | CREDIT MANAGEMENT &amp; INCASSO<\/title>\n<meta name=\"robots\" content=\"index, follow, max-snippet:-1, max-image-preview:large, max-video-preview:-1\" \/>\n<link rel=\"canonical\" href=\"https:\/\/creman.com\/fr\/evaluation-de-la-solvabilite\/\" \/>\n<meta property=\"og:locale\" content=\"fr_FR\" \/>\n<meta property=\"og:type\" content=\"article\" \/>\n<meta property=\"og:title\" content=\"\u00c9valuation de la solvabilit\u00e9 - CREMAN | CREDIT MANAGEMENT &amp; INCASSO\" \/>\n<meta property=\"og:url\" content=\"https:\/\/creman.com\/fr\/evaluation-de-la-solvabilite\/\" \/>\n<meta property=\"og:site_name\" content=\"CREMAN | CREDIT MANAGEMENT &amp; INCASSO\" \/>\n<meta property=\"article:modified_time\" content=\"2021-01-13T10:12:28+00:00\" \/>\n<meta name=\"twitter:card\" content=\"summary_large_image\" \/>\n<meta name=\"twitter:label1\" content=\"Dur\u00e9e de lecture estim\u00e9e\" \/>\n\t<meta name=\"twitter:data1\" content=\"6 minutes\" \/>\n<script type=\"application\/ld+json\" class=\"yoast-schema-graph\">{\"@context\":\"https:\\\/\\\/schema.org\",\"@graph\":[{\"@type\":\"WebPage\",\"@id\":\"https:\\\/\\\/creman.com\\\/fr\\\/evaluation-de-la-solvabilite\\\/\",\"url\":\"https:\\\/\\\/creman.com\\\/fr\\\/evaluation-de-la-solvabilite\\\/\",\"name\":\"\u00c9valuation de la solvabilit\u00e9 - CREMAN | CREDIT MANAGEMENT &amp; INCASSO\",\"isPartOf\":{\"@id\":\"https:\\\/\\\/creman.com\\\/fr\\\/#website\"},\"datePublished\":\"2021-01-11T12:32:32+00:00\",\"dateModified\":\"2021-01-13T10:12:28+00:00\",\"breadcrumb\":{\"@id\":\"https:\\\/\\\/creman.com\\\/fr\\\/evaluation-de-la-solvabilite\\\/#breadcrumb\"},\"inLanguage\":\"fr-FR\",\"potentialAction\":[{\"@type\":\"ReadAction\",\"target\":[\"https:\\\/\\\/creman.com\\\/fr\\\/evaluation-de-la-solvabilite\\\/\"]}]},{\"@type\":\"BreadcrumbList\",\"@id\":\"https:\\\/\\\/creman.com\\\/fr\\\/evaluation-de-la-solvabilite\\\/#breadcrumb\",\"itemListElement\":[{\"@type\":\"ListItem\",\"position\":1,\"name\":\"Home\",\"item\":\"https:\\\/\\\/creman.com\\\/fr\\\/\"},{\"@type\":\"ListItem\",\"position\":2,\"name\":\"\u00c9valuation de la solvabilit\u00e9\"}]},{\"@type\":\"WebSite\",\"@id\":\"https:\\\/\\\/creman.com\\\/fr\\\/#website\",\"url\":\"https:\\\/\\\/creman.com\\\/fr\\\/\",\"name\":\"CREMAN | CREDIT MANAGEMENT &amp; INCASSO\",\"description\":\"Incasso, jurridische diensten, debiteurenbeheer\",\"publisher\":{\"@id\":\"https:\\\/\\\/creman.com\\\/fr\\\/#organization\"},\"potentialAction\":[{\"@type\":\"SearchAction\",\"target\":{\"@type\":\"EntryPoint\",\"urlTemplate\":\"https:\\\/\\\/creman.com\\\/fr\\\/?s={search_term_string}\"},\"query-input\":{\"@type\":\"PropertyValueSpecification\",\"valueRequired\":true,\"valueName\":\"search_term_string\"}}],\"inLanguage\":\"fr-FR\"},{\"@type\":\"Organization\",\"@id\":\"https:\\\/\\\/creman.com\\\/fr\\\/#organization\",\"name\":\"CreMan B.V.\",\"url\":\"https:\\\/\\\/creman.com\\\/fr\\\/\",\"logo\":{\"@type\":\"ImageObject\",\"inLanguage\":\"fr-FR\",\"@id\":\"https:\\\/\\\/creman.com\\\/fr\\\/#\\\/schema\\\/logo\\\/image\\\/\",\"url\":\"https:\\\/\\\/creman.com\\\/wp-content\\\/uploads\\\/2020\\\/11\\\/CreMan-Logo.png\",\"contentUrl\":\"https:\\\/\\\/creman.com\\\/wp-content\\\/uploads\\\/2020\\\/11\\\/CreMan-Logo.png\",\"width\":300,\"height\":43,\"caption\":\"CreMan B.V.\"},\"image\":{\"@id\":\"https:\\\/\\\/creman.com\\\/fr\\\/#\\\/schema\\\/logo\\\/image\\\/\"},\"sameAs\":[\"https:\\\/\\\/www.linkedin.com\\\/company\\\/creman-debt-collection-agency\\\/\"]}]}<\/script>\n<!-- \/ Yoast SEO plugin. -->","yoast_head_json":{"title":"\u00c9valuation de la solvabilit\u00e9 - CREMAN | CREDIT MANAGEMENT &amp; INCASSO","robots":{"index":"index","follow":"follow","max-snippet":"max-snippet:-1","max-image-preview":"max-image-preview:large","max-video-preview":"max-video-preview:-1"},"canonical":"https:\/\/creman.com\/fr\/evaluation-de-la-solvabilite\/","og_locale":"fr_FR","og_type":"article","og_title":"\u00c9valuation de la solvabilit\u00e9 - CREMAN | CREDIT MANAGEMENT &amp; INCASSO","og_url":"https:\/\/creman.com\/fr\/evaluation-de-la-solvabilite\/","og_site_name":"CREMAN | CREDIT MANAGEMENT &amp; INCASSO","article_modified_time":"2021-01-13T10:12:28+00:00","twitter_card":"summary_large_image","twitter_misc":{"Dur\u00e9e de lecture estim\u00e9e":"6 minutes"},"schema":{"@context":"https:\/\/schema.org","@graph":[{"@type":"WebPage","@id":"https:\/\/creman.com\/fr\/evaluation-de-la-solvabilite\/","url":"https:\/\/creman.com\/fr\/evaluation-de-la-solvabilite\/","name":"\u00c9valuation de la solvabilit\u00e9 - CREMAN | CREDIT MANAGEMENT &amp; INCASSO","isPartOf":{"@id":"https:\/\/creman.com\/fr\/#website"},"datePublished":"2021-01-11T12:32:32+00:00","dateModified":"2021-01-13T10:12:28+00:00","breadcrumb":{"@id":"https:\/\/creman.com\/fr\/evaluation-de-la-solvabilite\/#breadcrumb"},"inLanguage":"fr-FR","potentialAction":[{"@type":"ReadAction","target":["https:\/\/creman.com\/fr\/evaluation-de-la-solvabilite\/"]}]},{"@type":"BreadcrumbList","@id":"https:\/\/creman.com\/fr\/evaluation-de-la-solvabilite\/#breadcrumb","itemListElement":[{"@type":"ListItem","position":1,"name":"Home","item":"https:\/\/creman.com\/fr\/"},{"@type":"ListItem","position":2,"name":"\u00c9valuation de la solvabilit\u00e9"}]},{"@type":"WebSite","@id":"https:\/\/creman.com\/fr\/#website","url":"https:\/\/creman.com\/fr\/","name":"CREMAN | CREDIT MANAGEMENT &amp; INCASSO","description":"Incasso, jurridische diensten, debiteurenbeheer","publisher":{"@id":"https:\/\/creman.com\/fr\/#organization"},"potentialAction":[{"@type":"SearchAction","target":{"@type":"EntryPoint","urlTemplate":"https:\/\/creman.com\/fr\/?s={search_term_string}"},"query-input":{"@type":"PropertyValueSpecification","valueRequired":true,"valueName":"search_term_string"}}],"inLanguage":"fr-FR"},{"@type":"Organization","@id":"https:\/\/creman.com\/fr\/#organization","name":"CreMan B.V.","url":"https:\/\/creman.com\/fr\/","logo":{"@type":"ImageObject","inLanguage":"fr-FR","@id":"https:\/\/creman.com\/fr\/#\/schema\/logo\/image\/","url":"https:\/\/creman.com\/wp-content\/uploads\/2020\/11\/CreMan-Logo.png","contentUrl":"https:\/\/creman.com\/wp-content\/uploads\/2020\/11\/CreMan-Logo.png","width":300,"height":43,"caption":"CreMan B.V."},"image":{"@id":"https:\/\/creman.com\/fr\/#\/schema\/logo\/image\/"},"sameAs":["https:\/\/www.linkedin.com\/company\/creman-debt-collection-agency\/"]}]}},"_links":{"self":[{"href":"https:\/\/creman.com\/fr\/wp-json\/wp\/v2\/pages\/4873","targetHints":{"allow":["GET"]}}],"collection":[{"href":"https:\/\/creman.com\/fr\/wp-json\/wp\/v2\/pages"}],"about":[{"href":"https:\/\/creman.com\/fr\/wp-json\/wp\/v2\/types\/page"}],"author":[{"embeddable":true,"href":"https:\/\/creman.com\/fr\/wp-json\/wp\/v2\/users\/5"}],"replies":[{"embeddable":true,"href":"https:\/\/creman.com\/fr\/wp-json\/wp\/v2\/comments?post=4873"}],"version-history":[{"count":6,"href":"https:\/\/creman.com\/fr\/wp-json\/wp\/v2\/pages\/4873\/revisions"}],"predecessor-version":[{"id":5229,"href":"https:\/\/creman.com\/fr\/wp-json\/wp\/v2\/pages\/4873\/revisions\/5229"}],"wp:attachment":[{"href":"https:\/\/creman.com\/fr\/wp-json\/wp\/v2\/media?parent=4873"}],"curies":[{"name":"wp","href":"https:\/\/api.w.org\/{rel}","templated":true}]}}