{"id":5083,"date":"2021-01-14T11:59:19","date_gmt":"2021-01-14T10:59:19","guid":{"rendered":"https:\/\/creman.com\/noi-siamo-creman\/"},"modified":"2021-01-18T12:29:05","modified_gmt":"2021-01-18T11:29:05","slug":"noi-siamo-creman","status":"publish","type":"page","link":"https:\/\/creman.com\/it\/noi-siamo-creman","title":{"rendered":"Noi siamo creman"},"content":{"rendered":"\n<style type=\"text\/css\" data-created_by=\"avia_inline_auto\" id=\"style-css-av-k8g4eg40-0ef12c8001968723fc24f31936f3c8b8\">\n.avia-section.av-k8g4eg40-0ef12c8001968723fc24f31936f3c8b8{\nbackground-repeat:no-repeat;\nbackground-image:url(https:\/\/creman.com\/wp-content\/uploads\/2021\/01\/blond-cellphone-coffee-1076814-1230x630.png);\nbackground-position:50% 50%;\nbackground-attachment:scroll;\n}\n.avia-section.av-k8g4eg40-0ef12c8001968723fc24f31936f3c8b8 .av-section-color-overlay{\nopacity:0.5;\nbackground-color:#000000;\n}\n<\/style>\n<div id='av_section_1'  class='avia-section av-k8g4eg40-0ef12c8001968723fc24f31936f3c8b8 main_color avia-section-default avia-no-border-styling  avia-builder-el-0  el_before_av_section  avia-builder-el-first  avia-full-stretch avia-bg-style-scroll av-section-color-overlay-active av-minimum-height av-minimum-height-custom av-height-custom  container_wrap fullsize'  data-section-bg-repeat='stretch' data-av_minimum_height_px='350'><div class=\"av-section-color-overlay-wrap\"><div class=\"av-section-color-overlay\"><\/div><div class='container av-section-cont-open' style='height:350px'><main  role=\"main\" itemprop=\"mainContentOfPage\"  class='template-page content  av-content-full alpha units'><div class='post-entry post-entry-type-page post-entry-5083'><div class='entry-content-wrapper clearfix'>\n\n<style type=\"text\/css\" data-created_by=\"avia_inline_auto\" id=\"style-css-av-gjgos-c22fc7c503a99630f5fdfb36e1a90600\">\n.flex_column.av-gjgos-c22fc7c503a99630f5fdfb36e1a90600{\nborder-radius:0px 0px 0px 0px;\npadding:0px 0px 0px 0px;\n}\n<\/style>\n<div  class='flex_column av-gjgos-c22fc7c503a99630f5fdfb36e1a90600 av_one_full  avia-builder-el-1  avia-builder-el-no-sibling  first flex_column_div av-zero-column-padding  '     ><style type=\"text\/css\" data-created_by=\"avia_inline_auto\" id=\"style-css-av-k8g4eo2d-9bbeb14c3bb6eb0b66dd2532d08be103\">\n#top .av_textblock_section.av-k8g4eo2d-9bbeb14c3bb6eb0b66dd2532d08be103 .avia_textblock{\ncolor:#ffffff;\n}\n<\/style>\n<section  class='av_textblock_section av-k8g4eo2d-9bbeb14c3bb6eb0b66dd2532d08be103 '   itemscope=\"itemscope\" itemtype=\"https:\/\/schema.org\/CreativeWork\" ><div class='avia_textblock av_inherit_color'  itemprop=\"text\" ><h1 class=\"uppercase\" style=\"text-align: center;\"><strong>NOI SIAMO CREMAN<\/strong><\/h1>\n<\/div><\/section><\/div>\n\n<\/div><\/div><\/main><!-- close content main element --><\/div><\/div><\/div><div id='av_section_2'  class='avia-section av-147rk1-9673bbddeca9904813628b848649b355 main_color avia-section-default avia-no-border-styling  avia-builder-el-3  el_after_av_section  avia-builder-el-last  avia-bg-style-scroll container_wrap fullsize'  ><div class='container av-section-cont-open' ><div class='template-page content  av-content-full alpha units'><div class='post-entry post-entry-type-page post-entry-5083'><div class='entry-content-wrapper clearfix'>\n\n<style type=\"text\/css\" data-created_by=\"avia_inline_auto\" id=\"style-css-av-xatd5-0c152240df03094febf602538d6ad078\">\n.flex_column.av-xatd5-0c152240df03094febf602538d6ad078{\nborder-radius:0px 0px 0px 0px;\npadding:0px 0px 0px 0px;\n}\n<\/style>\n<div  class='flex_column av-xatd5-0c152240df03094febf602538d6ad078 av_one_half  avia-builder-el-4  el_before_av_one_half  avia-builder-el-first  first flex_column_div av-animated-generic left-to-right av-zero-column-padding  '     ><section  class='av_textblock_section av-k8h1m6y9-f4765cdba2ecd4bcff6977d68e417f57 '   itemscope=\"itemscope\" itemtype=\"https:\/\/schema.org\/CreativeWork\" ><div class='avia_textblock'  itemprop=\"text\" ><p>La societ\u00e0 CreMan \u00e8 stata costituita fine 2002 da Marcel Blanken. Prima di allora Blanken aveva lavorato come direttore finanziario e come controller per grandi imprese internazionali.<\/p>\n<p>La sua esperienza nel campo della qualit\u00e0 e del servizio nel segmento del credit management hanno contribuito alla formula di CreMan. Il principio alla base del nostro servizio \u00e8 quello di poter soddisfare il committente in breve tempo con un piccolo team di collaboratori motivati. Cerchiamo di raggiungere questo risultato per mezzo di buona comunizione con i committenti, stando sempre ai patti, usando una struttura di remunerazione chiara e semplice e soprattutto soddisfando le esigenze dei nostri clienti. Inoltre vediamo come nostra sfida risolvere problemi complessi sui quali grava una controversia.<\/p>\n<\/div><\/section><\/div>\n<style type=\"text\/css\" data-created_by=\"avia_inline_auto\" id=\"style-css-av-2yach-f0f7d9ac89c25e7bb2e343871ab11aae\">\n.flex_column.av-2yach-f0f7d9ac89c25e7bb2e343871ab11aae{\nborder-radius:0px 0px 0px 0px;\npadding:0px 0px 0px 0px;\n}\n<\/style>\n<div  class='flex_column av-2yach-f0f7d9ac89c25e7bb2e343871ab11aae av_one_half  avia-builder-el-6  el_after_av_one_half  avia-builder-el-last  flex_column_div av-animated-generic right-to-left av-zero-column-padding  '     ><p><section  class='av_textblock_section av-k8h1m6y9-f4765cdba2ecd4bcff6977d68e417f57 '   itemscope=\"itemscope\" itemtype=\"https:\/\/schema.org\/CreativeWork\" ><div class='avia_textblock'  itemprop=\"text\" ><p>I nostri committenti possono variare da imprese mediograndi a grandi societ\u00e0 quotate in borsa. Ricevono da noi contatti fissi responsabili dei dossier in corso di trattamento. Anche durante una procedura giudiziaria noi restiamo sempre il vostro contatto. Inoltre potrete seguire i vostri dossier online e in tempo reale.<\/p>\n<p>\u00c8 nostro scopo migliorare insieme a voi le vostre attivit\u00e0 di credit management. Una nostra ambizione \u00e8 quella di essere il primo del settore. Vi ci impegniamo ogni giorno! Saremo lieti di spiegarvi il nostro approccio in un incontro personale. Se siamo riusciti a destare il vostro interesse nei nostri servizi, vi invitiamo a contattare il nostro ufficio al numero 0031 &#8211; 35 \u2013 539 55 66 o a scriverci un&#8217;e-mail.<\/p>\n<\/div><\/section><br \/>\n<div  class='avia-button-wrap av-k8ha5tmr-95c74346b9ecf49c852be6f40137da2d-wrap avia-button-left  avia-builder-el-8  el_after_av_textblock  avia-builder-el-last '><a href='mailto:info@creman.nl'  class='avia-button av-k8ha5tmr-95c74346b9ecf49c852be6f40137da2d av-link-btn avia-icon_select-no avia-size-medium avia-position-left avia-color-dark'   aria-label=\"Per mandare una mail\"><span class='avia_iconbox_title' >Per mandare una mail<\/span><\/a><\/div><\/p><\/div>\n\n","protected":false},"excerpt":{"rendered":"","protected":false},"author":5,"featured_media":0,"parent":0,"menu_order":0,"comment_status":"closed","ping_status":"closed","template":"","meta":{"_improvement_type_select":"improve_an_existing","_thumb_yes_seoaic":false,"_frame_yes_seoaic":false,"seoaic_generate_description":"","seoaic_improve_instructions_prompt":"","seoaic_rollback_content_improvement":"","seoaic_idea_thumbnail_generator":"","thumbnail_generated":false,"thumbnail_generate_prompt":"","seoaic_article_description":"","footnotes":""},"class_list":["post-5083","page","type-page","status-publish","hentry"],"yoast_head":"<!-- This site is optimized with the Yoast SEO plugin v27.3 - https:\/\/yoast.com\/product\/yoast-seo-wordpress\/ -->\n<title>Noi siamo creman - CREMAN | CREDIT MANAGEMENT &amp; INCASSO<\/title>\n<meta name=\"robots\" content=\"index, follow, max-snippet:-1, max-image-preview:large, max-video-preview:-1\" \/>\n<link rel=\"canonical\" href=\"https:\/\/creman.com\/it\/noi-siamo-creman\" \/>\n<meta property=\"og:locale\" content=\"it_IT\" \/>\n<meta property=\"og:type\" content=\"article\" \/>\n<meta property=\"og:title\" content=\"Noi siamo creman - CREMAN | CREDIT MANAGEMENT &amp; INCASSO\" \/>\n<meta property=\"og:url\" content=\"https:\/\/creman.com\/it\/noi-siamo-creman\" \/>\n<meta property=\"og:site_name\" content=\"CREMAN | CREDIT MANAGEMENT &amp; INCASSO\" \/>\n<meta property=\"article:modified_time\" content=\"2021-01-18T11:29:05+00:00\" \/>\n<meta name=\"twitter:card\" content=\"summary_large_image\" \/>\n<meta name=\"twitter:label1\" content=\"Tempo di lettura stimato\" \/>\n\t<meta name=\"twitter:data1\" content=\"5 minuti\" \/>\n<script type=\"application\/ld+json\" class=\"yoast-schema-graph\">{\"@context\":\"https:\\\/\\\/schema.org\",\"@graph\":[{\"@type\":\"WebPage\",\"@id\":\"https:\\\/\\\/creman.com\\\/it\\\/noi-siamo-creman\",\"url\":\"https:\\\/\\\/creman.com\\\/it\\\/noi-siamo-creman\",\"name\":\"Noi siamo creman - CREMAN | CREDIT MANAGEMENT &amp; INCASSO\",\"isPartOf\":{\"@id\":\"https:\\\/\\\/creman.com\\\/it#website\"},\"datePublished\":\"2021-01-14T10:59:19+00:00\",\"dateModified\":\"2021-01-18T11:29:05+00:00\",\"breadcrumb\":{\"@id\":\"https:\\\/\\\/creman.com\\\/it\\\/noi-siamo-creman#breadcrumb\"},\"inLanguage\":\"it-IT\",\"potentialAction\":[{\"@type\":\"ReadAction\",\"target\":[\"https:\\\/\\\/creman.com\\\/it\\\/noi-siamo-creman\"]}]},{\"@type\":\"BreadcrumbList\",\"@id\":\"https:\\\/\\\/creman.com\\\/it\\\/noi-siamo-creman#breadcrumb\",\"itemListElement\":[{\"@type\":\"ListItem\",\"position\":1,\"name\":\"Home\",\"item\":\"https:\\\/\\\/creman.com\\\/it\"},{\"@type\":\"ListItem\",\"position\":2,\"name\":\"Noi siamo creman\"}]},{\"@type\":\"WebSite\",\"@id\":\"https:\\\/\\\/creman.com\\\/it#website\",\"url\":\"https:\\\/\\\/creman.com\\\/it\",\"name\":\"CREMAN | CREDIT MANAGEMENT &amp; INCASSO\",\"description\":\"Incasso, jurridische diensten, debiteurenbeheer\",\"publisher\":{\"@id\":\"https:\\\/\\\/creman.com\\\/it#organization\"},\"potentialAction\":[{\"@type\":\"SearchAction\",\"target\":{\"@type\":\"EntryPoint\",\"urlTemplate\":\"https:\\\/\\\/creman.com\\\/it?s={search_term_string}\"},\"query-input\":{\"@type\":\"PropertyValueSpecification\",\"valueRequired\":true,\"valueName\":\"search_term_string\"}}],\"inLanguage\":\"it-IT\"},{\"@type\":\"Organization\",\"@id\":\"https:\\\/\\\/creman.com\\\/it#organization\",\"name\":\"CreMan B.V.\",\"url\":\"https:\\\/\\\/creman.com\\\/it\",\"logo\":{\"@type\":\"ImageObject\",\"inLanguage\":\"it-IT\",\"@id\":\"https:\\\/\\\/creman.com\\\/it#\\\/schema\\\/logo\\\/image\\\/\",\"url\":\"https:\\\/\\\/creman.com\\\/wp-content\\\/uploads\\\/2020\\\/11\\\/CreMan-Logo.png\",\"contentUrl\":\"https:\\\/\\\/creman.com\\\/wp-content\\\/uploads\\\/2020\\\/11\\\/CreMan-Logo.png\",\"width\":300,\"height\":43,\"caption\":\"CreMan B.V.\"},\"image\":{\"@id\":\"https:\\\/\\\/creman.com\\\/it#\\\/schema\\\/logo\\\/image\\\/\"},\"sameAs\":[\"https:\\\/\\\/www.linkedin.com\\\/company\\\/creman-debt-collection-agency\\\/\"]}]}<\/script>\n<!-- \/ Yoast SEO plugin. -->","yoast_head_json":{"title":"Noi siamo creman - CREMAN | CREDIT MANAGEMENT &amp; INCASSO","robots":{"index":"index","follow":"follow","max-snippet":"max-snippet:-1","max-image-preview":"max-image-preview:large","max-video-preview":"max-video-preview:-1"},"canonical":"https:\/\/creman.com\/it\/noi-siamo-creman","og_locale":"it_IT","og_type":"article","og_title":"Noi siamo creman - CREMAN | CREDIT MANAGEMENT &amp; INCASSO","og_url":"https:\/\/creman.com\/it\/noi-siamo-creman","og_site_name":"CREMAN | CREDIT MANAGEMENT &amp; INCASSO","article_modified_time":"2021-01-18T11:29:05+00:00","twitter_card":"summary_large_image","twitter_misc":{"Tempo di lettura stimato":"5 minuti"},"schema":{"@context":"https:\/\/schema.org","@graph":[{"@type":"WebPage","@id":"https:\/\/creman.com\/it\/noi-siamo-creman","url":"https:\/\/creman.com\/it\/noi-siamo-creman","name":"Noi siamo creman - CREMAN | CREDIT MANAGEMENT &amp; INCASSO","isPartOf":{"@id":"https:\/\/creman.com\/it#website"},"datePublished":"2021-01-14T10:59:19+00:00","dateModified":"2021-01-18T11:29:05+00:00","breadcrumb":{"@id":"https:\/\/creman.com\/it\/noi-siamo-creman#breadcrumb"},"inLanguage":"it-IT","potentialAction":[{"@type":"ReadAction","target":["https:\/\/creman.com\/it\/noi-siamo-creman"]}]},{"@type":"BreadcrumbList","@id":"https:\/\/creman.com\/it\/noi-siamo-creman#breadcrumb","itemListElement":[{"@type":"ListItem","position":1,"name":"Home","item":"https:\/\/creman.com\/it"},{"@type":"ListItem","position":2,"name":"Noi siamo creman"}]},{"@type":"WebSite","@id":"https:\/\/creman.com\/it#website","url":"https:\/\/creman.com\/it","name":"CREMAN | CREDIT MANAGEMENT &amp; INCASSO","description":"Incasso, jurridische diensten, debiteurenbeheer","publisher":{"@id":"https:\/\/creman.com\/it#organization"},"potentialAction":[{"@type":"SearchAction","target":{"@type":"EntryPoint","urlTemplate":"https:\/\/creman.com\/it?s={search_term_string}"},"query-input":{"@type":"PropertyValueSpecification","valueRequired":true,"valueName":"search_term_string"}}],"inLanguage":"it-IT"},{"@type":"Organization","@id":"https:\/\/creman.com\/it#organization","name":"CreMan B.V.","url":"https:\/\/creman.com\/it","logo":{"@type":"ImageObject","inLanguage":"it-IT","@id":"https:\/\/creman.com\/it#\/schema\/logo\/image\/","url":"https:\/\/creman.com\/wp-content\/uploads\/2020\/11\/CreMan-Logo.png","contentUrl":"https:\/\/creman.com\/wp-content\/uploads\/2020\/11\/CreMan-Logo.png","width":300,"height":43,"caption":"CreMan B.V."},"image":{"@id":"https:\/\/creman.com\/it#\/schema\/logo\/image\/"},"sameAs":["https:\/\/www.linkedin.com\/company\/creman-debt-collection-agency\/"]}]}},"_links":{"self":[{"href":"https:\/\/creman.com\/it\/wp-json\/wp\/v2\/pages\/5083","targetHints":{"allow":["GET"]}}],"collection":[{"href":"https:\/\/creman.com\/it\/wp-json\/wp\/v2\/pages"}],"about":[{"href":"https:\/\/creman.com\/it\/wp-json\/wp\/v2\/types\/page"}],"author":[{"embeddable":true,"href":"https:\/\/creman.com\/it\/wp-json\/wp\/v2\/users\/5"}],"replies":[{"embeddable":true,"href":"https:\/\/creman.com\/it\/wp-json\/wp\/v2\/comments?post=5083"}],"version-history":[{"count":4,"href":"https:\/\/creman.com\/it\/wp-json\/wp\/v2\/pages\/5083\/revisions"}],"predecessor-version":[{"id":5272,"href":"https:\/\/creman.com\/it\/wp-json\/wp\/v2\/pages\/5083\/revisions\/5272"}],"wp:attachment":[{"href":"https:\/\/creman.com\/it\/wp-json\/wp\/v2\/media?parent=5083"}],"curies":[{"name":"wp","href":"https:\/\/api.w.org\/{rel}","templated":true}]}}